{"id":2083,"date":"2018-06-27T12:53:07","date_gmt":"2018-06-27T16:53:07","guid":{"rendered":"https:\/\/costabrazil.com\/servicos\/"},"modified":"2018-06-27T19:15:16","modified_gmt":"2018-06-27T23:15:16","slug":"servicos","status":"publish","type":"page","link":"https:\/\/costabrazil.com\/pt-br\/servicos\/","title":{"rendered":"Servi\u00e7os"},"content":{"rendered":"<p>[vc_row][vc_column][vc_single_image image=&#8221;1879&#8243; img_size=&#8221;full&#8221; alignment=&#8221;center&#8221;]<div id=\"ultimate-heading-737369ded9c093fd5\" class=\"uvc-heading ult-adjust-bottom-margin ultimate-heading-737369ded9c093fd5 uvc-6600 \" data-hspacer=\"no_spacer\"  data-halign=\"center\" style=\"text-align:center\"><div class=\"uvc-heading-spacer no_spacer\" style=\"top\"><\/div><div class=\"uvc-sub-heading ult-responsive\"  data-ultimate-target='.uvc-heading.ultimate-heading-737369ded9c093fd5 .uvc-sub-heading '  data-responsive-json-new='{\"font-size\":\"desktop:18px;\",\"line-height\":\"\"}'  style=\"font-weight:normal;\"><\/p>\n<div>\n<p>Vivemos e respiramos todos os dias pesquisando, gerenciando, organizando e negociando as melhores tarifas a\u00e9reas e tarifas de hotel. Conhecemos todos os melhores lugares para ficar e \/ ou visitar em todo o mundo &#8211; adoramos colecionar dicas de viagem exclusivas para cada destino.<\/p>\n<\/div>\n<p><\/div><\/div>[\/vc_column][\/vc_row][vc_row gap=&#8221;30&#8243; equal_height=&#8221;yes&#8221; type=&#8221;vc_default&#8221; el_class=&#8221;custom-columns-gap&#8221; css=&#8221;.vc_custom_1524078209042{margin-top: -15px !important;margin-bottom: 20px !important;padding-right: 25px !important;padding-left: 25px !important;}&#8221;][vc_column width=&#8221;1\/2&#8243; offset=&#8221;vc_col-lg-4 vc_col-md-6 vc_col-xs-12&#8243; css=&#8221;.vc_custom_1471329811930{padding-top: 0px !important;padding-right: 0px !important;padding-bottom: 0px !important;padding-left: 0px !important;background-color: #f4f4f4 !important;}&#8221;]<div class=\"ult-content-box-container \" >\t\t<div class=\"ult-content-box\" style=\"box-shadow: px px px px #f7f7f7 none;padding:30px;-webkit-transition: all 700ms ease;-moz-transition: all 700ms ease;-ms-transition: all 700ms ease;-o-transition: all 700ms ease;transition: all 700ms ease;\"  data-hover_box_shadow=\"none\"    ><div class=\"aio-icon-component    style_2\"><div id=\"Info-box-wrap-2151\" class=\"aio-icon-box top-icon\" style=\"\"  ><div class=\"aio-icon-top\"><div class=\"ult-just-icon-wrapper  \"><div class=\"align-icon\" style=\"text-align:center;\">\n<div class=\"aio-icon none \"  style=\"color:#253370;font-size:40px;display:inline-block;\">\n\t<i class=\"Defaults-home\"><\/i>\n<\/div><\/div><\/div><\/div><div class=\"aio-icon-header\" ><a class=\"aio-icon-box-link\" href=\"\/services\/vacation-homes\/\" ><h3 class=\"aio-icon-title ult-responsive\"  data-ultimate-target='#Info-box-wrap-2151 .aio-icon-title'  data-responsive-json-new='{\"font-size\":\"\",\"line-height\":\"\"}'  style=\"\">Casas de F\u00e9rias<\/h3><\/a><\/div> <!-- header --><div class=\"aio-icon-description ult-responsive\"  data-ultimate-target='#Info-box-wrap-2151 .aio-icon-description'  data-responsive-json-new='{\"font-size\":\"\",\"line-height\":\"\"}'  style=\"\">Temos em nosso portfolio as melhores propriedades de f\u00e9rias da Disney.<\/div> <!-- description --><\/div> <!-- aio-icon-box --><\/div> <!-- aio-icon-component --><div class=\" vc_custom_1530138072909 ubtn-ctn-center \"><a class=\"ubtn-link ult-adjust-bottom-margin ubtn-center ubtn-custom \" href=\"https:\/\/costabrazil.com\/pt-br\/servicos\/aluguel-de-carro\/\" ><button type=\"button\" id=\"ubtn-9681\"  class=\"ubtn ult-adjust-bottom-margin ult-responsive ubtn-custom ubtn-fade-bg  none  ubtn-center   tooltip-69ded9c094392\"  data-hover=\"#ffffff\" data-border-color=\"#253370\" data-bg=\"rgba(255,255,255,0.01)\" data-hover-bg=\"#253370\" data-border-hover=\"#253370\" data-shadow-hover=\"\" data-shadow-click=\"none\" data-shadow=\"\" data-shd-shadow=\"\"  data-ultimate-target='#ubtn-9681'  data-responsive-json-new='{\"font-size\":\"desktop:12px;\",\"line-height\":\"desktop:12px;\"}'  style=\"font-family:&#039;Montserrat&#039;;font-weight:normal;font-style:normal;width:px;min-height:34px;padding:5px 12px;border-radius:0px;border-width:2px;border-color:#253370;border-style:solid;background: rgba(255,255,255,0.01);color: #2b6fac;\"><span class=\"ubtn-hover\" style=\"background-color:#253370\"><\/span><span class=\"ubtn-data ubtn-text \" >Veja Detalhes<\/span><\/button><\/a><\/div>\t\t<\/div><\/div>[\/vc_column][vc_column width=&#8221;1\/2&#8243; offset=&#8221;vc_col-lg-4 vc_col-md-6 vc_col-xs-12&#8243; css=&#8221;.vc_custom_1462348233869{padding-top: 0px !important;padding-right: 0px !important;padding-bottom: 0px !important;padding-left: 0px !important;background-color: #f4f4f4 !important;}&#8221;]<div class=\"ult-content-box-container \" >\t\t<div class=\"ult-content-box\" style=\"box-shadow: px px px px #f7f7f7 none;padding:30px;-webkit-transition: all 700ms ease;-moz-transition: all 700ms ease;-ms-transition: all 700ms ease;-o-transition: all 700ms ease;transition: all 700ms ease;\"  data-hover_box_shadow=\" 2px 2px 1px 1px #f7f7f7 \"    ><div class=\"aio-icon-component    style_2\"><div id=\"Info-box-wrap-7082\" class=\"aio-icon-box top-icon\" style=\"\"  ><div class=\"aio-icon-top\"><div class=\"ult-just-icon-wrapper  \"><div class=\"align-icon\" style=\"text-align:center;\">\n<div class=\"aio-icon none \"  style=\"color:#253370;font-size:40px;display:inline-block;\">\n\t<i class=\"Defaults-ticket\"><\/i>\n<\/div><\/div><\/div><\/div><div class=\"aio-icon-header\" ><a class=\"aio-icon-box-link\" href=\"\/services\/theme-parks-tickets\/\" ><h3 class=\"aio-icon-title ult-responsive\"  data-ultimate-target='#Info-box-wrap-7082 .aio-icon-title'  data-responsive-json-new='{\"font-size\":\"\",\"line-height\":\"\"}'  style=\"\">Ingressos para Parques Tem\u00e1ticos<\/h3><\/a><\/div> <!-- header --><div class=\"aio-icon-description ult-responsive\"  data-ultimate-target='#Info-box-wrap-7082 .aio-icon-description'  data-responsive-json-new='{\"font-size\":\"\",\"line-height\":\"\"}'  style=\"\">Ingressos para todos os parques tem\u00e1ticos de Orlando.<\/div> <!-- description --><\/div> <!-- aio-icon-box --><\/div> <!-- aio-icon-component --><div class=\" vc_custom_1530138083964 ubtn-ctn-center \"><a class=\"ubtn-link ult-adjust-bottom-margin ubtn-center ubtn-custom \" href=\"https:\/\/costabrazil.com\/pt-br\/servicos\/ingressos-de-parques-tematicos\/\" ><button type=\"button\" id=\"ubtn-1354\"  class=\"ubtn ult-adjust-bottom-margin ult-responsive ubtn-custom ubtn-fade-bg  none  ubtn-center   tooltip-69ded9c0945fc\"  data-hover=\"#ffffff\" data-border-color=\"#253370\" data-bg=\"rgba(255,255,255,0.01)\" data-hover-bg=\"#253370\" data-border-hover=\"#253370\" data-shadow-hover=\"\" data-shadow-click=\"none\" data-shadow=\"\" data-shd-shadow=\"\"  data-ultimate-target='#ubtn-1354'  data-responsive-json-new='{\"font-size\":\"desktop:12px;\",\"line-height\":\"desktop:12px;\"}'  style=\"font-family:&#039;Montserrat&#039;;font-weight:normal;font-style:normal;width:px;min-height:34px;padding:5px 12px;border-radius:0px;border-width:2px;border-color:#253370;border-style:solid;background: rgba(255,255,255,0.01);color: #2b6fac;\"><span class=\"ubtn-hover\" style=\"background-color:#253370\"><\/span><span class=\"ubtn-data ubtn-text \" >Veja Detalhes<\/span><\/button><\/a><\/div>\t\t<\/div><\/div>[\/vc_column][vc_column width=&#8221;1\/2&#8243; offset=&#8221;vc_col-lg-4 vc_col-md-6 vc_col-xs-12&#8243; css=&#8221;.vc_custom_1462348241578{padding-top: 0px !important;padding-right: 0px !important;padding-bottom: 0px !important;padding-left: 0px !important;background-color: #f4f4f4 !important;}&#8221;]<div class=\"ult-content-box-container \" >\t\t<div class=\"ult-content-box\" style=\"box-shadow: px px px px #f7f7f7 none;padding:30px;-webkit-transition: all 700ms ease;-moz-transition: all 700ms ease;-ms-transition: all 700ms ease;-o-transition: all 700ms ease;transition: all 700ms ease;\"  data-hover_box_shadow=\"none\"    ><div class=\"aio-icon-component    style_2\"><div id=\"Info-box-wrap-9891\" class=\"aio-icon-box top-icon\" style=\"\"  ><div class=\"aio-icon-top\"><div class=\"ult-just-icon-wrapper  \"><div class=\"align-icon\" style=\"text-align:center;\">\n<div class=\"aio-icon none \"  style=\"color:#253370;font-size:40px;display:inline-block;\">\n\t<i class=\"Defaults-plane\"><\/i>\n<\/div><\/div><\/div><\/div><div class=\"aio-icon-header\" ><a class=\"aio-icon-box-link\" href=\"\/services\/air-tickets\/\" ><h3 class=\"aio-icon-title ult-responsive\"  data-ultimate-target='#Info-box-wrap-9891 .aio-icon-title'  data-responsive-json-new='{\"font-size\":\"\",\"line-height\":\"\"}'  style=\"\">Passagens A\u00e9reas<\/h3><\/a><\/div> <!-- header --><div class=\"aio-icon-description ult-responsive\"  data-ultimate-target='#Info-box-wrap-9891 .aio-icon-description'  data-responsive-json-new='{\"font-size\":\"\",\"line-height\":\"\"}'  style=\"\">A maior ag\u00eancia de viagens em vendas de passagens a\u00e9reas para o Brasil.<\/div> <!-- description --><\/div> <!-- aio-icon-box --><\/div> <!-- aio-icon-component --><div class=\" vc_custom_1530138095658 ubtn-ctn-center \"><a class=\"ubtn-link ult-adjust-bottom-margin ubtn-center ubtn-custom \" href=\"https:\/\/costabrazil.com\/pt-br\/servicos\/passagens-aereas\/\" ><button type=\"button\" id=\"ubtn-5628\"  class=\"ubtn ult-adjust-bottom-margin ult-responsive ubtn-custom ubtn-fade-bg  none  ubtn-center   tooltip-69ded9c0947f0\"  data-hover=\"#ffffff\" data-border-color=\"#253370\" data-bg=\"rgba(255,255,255,0.01)\" data-hover-bg=\"#253370\" data-border-hover=\"#253370\" data-shadow-hover=\"\" data-shadow-click=\"none\" data-shadow=\"\" data-shd-shadow=\"\"  data-ultimate-target='#ubtn-5628'  data-responsive-json-new='{\"font-size\":\"desktop:12px;\",\"line-height\":\"desktop:12px;\"}'  style=\"font-family:&#039;Montserrat&#039;;font-weight:normal;font-style:normal;width:px;min-height:34px;padding:5px 12px;border-radius:0px;border-width:2px;border-color:#253370;border-style:solid;background: rgba(255,255,255,0.01);color: #2b6fac;\"><span class=\"ubtn-hover\" style=\"background-color:#253370\"><\/span><span class=\"ubtn-data ubtn-text \" >Veja Detalhes<\/span><\/button><\/a><\/div>\t\t<\/div><\/div>[\/vc_column][vc_column width=&#8221;1\/2&#8243; offset=&#8221;vc_col-lg-4 vc_col-md-6 vc_col-xs-12&#8243; css=&#8221;.vc_custom_1462348284772{padding-top: 0px !important;padding-right: 0px !important;padding-bottom: 0px !important;padding-left: 0px !important;background-color: #f4f4f4 !important;}&#8221;]<div class=\"ult-content-box-container \" >\t\t<div class=\"ult-content-box\" style=\"box-shadow: px px px px #f7f7f7 none;padding:30px;-webkit-transition: all 700ms ease;-moz-transition: all 700ms ease;-ms-transition: all 700ms ease;-o-transition: all 700ms ease;transition: all 700ms ease;\"  data-hover_box_shadow=\"none\"    ><div class=\"aio-icon-component    style_2\"><div id=\"Info-box-wrap-9561\" class=\"aio-icon-box top-icon\" style=\"\"  ><div class=\"aio-icon-top\"><div class=\"ult-just-icon-wrapper  \"><div class=\"align-icon\" style=\"text-align:center;\">\n<div class=\"aio-icon none \"  style=\"color:#253370;font-size:40px;display:inline-block;\">\n\t<i class=\"Defaults-ship\"><\/i>\n<\/div><\/div><\/div><\/div><div class=\"aio-icon-header\" ><a class=\"aio-icon-box-link\" href=\"\/cruises\/\" ><h3 class=\"aio-icon-title ult-responsive\"  data-ultimate-target='#Info-box-wrap-9561 .aio-icon-title'  data-responsive-json-new='{\"font-size\":\"\",\"line-height\":\"\"}'  style=\"\">Linhas de Cruzeiros<\/h3><\/a><\/div> <!-- header --><div class=\"aio-icon-description ult-responsive\"  data-ultimate-target='#Info-box-wrap-9561 .aio-icon-description'  data-responsive-json-new='{\"font-size\":\"\",\"line-height\":\"\"}'  style=\"\">Se voc\u00ea est\u00e1 procurando os melhores cruzeiros com o melhor pre\u00e7o para fazer sua viagem de navio, voc\u00ea encontrou a ag\u00eancia certa.<\/div> <!-- description --><\/div> <!-- aio-icon-box --><\/div> <!-- aio-icon-component --><div class=\" vc_custom_1530138110876 ubtn-ctn-center \"><a class=\"ubtn-link ult-adjust-bottom-margin ubtn-center ubtn-custom \" href=\"https:\/\/costabrazil.com\/pt-br\/cruzeiros\/\" ><button type=\"button\" id=\"ubtn-4161\"  class=\"ubtn ult-adjust-bottom-margin ult-responsive ubtn-custom ubtn-fade-bg  none  ubtn-center   tooltip-69ded9c0949c7\"  data-hover=\"#ffffff\" data-border-color=\"#253370\" data-bg=\"rgba(255,255,255,0.01)\" data-hover-bg=\"#253370\" data-border-hover=\"#253370\" data-shadow-hover=\"\" data-shadow-click=\"none\" data-shadow=\"\" data-shd-shadow=\"\"  data-ultimate-target='#ubtn-4161'  data-responsive-json-new='{\"font-size\":\"desktop:12px;\",\"line-height\":\"desktop:12px;\"}'  style=\"font-family:&#039;Montserrat&#039;;font-weight:normal;font-style:normal;width:px;min-height:34px;padding:5px 12px;border-radius:0px;border-width:2px;border-color:#253370;border-style:solid;background: rgba(255,255,255,0.01);color: #2b6fac;\"><span class=\"ubtn-hover\" style=\"background-color:#253370\"><\/span><span class=\"ubtn-data ubtn-text \" >Veja Detalhes<\/span><\/button><\/a><\/div>\t\t<\/div><\/div>[\/vc_column][vc_column width=&#8221;1\/2&#8243; css=&#8221;.vc_custom_1462347545128{padding-top: 0px !important;padding-right: 0px !important;padding-bottom: 0px !important;padding-left: 0px !important;background-color: #f4f4f4 !important;}&#8221; offset=&#8221;vc_col-lg-4&#8243;]<div class=\"ult-content-box-container \" >\t\t<div class=\"ult-content-box\" style=\"box-shadow: px px px px #f7f7f7 none;padding:30px;-webkit-transition: all 700ms ease;-moz-transition: all 700ms ease;-ms-transition: all 700ms ease;-o-transition: all 700ms ease;transition: all 700ms ease;\"  data-hover_box_shadow=\"none\"    ><div class=\"aio-icon-component    style_2\"><div id=\"Info-box-wrap-2303\" class=\"aio-icon-box top-icon\" style=\"\"  ><div class=\"aio-icon-top\"><div class=\"ult-just-icon-wrapper  \"><div class=\"align-icon\" style=\"text-align:center;\">\n<div class=\"aio-icon none \"  style=\"color:#253370;font-size:40px;display:inline-block;\">\n\t<i class=\"Defaults-bed hotel\"><\/i>\n<\/div><\/div><\/div><\/div><div class=\"aio-icon-header\" ><a class=\"aio-icon-box-link\" href=\"\/services\/hotels-booking\/\" ><h3 class=\"aio-icon-title ult-responsive\"  data-ultimate-target='#Info-box-wrap-2303 .aio-icon-title'  data-responsive-json-new='{\"font-size\":\"\",\"line-height\":\"\"}'  style=\"\">Hot\u00e9is no Mundo inteiro<\/h3><\/a><\/div> <!-- header --><div class=\"aio-icon-description ult-responsive\"  data-ultimate-target='#Info-box-wrap-2303 .aio-icon-description'  data-responsive-json-new='{\"font-size\":\"\",\"line-height\":\"\"}'  style=\"\">Temos um extenso portf\u00f3lio de hot\u00e9is, com mais de cento e oitenta mil destinos diferentes em todos os continentes.<\/div> <!-- description --><\/div> <!-- aio-icon-box --><\/div> <!-- aio-icon-component --><div class=\" vc_custom_1530138121641 ubtn-ctn-center \"><a class=\"ubtn-link ult-adjust-bottom-margin ubtn-center ubtn-custom \" href=\"https:\/\/costabrazil.com\/pt-br\/servicos\/reservas-de-hoteis\/\" ><button type=\"button\" id=\"ubtn-1447\"  class=\"ubtn ult-adjust-bottom-margin ult-responsive ubtn-custom ubtn-fade-bg  none  ubtn-center   tooltip-69ded9c094bf6\"  data-hover=\"#ffffff\" data-border-color=\"#253370\" data-bg=\"rgba(255,255,255,0.01)\" data-hover-bg=\"#253370\" data-border-hover=\"#253370\" data-shadow-hover=\"\" data-shadow-click=\"none\" data-shadow=\"\" data-shd-shadow=\"\"  data-ultimate-target='#ubtn-1447'  data-responsive-json-new='{\"font-size\":\"desktop:12px;\",\"line-height\":\"desktop:12px;\"}'  style=\"font-family:&#039;Montserrat&#039;;font-weight:normal;font-style:normal;width:px;min-height:34px;padding:5px 12px;border-radius:0px;border-width:2px;border-color:#253370;border-style:solid;background: rgba(255,255,255,0.01);color: #2b6fac;\"><span class=\"ubtn-hover\" style=\"background-color:#253370\"><\/span><span class=\"ubtn-data ubtn-text \" >Veja Detalhes<\/span><\/button><\/a><\/div>\t\t<\/div><\/div>[\/vc_column][vc_column width=&#8221;1\/2&#8243; css=&#8221;.vc_custom_1462347249217{padding-top: 0px !important;padding-right: 0px !important;padding-bottom: 0px !important;padding-left: 0px !important;background-color: #f4f4f4 !important;}&#8221; offset=&#8221;vc_col-lg-4&#8243;]<div class=\"ult-content-box-container \" >\t\t<div class=\"ult-content-box\" style=\"box-shadow: px px px px #f7f7f7 none;padding:30px;-webkit-transition: all 700ms ease;-moz-transition: all 700ms ease;-ms-transition: all 700ms ease;-o-transition: all 700ms ease;transition: all 700ms ease;\"  data-hover_box_shadow=\"none\"    ><div class=\"aio-icon-component    style_2\"><div id=\"Info-box-wrap-7383\" class=\"aio-icon-box top-icon\" style=\"\"  ><div class=\"aio-icon-top\"><div class=\"ult-just-icon-wrapper  \"><div class=\"align-icon\" style=\"text-align:center;\">\n<div class=\"aio-icon none \"  style=\"color:#253370;font-size:40px;display:inline-block;\">\n\t<i class=\"Defaults-automobile car\"><\/i>\n<\/div><\/div><\/div><\/div><div class=\"aio-icon-header\" ><a class=\"aio-icon-box-link\" href=\"\/services\/rent-a-car\/\" ><h3 class=\"aio-icon-title ult-responsive\"  data-ultimate-target='#Info-box-wrap-7383 .aio-icon-title'  data-responsive-json-new='{\"font-size\":\"\",\"line-height\":\"\"}'  style=\"\">Aluguel de carros<\/h3><\/a><\/div> <!-- header --><div class=\"aio-icon-description ult-responsive\"  data-ultimate-target='#Info-box-wrap-7383 .aio-icon-description'  data-responsive-json-new='{\"font-size\":\"\",\"line-height\":\"\"}'  style=\"\">Temos aluguel de carros com pre\u00e7os especiais para turistas, com os melhores pre\u00e7os para aluguel de carros por uma semana ou mais.<\/div> <!-- description --><\/div> <!-- aio-icon-box --><\/div> <!-- aio-icon-component --><div class=\" vc_custom_1530138132526 ubtn-ctn-center \"><a class=\"ubtn-link ult-adjust-bottom-margin ubtn-center ubtn-custom \" href=\"https:\/\/costabrazil.com\/pt-br\/servicos\/aluguel-de-carro\/\" ><button type=\"button\" id=\"ubtn-6611\"  class=\"ubtn ult-adjust-bottom-margin ult-responsive ubtn-custom ubtn-fade-bg  none  ubtn-center   tooltip-69ded9c094e01\"  data-hover=\"#ffffff\" data-border-color=\"#253370\" data-bg=\"rgba(255,255,255,0.01)\" data-hover-bg=\"#253370\" data-border-hover=\"#253370\" data-shadow-hover=\"\" data-shadow-click=\"none\" data-shadow=\"\" data-shd-shadow=\"\"  data-ultimate-target='#ubtn-6611'  data-responsive-json-new='{\"font-size\":\"desktop:12px;\",\"line-height\":\"desktop:12px;\"}'  style=\"font-family:&#039;Montserrat&#039;;font-weight:normal;font-style:normal;width:px;min-height:34px;padding:5px 12px;border-radius:0px;border-width:2px;border-color:#253370;border-style:solid;background: rgba(255,255,255,0.01);color: #2b6fac;\"><span class=\"ubtn-hover\" style=\"background-color:#253370\"><\/span><span class=\"ubtn-data ubtn-text \" >Veja Detalhes<\/span><\/button><\/a><\/div>\t\t<\/div><\/div>[\/vc_column][\/vc_row][vc_row full_width=&#8221;stretch_row&#8221; equal_height=&#8221;yes&#8221; content_placement=&#8221;middle&#8221; bg_type=&#8221;image&#8221; parallax_style=&#8221;vcpb-default&#8221; bg_image_new=&#8221;id^821|url^https:\/\/costabrazil.com\/wp-content\/uploads\/2018\/04\/banner_1920x800_04.jpg|caption^null|alt^null|title^banner_1920x800_04|description^null&#8221; css=&#8221;.vc_custom_1530119198956{margin-top: 30px !important;padding-top: 40px !important;padding-bottom: 40px !important;}&#8221;][vc_column width=&#8221;2\/3&#8243;][vc_row_inner][vc_column_inner]<div id=\"ultimate-heading-337269ded9c094ebf\" class=\"uvc-heading ult-adjust-bottom-margin ultimate-heading-337269ded9c094ebf uvc-6599 \" data-hspacer=\"no_spacer\"  data-halign=\"left\" style=\"text-align:left\"><div class=\"uvc-heading-spacer no_spacer\" style=\"top\"><\/div><div class=\"uvc-main-heading ult-responsive\"  data-ultimate-target='.uvc-heading.ultimate-heading-337269ded9c094ebf h2'  data-responsive-json-new='{\"font-size\":\"desktop:30px;\",\"line-height\":\"desktop:40px;\"}' ><h2 style=\"font-weight:normal;color:#ffffff;margin-bottom:10px;\">Fale com seu agente agora mesmo!<\/h2><\/div><div class=\"uvc-sub-heading ult-responsive\"  data-ultimate-target='.uvc-heading.ultimate-heading-337269ded9c094ebf .uvc-sub-heading '  data-responsive-json-new='{\"font-size\":\"desktop:17px;\",\"line-height\":\"desktop:27px;\"}'  style=\"font-weight:normal;color:#ffffff;\"><\/p>\n<div>\n<p class=\"sharedcontent\">Nossa equipe \u00e9 altamente treinada e qualificada para atender \u00e0s suas necessidades e oferecer um pacote de viagem personalizado de acordo com seus desejos e or\u00e7amento.<\/p>\n<\/div>\n<p><\/div><\/div>[\/vc_column_inner][\/vc_row_inner][\/vc_column][vc_column width=&#8221;1\/3&#8243;]<div class=\" vc_custom_1530119067968 ubtn-ctn-right \"><a class=\"ubtn-link ult-adjust-bottom-margin ubtn-right ubtn-custom \" href=\"https:\/\/costabrazil.com\/pt-br\/nossa-empresa\/nossa-equipe\/\" ><button type=\"button\" id=\"ubtn-1265\"  class=\"ubtn ult-adjust-bottom-margin ult-responsive ubtn-custom ubtn-fade-bg  none  ubtn-right   tooltip-69ded9c094f20\"  data-hover=\"#2b6fac\" data-border-color=\"#ffffff\" data-bg=\"rgba(255,255,255,0.01)\" data-hover-bg=\"#ffffff\" data-border-hover=\"#ffffff\" data-shadow-hover=\"\" data-shadow-click=\"none\" data-shadow=\"\" data-shd-shadow=\"\"  data-ultimate-target='#ubtn-1265'  data-responsive-json-new='{\"font-size\":\"desktop:20px;\",\"line-height\":\"desktop:20px;\"}'  style=\"font-family:&#039;Montserrat&#039;;font-weight:normal;width:px;min-height:38px;padding:15px 25px;border-radius:0px;border-width:4px;border-color:#ffffff;border-style:solid;background: rgba(255,255,255,0.01);color: #ffffff;\"><span class=\"ubtn-hover\" style=\"background-color:#ffffff\"><\/span><span class=\"ubtn-data ubtn-text \" >ENCONTRE UM AGENTE<\/span><\/button><\/a><\/div>[\/vc_column][\/vc_row]<\/p>\n","protected":false},"excerpt":{"rendered":"<p>[vc_row][vc_column][vc_single_image image=&#8221;1879&#8243; img_size=&#8221;full&#8221; alignment=&#8221;center&#8221;][\/vc_column][\/vc_row][vc_row gap=&#8221;30&#8243; equal_height=&#8221;yes&#8221; type=&#8221;vc_default&#8221; el_class=&#8221;custom-columns-gap&#8221; css=&#8221;.vc_custom_1524078209042{margin-top: -15px !important;margin-bottom: 20px !important;padding-right: 25px !important;padding-left: 25px !important;}&#8221;][vc_column width=&#8221;1\/2&#8243; offset=&#8221;vc_col-lg-4 vc_col-md-6 vc_col-xs-12&#8243; css=&#8221;.vc_custom_1471329811930{padding-top: 0px !important;padding-right: 0px !important;padding-bottom: 0px !important;padding-left: 0px !important;background-color: #f4f4f4 !important;}&#8221;][\/vc_column][vc_column width=&#8221;1\/2&#8243; offset=&#8221;vc_col-lg-4 vc_col-md-6 vc_col-xs-12&#8243; css=&#8221;.vc_custom_1462348233869{padding-top: 0px !important;padding-right: 0px !important;padding-bottom: 0px !important;padding-left: 0px !important;background-color: #f4f4f4 !important;}&#8221;][\/vc_column][vc_column width=&#8221;1\/2&#8243; offset=&#8221;vc_col-lg-4 vc_col-md-6 vc_col-xs-12&#8243; css=&#8221;.vc_custom_1462348241578{padding-top: 0px !important;padding-right: 0px&hellip;<\/p>\n","protected":false},"author":1,"featured_media":0,"parent":0,"menu_order":5,"comment_status":"closed","ping_status":"closed","template":"","meta":[],"_links":{"self":[{"href":"https:\/\/costabrazil.com\/pt-br\/wp-json\/wp\/v2\/pages\/2083\/"}],"collection":[{"href":"https:\/\/costabrazil.com\/pt-br\/wp-json\/wp\/v2\/pages\/"}],"about":[{"href":"https:\/\/costabrazil.com\/pt-br\/wp-json\/wp\/v2\/types\/page\/"}],"author":[{"embeddable":true,"href":"https:\/\/costabrazil.com\/pt-br\/wp-json\/wp\/v2\/users\/1\/"}],"replies":[{"embeddable":true,"href":"https:\/\/costabrazil.com\/pt-br\/wp-json\/wp\/v2\/comments\/?post=2083"}],"version-history":[{"count":5,"href":"https:\/\/costabrazil.com\/pt-br\/wp-json\/wp\/v2\/pages\/2083\/revisions\/"}],"predecessor-version":[{"id":2297,"href":"https:\/\/costabrazil.com\/pt-br\/wp-json\/wp\/v2\/pages\/2083\/revisions\/2297\/"}],"wp:attachment":[{"href":"https:\/\/costabrazil.com\/pt-br\/wp-json\/wp\/v2\/media\/?parent=2083"}],"curies":[{"name":"wp","href":"https:\/\/api.w.org\/{rel}","templated":true}]}}