{"id":2067,"date":"2018-06-27T12:18:53","date_gmt":"2018-06-27T16:18:53","guid":{"rendered":"https:\/\/costabrazil.com\/nossa-empresa\/historia-da-empresa\/"},"modified":"2018-06-27T19:12:43","modified_gmt":"2018-06-27T23:12:43","slug":"historia-da-empresa","status":"publish","type":"page","link":"https:\/\/costabrazil.com\/pt-br\/nossa-empresa\/historia-da-empresa\/","title":{"rendered":"Hist\u00f3ria da Empresa"},"content":{"rendered":"<p>[vc_row type=&#8221;vc_default&#8221; css=&#8221;.vc_custom_1474222724005{padding-bottom: 50px !important;}&#8221;][vc_column width=&#8221;1\/2&#8243; css=&#8221;.vc_custom_1474222710160{padding-bottom: 30px !important;}&#8221;][vc_row_inner][vc_column_inner offset=&#8221;vc_hidden-lg vc_hidden-md vc_hidden-sm vc_col-xs-12&#8243;][vc_single_image image=&#8221;1549&#8243; img_size=&#8221;700&#215;500&#8243; css=&#8221;.vc_custom_1525353675095{margin-bottom: 30px !important;}&#8221;][\/vc_column_inner][\/vc_row_inner][vc_single_image image=&#8221;2283&#8243; img_size=&#8221;full&#8221;][vc_column_text css=&#8221;.vc_custom_1524064759724{margin-bottom: 30px !important;}&#8221;]Estabelecida desde 1992, a Costa Brazil \u00e9 uma operadora e consolidadora de servi\u00e7os completos. Hoje estamos no top cinco melhores ag\u00eancias de viagens nos Estados Unidos para o mercado brasileiro, isso devido a nossa constante melhoria de processos e monitoramento de qualidade, visando uma completa satisfa\u00e7\u00e3o do cliente. A cada ano aumentamos nossa base de clientes e participa\u00e7\u00e3o de mercado. A experi\u00eancia adquirida em mais de 25 anos na ind\u00fastria de viagens permite que tenhamos este crescimento solido e natural.<\/p>\n<p>A Costa Brazil tem um relacionamento cada vez maior com todas as companhias a\u00e9reas, hot\u00e9is, locadoras de ve\u00edculos, linhas de cruzeiros, gra\u00e7as a nossos acordos exclusivos, podemos oferecer \u00f3timos neg\u00f3cios a pre\u00e7os muito vantajosos.[\/vc_column_text][\/vc_column][vc_column width=&#8221;1\/2&#8243; css=&#8221;.vc_custom_1474222717556{padding-bottom: 30px !important;}&#8221; offset=&#8221;vc_hidden-xs&#8221;][vc_single_image image=&#8221;1549&#8243; img_size=&#8221;1200&#215;900&#8243; style=&#8221;vc_box_shadow_border&#8221; css_animation=&#8221;fadeInRight&#8221;][\/vc_column][\/vc_row][vc_row full_width=&#8221;stretch_row&#8221; bg_type=&#8221;image&#8221; parallax_style=&#8221;vcpb-default&#8221; bg_image_new=&#8221;id^817|url^https:\/\/costabrazil.com\/wp-content\/uploads\/2018\/04\/banner_1920x650_04.jpg|caption^null|alt^null|title^banner_1920x650_04|description^null&#8221; bg_image_repeat=&#8221;no-repeat&#8221; bg_override=&#8221;ex-full&#8221; type=&#8221;vc_default&#8221; css=&#8221;.vc_custom_1524079573208{padding-top: 0px !important;}&#8221;][vc_column css=&#8221;.vc_custom_1524064998397{margin-top: 50px !important;margin-bottom: 100px !important;}&#8221; offset=&#8221;vc_col-lg-12 vc_col-md-12&#8243;]<div class=\"smile-icon-timeline-wrap csstime   tl-animation-slide-out\"  data-time_sep_bg_color=\"#ffffff\" data-time_block_bg_color=\"#ffffff\"  style=\"margin:20px;\"><div class=\"timeline-line \" style=\"border-right-color:;\"><span><\/span><\/div><div class=\"timeline-wrapper\"><\/div>\n\t\t\t\t<div id=\"timeline-seperator-6091\" class=\"timeline-separator-text \" data-sep-col=\"#fddf00\" data-sep-bg-col=\"\"><span class=\"sep-text ult-responsive\"  data-ultimate-target='#timeline-seperator-6091 .sep-text'  data-responsive-json-new='{\"font-size\":\"desktop:30px;\",\"line-height\":\"\"}'  style=\"color:#fddf00;border-width:1px;border-radius:5px;font-family:&#039;Montserrat&#039;;font-weight:700;\">1992<\/span><\/div><div class=\"timeline-wrapper \"><div class=\"timeline-block \"><div class=\"timeline-dot\"><\/div><div class=\"ult-timeline-arrow\"><s><\/s><l><\/l><\/div><div class=\"timeline-icon-block\"><div class=\"ult-timeline-icon tl-icon-no-bg\" style=\"   \"><\/div> <!-- icon --><\/div><div class=\"timeline-header-block\" >\n\t\t\t\t\t\t\t<div id=\"timeline-item-3318\" class=\"timeline-header\" style=\"\"><h3 class=\"ult-timeline-title ult-responsive\"  data-ultimate-target='#timeline-item-3318 .ult-timeline-title'  data-responsive-json-new='{\"font-size\":\"\",\"line-height\":\"\"}'  style=\"\">Inicio do Neg\u00f3cio<\/h3><div class=\"ult-responsive timeline-item-spt\"  data-ultimate-target='#timeline-item-3318 .timeline-item-spt'  data-responsive-json-new='{\"font-size\":\"\",\"line-height\":\"\"}'  style=\"\">Estabelecida desde 1992, a Costa Brazil \u00e9 uma operadora e consolidadora de servi\u00e7os completos. Hoje estamos no top cinco melhores ag\u00eancias de viagens nos Estados Unidos para o mercado brasileiro.<\/div><\/div> <!-- header --><\/div><\/div><\/div>\n\t\t\t\t<div id=\"timeline-seperator-7823\" class=\"timeline-separator-text \" data-sep-col=\"#fddf00\" data-sep-bg-col=\"\"><span class=\"sep-text ult-responsive\"  data-ultimate-target='#timeline-seperator-7823 .sep-text'  data-responsive-json-new='{\"font-size\":\"desktop:30px;\",\"line-height\":\"\"}'  style=\"color:#fddf00;border-width:1px;border-radius:5px;font-family:&#039;Montserrat&#039;;font-weight:700;\">2000<\/span><\/div><div class=\"timeline-wrapper \"><div class=\"timeline-block \"><div class=\"timeline-dot\"><\/div><div class=\"ult-timeline-arrow\"><s><\/s><l><\/l><\/div><div class=\"timeline-icon-block\"><div class=\"ult-timeline-icon tl-icon-no-bg\" style=\"   \"><\/div> <!-- icon --><\/div><div class=\"timeline-header-block\" >\n\t\t\t\t\t\t\t<div id=\"timeline-item-6130\" class=\"timeline-header\" style=\"\"><h3 class=\"ult-timeline-title ult-responsive\"  data-ultimate-target='#timeline-item-6130 .ult-timeline-title'  data-responsive-json-new='{\"font-size\":\"\",\"line-height\":\"\"}'  style=\"\">Inicio do Neg\u00f3cio<\/h3><div class=\"ult-responsive timeline-item-spt\"  data-ultimate-target='#timeline-item-6130 .timeline-item-spt'  data-responsive-json-new='{\"font-size\":\"\",\"line-height\":\"\"}'  style=\"\">Estabelecida desde 1992, a Costa Brazil \u00e9 uma operadora e consolidadora de servi\u00e7os completos. Hoje estamos no top cinco melhores ag\u00eancias de viagens nos Estados Unidos para o mercado brasileiro.<\/div><\/div> <!-- header --><\/div><\/div><\/div>\n\t\t\t\t<div id=\"timeline-seperator-1896\" class=\"timeline-separator-text \" data-sep-col=\"#fddf00\" data-sep-bg-col=\"\"><span class=\"sep-text ult-responsive\"  data-ultimate-target='#timeline-seperator-1896 .sep-text'  data-responsive-json-new='{\"font-size\":\"desktop:30px;\",\"line-height\":\"\"}'  style=\"color:#fddf00;border-width:1px;border-radius:5px;font-family:&#039;Montserrat&#039;;font-weight:700;\">2017<\/span><\/div><div class=\"timeline-wrapper \"><div class=\"timeline-block \"><div class=\"timeline-dot\"><\/div><div class=\"ult-timeline-arrow\"><s><\/s><l><\/l><\/div><div class=\"timeline-icon-block\"><div class=\"ult-timeline-icon tl-icon-no-bg\" style=\"   \"><\/div> <!-- icon --><\/div><div class=\"timeline-header-block\" >\n\t\t\t\t\t\t\t<div id=\"timeline-item-5346\" class=\"timeline-header\" style=\"\"><h3 class=\"ult-timeline-title ult-responsive\"  data-ultimate-target='#timeline-item-5346 .ult-timeline-title'  data-responsive-json-new='{\"font-size\":\"\",\"line-height\":\"\"}'  style=\"\">Pr\u00eamios Conquistados<\/h3><div class=\"ult-responsive timeline-item-spt\"  data-ultimate-target='#timeline-item-5346 .timeline-item-spt'  data-responsive-json-new='{\"font-size\":\"\",\"line-height\":\"\"}'  style=\"\">O Grupo Costa do Brazil \u00e9 credenciado pela IATAN (Rede de Ag\u00eancias de Viagens da International Airlines), ARC (Corpora\u00e7\u00e3o de Relatos de Companhias A\u00e9reas) e \u00e9 licenciado pelo \u201cSeller of Travel in the State of Florida\u201d.<\/div><\/div> <!-- header --><\/div><\/div><\/div><\/div>[\/vc_column][\/vc_row][vc_row full_width=&#8221;stretch_row&#8221; equal_height=&#8221;yes&#8221; content_placement=&#8221;middle&#8221; bg_type=&#8221;image&#8221; parallax_style=&#8221;vcpb-default&#8221; bg_image_new=&#8221;id^1788|url^https:\/\/costabrazil.com\/wp-content\/uploads\/2018\/06\/banner_1920x800_03_DARK.jpg|caption^null|alt^null|title^banner_1920x800_03_DARK|description^null&#8221; type=&#8221;vc_default&#8221; css=&#8221;.vc_custom_1530140208851{padding-top: 40px !important;padding-bottom: 40px !important;background-color: #253370 !important;}&#8221;][vc_column offset=&#8221;vc_col-lg-8 vc_col-md-8 vc_col-xs-12&#8243;][vc_row_inner][vc_column_inner offset=&#8221;vc_hidden-sm vc_hidden-xs&#8221;]<div id=\"ultimate-heading-348569d8c3c386cf6\" class=\"uvc-heading ult-adjust-bottom-margin ultimate-heading-348569d8c3c386cf6 uvc-5361 \" data-hspacer=\"no_spacer\"  data-halign=\"left\" style=\"text-align:left\"><div class=\"uvc-heading-spacer no_spacer\" style=\"top\"><\/div><div class=\"uvc-main-heading ult-responsive\"  data-ultimate-target='.uvc-heading.ultimate-heading-348569d8c3c386cf6 h2'  data-responsive-json-new='{\"font-size\":\"desktop:30px;\",\"line-height\":\"desktop:40px;\"}' ><h2 style=\"font-weight:normal;color:#ffffff;margin-bottom:10px;\">Voc\u00ea est\u00e1 pronto para uma consulta?<\/h2><\/div><div class=\"uvc-sub-heading ult-responsive\"  data-ultimate-target='.uvc-heading.ultimate-heading-348569d8c3c386cf6 .uvc-sub-heading '  data-responsive-json-new='{\"font-size\":\"desktop:17px;\",\"line-height\":\"desktop:27px;\"}'  style=\"font-weight:normal;color:#ffffff;\">Seu atendimento ser\u00e1 realizado por um professional qualificado e licenciado. Agende sua consulta agora!<\/div><\/div>[\/vc_column_inner][\/vc_row_inner][vc_row_inner][vc_column_inner offset=&#8221;vc_hidden-lg vc_hidden-md&#8221;]<div id=\"ultimate-heading-774769d8c3c386d41\" class=\"uvc-heading ult-adjust-bottom-margin ultimate-heading-774769d8c3c386d41 uvc-4875 \" data-hspacer=\"no_spacer\"  data-halign=\"center\" style=\"text-align:center\"><div class=\"uvc-heading-spacer no_spacer\" style=\"top\"><\/div><div class=\"uvc-main-heading ult-responsive\"  data-ultimate-target='.uvc-heading.ultimate-heading-774769d8c3c386d41 h2'  data-responsive-json-new='{\"font-size\":\"desktop:30px;\",\"line-height\":\"desktop:40px;\"}' ><h2 style=\"font-weight:normal;color:#ffffff;margin-bottom:10px;\">Voc\u00ea est\u00e1 pronto para uma consulta?<\/h2><\/div><div class=\"uvc-sub-heading ult-responsive\"  data-ultimate-target='.uvc-heading.ultimate-heading-774769d8c3c386d41 .uvc-sub-heading '  data-responsive-json-new='{\"font-size\":\"desktop:17px;\",\"line-height\":\"desktop:27px;\"}'  style=\"font-weight:normal;color:#ffffff;\">Seu atendimento ser\u00e1 realizado por um professional qualificado e licenciado. Agende sua consulta agora!<\/div><\/div><div class=\" vc_custom_1530141160205 ubtn-ctn-center \"><a class=\"ubtn-link ult-adjust-bottom-margin ubtn-center ubtn-custom \" href=\"https:\/\/costabrazil.com\/pt-br\/solicite-um-orcamento\/\" ><button type=\"button\" id=\"ubtn-7630\"  class=\"ubtn ult-adjust-bottom-margin ult-responsive ubtn-custom ubtn-fade-bg  none  ubtn-center   tooltip-69d8c3c386d92\"  data-hover=\"#28a7fb\" data-border-color=\"rgba(255,255,255,0.4)\" data-bg=\"rgba(255,255,255,0.01)\" data-hover-bg=\"#eeee22\" data-border-hover=\"#ffffff\" data-shadow-hover=\"\" data-shadow-click=\"none\" data-shadow=\"\" data-shd-shadow=\"\"  data-ultimate-target='#ubtn-7630'  data-responsive-json-new='{\"font-size\":\"desktop:18px;\",\"line-height\":\"desktop:18px;\"}'  style=\"font-family:&#039;Montserrat&#039;;font-weight:700;width:px;min-height:38px;padding:15px 25px;border-radius:0px;border-width:4px;border-color:rgba(255,255,255,0.4);border-style:solid;background: rgba(255,255,255,0.01);color: #ffffff;\"><span class=\"ubtn-hover\" style=\"background-color:#eeee22\"><\/span><span class=\"ubtn-data ubtn-text \" >Solicite um Or\u00e7amento<\/span><\/button><\/a><\/div>[\/vc_column_inner][\/vc_row_inner][\/vc_column][vc_column offset=&#8221;vc_col-lg-4 vc_col-md-4 vc_hidden-sm vc_col-xs-12 vc_hidden-xs&#8221;]<div class=\" vc_custom_1530140104830 ubtn-ctn-right \"><a class=\"ubtn-link ult-adjust-bottom-margin ubtn-right ubtn-custom \" href=\"https:\/\/costabrazil.com\/pt-br\/solicite-um-orcamento\/\" ><button type=\"button\" id=\"ubtn-9525\"  class=\"ubtn ult-adjust-bottom-margin ult-responsive ubtn-custom ubtn-fade-bg  none  ubtn-right   tooltip-69d8c3c386e29\"  data-hover=\"#2b6fac\" data-border-color=\"rgba(255,255,255,0.4)\" data-bg=\"rgba(255,255,255,0.01)\" data-hover-bg=\"#ffffff\" data-border-hover=\"#ffffff\" data-shadow-hover=\"\" data-shadow-click=\"none\" data-shadow=\"\" data-shd-shadow=\"\"  data-ultimate-target='#ubtn-9525'  data-responsive-json-new='{\"font-size\":\"desktop:20px;\",\"line-height\":\"desktop:20px;\"}'  style=\"font-family:&#039;Montserrat&#039;;font-weight:700;width:px;min-height:36px;padding:15px 25px;border-radius:0px;border-width:4px;border-color:rgba(255,255,255,0.4);border-style:solid;background: rgba(255,255,255,0.01);color: #ffffff;\"><span class=\"ubtn-hover\" style=\"background-color:#ffffff\"><\/span><span class=\"ubtn-data ubtn-text \" >Solicite um Or\u00e7amento<\/span><\/button><\/a><\/div>[\/vc_column][\/vc_row]<\/p>\n","protected":false},"excerpt":{"rendered":"<p>[vc_row type=&#8221;vc_default&#8221; css=&#8221;.vc_custom_1474222724005{padding-bottom: 50px !important;}&#8221;][vc_column width=&#8221;1\/2&#8243; css=&#8221;.vc_custom_1474222710160{padding-bottom: 30px !important;}&#8221;][vc_row_inner][vc_column_inner offset=&#8221;vc_hidden-lg vc_hidden-md vc_hidden-sm vc_col-xs-12&#8243;][vc_single_image image=&#8221;1549&#8243; img_size=&#8221;700&#215;500&#8243; css=&#8221;.vc_custom_1525353675095{margin-bottom: 30px !important;}&#8221;][\/vc_column_inner][\/vc_row_inner][vc_single_image image=&#8221;2283&#8243; img_size=&#8221;full&#8221;][vc_column_text css=&#8221;.vc_custom_1524064759724{margin-bottom: 30px !important;}&#8221;]Estabelecida desde 1992, a Costa Brazil \u00e9 uma operadora e consolidadora de servi\u00e7os completos. Hoje estamos no top cinco melhores ag\u00eancias de viagens nos Estados Unidos para o mercado brasileiro, isso devido a&hellip;<\/p>\n","protected":false},"author":1,"featured_media":0,"parent":1998,"menu_order":1,"comment_status":"closed","ping_status":"closed","template":"","meta":[],"_links":{"self":[{"href":"https:\/\/costabrazil.com\/pt-br\/wp-json\/wp\/v2\/pages\/2067\/"}],"collection":[{"href":"https:\/\/costabrazil.com\/pt-br\/wp-json\/wp\/v2\/pages\/"}],"about":[{"href":"https:\/\/costabrazil.com\/pt-br\/wp-json\/wp\/v2\/types\/page\/"}],"author":[{"embeddable":true,"href":"https:\/\/costabrazil.com\/pt-br\/wp-json\/wp\/v2\/users\/1\/"}],"replies":[{"embeddable":true,"href":"https:\/\/costabrazil.com\/pt-br\/wp-json\/wp\/v2\/comments\/?post=2067"}],"version-history":[{"count":5,"href":"https:\/\/costabrazil.com\/pt-br\/wp-json\/wp\/v2\/pages\/2067\/revisions\/"}],"predecessor-version":[{"id":2295,"href":"https:\/\/costabrazil.com\/pt-br\/wp-json\/wp\/v2\/pages\/2067\/revisions\/2295\/"}],"up":[{"embeddable":true,"href":"https:\/\/costabrazil.com\/pt-br\/wp-json\/wp\/v2\/pages\/1998\/"}],"wp:attachment":[{"href":"https:\/\/costabrazil.com\/pt-br\/wp-json\/wp\/v2\/media\/?parent=2067"}],"curies":[{"name":"wp","href":"https:\/\/api.w.org\/{rel}","templated":true}]}}