{"id":2056,"date":"2018-06-27T12:00:50","date_gmt":"2018-06-27T16:00:50","guid":{"rendered":"https:\/\/costabrazil.com\/nossa-empresa\/nossos-parceiros\/"},"modified":"2018-06-27T18:47:50","modified_gmt":"2018-06-27T22:47:50","slug":"nossos-parceiros","status":"publish","type":"page","link":"https:\/\/costabrazil.com\/pt-br\/nossa-empresa\/nossos-parceiros\/","title":{"rendered":"Nossos Parceiros"},"content":{"rendered":"<p>[vc_row type=&#8221;vc_default&#8221;][vc_column][vc_single_image image=&#8221;1883&#8243; img_size=&#8221;full&#8221; alignment=&#8221;center&#8221; css=&#8221;.vc_custom_1530115571230{padding-bottom: 30px !important;}&#8221;]<div id=\"ultimate-heading-544269d8c2fda4dc2\" class=\"uvc-heading ult-adjust-bottom-margin ultimate-heading-544269d8c2fda4dc2 uvc-9884 \" data-hspacer=\"no_spacer\"  data-halign=\"center\" style=\"text-align:center\"><div class=\"uvc-heading-spacer no_spacer\" style=\"top\"><\/div><div class=\"uvc-sub-heading ult-responsive\"  data-ultimate-target='.uvc-heading.ultimate-heading-544269d8c2fda4dc2 .uvc-sub-heading '  data-responsive-json-new='{\"font-size\":\"desktop:16px;\",\"line-height\":\"\"}'  style=\"font-weight:normal;\"><br \/>\nIremos naturalmente buscar nossos objetivos com base em nossos pr\u00f3prios recursos, habilidades e empreendimentos. Mas sabemos que teremos mais sucesso quando fizermos isso em parceria com o mundo.<br \/>\n<\/div><\/div>[vc_row_inner css=&#8221;.vc_custom_1524068699870{padding-top: 60px !important;}&#8221;][vc_column_inner width=&#8221;1\/4&#8243;][vc_single_image image=&#8221;850&#8243; img_size=&#8221;full&#8221;][\/vc_column_inner][vc_column_inner width=&#8221;3\/4&#8243;]<div id=\"ultimate-heading-990569d8c2fda4e2e\" class=\"uvc-heading ult-adjust-bottom-margin ultimate-heading-990569d8c2fda4e2e uvc-7352 \" data-hspacer=\"no_spacer\"  data-halign=\"left\" style=\"text-align:left\"><div class=\"uvc-heading-spacer no_spacer\" style=\"top\"><\/div><div class=\"uvc-main-heading ult-responsive\"  data-ultimate-target='.uvc-heading.ultimate-heading-990569d8c2fda4e2e h2'  data-responsive-json-new='{\"font-size\":\"desktop:45px;\",\"line-height\":\"\"}' ><h2 style=\"font-weight:normal;color:#253370;\">Visit Orlando<\/h2><\/div><div class=\"uvc-sub-heading ult-responsive\"  data-ultimate-target='.uvc-heading.ultimate-heading-990569d8c2fda4e2e .uvc-sub-heading '  data-responsive-json-new='{\"font-size\":\"desktop:18px;\",\"line-height\":\"\"}'  style=\"font-weight:normal;\"><br \/>\nA Visit Orlando \u00e9 uma corpora\u00e7\u00e3o 501(c)6 que \u00e9 a organiza\u00e7\u00e3o oficial de destino de Orlando, o destino mais visitado nos EUA. Somos uma organiza\u00e7\u00e3o sem fins lucrativos que trabalha com mais de 1.200 empresas associadas e com o governo local.<br \/>\n<\/div><\/div>[\/vc_column_inner][\/vc_row_inner][vc_row_inner css=&#8221;.vc_custom_1524068719601{padding-top: 30px !important;}&#8221;][vc_column_inner width=&#8221;1\/4&#8243;][vc_single_image image=&#8221;847&#8243; img_size=&#8221;full&#8221;][\/vc_column_inner][vc_column_inner width=&#8221;3\/4&#8243;]<div id=\"ultimate-heading-245169d8c2fda4e65\" class=\"uvc-heading ult-adjust-bottom-margin ultimate-heading-245169d8c2fda4e65 uvc-5099 \" data-hspacer=\"no_spacer\"  data-halign=\"left\" style=\"text-align:left\"><div class=\"uvc-heading-spacer no_spacer\" style=\"top\"><\/div><div class=\"uvc-main-heading ult-responsive\"  data-ultimate-target='.uvc-heading.ultimate-heading-245169d8c2fda4e65 h2'  data-responsive-json-new='{\"font-size\":\"desktop:45px;\",\"line-height\":\"\"}' ><h2 style=\"font-weight:normal;color:#253370;\">Walt Disney World Resort<\/h2><\/div><div class=\"uvc-sub-heading ult-responsive\"  data-ultimate-target='.uvc-heading.ultimate-heading-245169d8c2fda4e65 .uvc-sub-heading '  data-responsive-json-new='{\"font-size\":\"desktop:18px;\",\"line-height\":\"\"}'  style=\"font-weight:normal;\"><br \/>\nO Walt Disney World Resort \u00e9 um complexo de entretenimento em Bay Lake e Lake Buena Vista, na Fl\u00f3rida, perto de Orlando e Kissimmee na Fl\u00f3rida.<br \/>\n<\/div><\/div>[\/vc_column_inner][\/vc_row_inner][vc_row_inner css=&#8221;.vc_custom_1524068719601{padding-top: 30px !important;}&#8221;][vc_column_inner width=&#8221;1\/4&#8243;][vc_single_image image=&#8221;848&#8243; img_size=&#8221;full&#8221;][\/vc_column_inner][vc_column_inner width=&#8221;3\/4&#8243;]<div id=\"ultimate-heading-176269d8c2fda4e90\" class=\"uvc-heading ult-adjust-bottom-margin ultimate-heading-176269d8c2fda4e90 uvc-2464 \" data-hspacer=\"no_spacer\"  data-halign=\"left\" style=\"text-align:left\"><div class=\"uvc-heading-spacer no_spacer\" style=\"top\"><\/div><div class=\"uvc-main-heading ult-responsive\"  data-ultimate-target='.uvc-heading.ultimate-heading-176269d8c2fda4e90 h2'  data-responsive-json-new='{\"font-size\":\"desktop:45px;\",\"line-height\":\"\"}' ><h2 style=\"font-weight:normal;color:#253370;\">Universal Orlando Resort<\/h2><\/div><div class=\"uvc-sub-heading ult-responsive\"  data-ultimate-target='.uvc-heading.ultimate-heading-176269d8c2fda4e90 .uvc-sub-heading '  data-responsive-json-new='{\"font-size\":\"desktop:18px;\",\"line-height\":\"\"}'  style=\"font-weight:normal;\"><br \/>\nO Universal Orlando Resort, comumente conhecido como Universal Orlando, antigo Universal Studios Escape, \u00e9 um complexo americano de parques tem\u00e1ticos e de entretenimento com sede em Orlando, Fl\u00f3rida. Pertence a NBC Universal, uma divis\u00e3o da Comcast.<br \/>\n<\/div><\/div>[\/vc_column_inner][\/vc_row_inner][vc_row_inner css=&#8221;.vc_custom_1524068719601{padding-top: 30px !important;}&#8221;][vc_column_inner width=&#8221;1\/4&#8243;][vc_single_image image=&#8221;849&#8243; img_size=&#8221;full&#8221;][\/vc_column_inner][vc_column_inner width=&#8221;3\/4&#8243;]<div id=\"ultimate-heading-574469d8c2fda4ec2\" class=\"uvc-heading ult-adjust-bottom-margin ultimate-heading-574469d8c2fda4ec2 uvc-21 \" data-hspacer=\"no_spacer\"  data-halign=\"left\" style=\"text-align:left\"><div class=\"uvc-heading-spacer no_spacer\" style=\"top\"><\/div><div class=\"uvc-main-heading ult-responsive\"  data-ultimate-target='.uvc-heading.ultimate-heading-574469d8c2fda4ec2 h2'  data-responsive-json-new='{\"font-size\":\"desktop:45px;\",\"line-height\":\"\"}' ><h2 style=\"font-weight:normal;color:#253370;\">SeaWorld Parks &amp;amp; Entertainment<\/h2><\/div><div class=\"uvc-sub-heading ult-responsive\"  data-ultimate-target='.uvc-heading.ultimate-heading-574469d8c2fda4ec2 .uvc-sub-heading '  data-responsive-json-new='{\"font-size\":\"desktop:18px;\",\"line-height\":\"\"}'  style=\"font-weight:normal;\"><br \/>\nO SeaWorld Parks &amp; Entertainment \u00e9 uma empresa de entretenimento familiar, parque de divers\u00f5es e atra\u00e7\u00f5es com sede em Orlando, Fl\u00f3rida. Opera sete parques tem\u00e1ticos e cinco parques aqu\u00e1ticos nos Estados Unidos.<br \/>\n<\/div><\/div>[\/vc_column_inner][\/vc_row_inner][vc_row_inner css=&#8221;.vc_custom_1524068719601{padding-top: 30px !important;}&#8221;][vc_column_inner width=&#8221;1\/4&#8243;][vc_single_image image=&#8221;1722&#8243; img_size=&#8221;full&#8221;][\/vc_column_inner][vc_column_inner width=&#8221;3\/4&#8243;]<div id=\"ultimate-heading-344769d8c2fda4efa\" class=\"uvc-heading ult-adjust-bottom-margin ultimate-heading-344769d8c2fda4efa uvc-1592 \" data-hspacer=\"no_spacer\"  data-halign=\"left\" style=\"text-align:left\"><div class=\"uvc-heading-spacer no_spacer\" style=\"top\"><\/div><div class=\"uvc-main-heading ult-responsive\"  data-ultimate-target='.uvc-heading.ultimate-heading-344769d8c2fda4efa h2'  data-responsive-json-new='{\"font-size\":\"desktop:45px;\",\"line-height\":\"\"}' ><h2 style=\"font-weight:normal;color:#253370;\">International Gay &amp; Lesbian Travel Association<\/h2><\/div><div class=\"uvc-sub-heading ult-responsive\"  data-ultimate-target='.uvc-heading.ultimate-heading-344769d8c2fda4efa .uvc-sub-heading '  data-responsive-json-new='{\"font-size\":\"desktop:18px;\",\"line-height\":\"\"}'  style=\"font-weight:normal;\">A International Gay &amp; Lesbian Travel Association foi fundada em 1983 e \u00e9 a principal rede mundial de empresas de turismo acolhedoras para LGBTQ. Os membros da IGLTA incluem acomoda\u00e7\u00f5es, transporte, destinos, prestadores de servi\u00e7os, agentes de viagens, operadores tur\u00edsticos, eventos e meios de viagem amig\u00e1veis para LGBTQ localizados em mais de 75 pa\u00edses.<\/div><\/div>[\/vc_column_inner][\/vc_row_inner][\/vc_column][\/vc_row]<\/p>\n","protected":false},"excerpt":{"rendered":"<p>[vc_row type=&#8221;vc_default&#8221;][vc_column][vc_single_image image=&#8221;1883&#8243; img_size=&#8221;full&#8221; alignment=&#8221;center&#8221; css=&#8221;.vc_custom_1530115571230{padding-bottom: 30px !important;}&#8221;][vc_row_inner css=&#8221;.vc_custom_1524068699870{padding-top: 60px !important;}&#8221;][vc_column_inner width=&#8221;1\/4&#8243;][vc_single_image image=&#8221;850&#8243; img_size=&#8221;full&#8221;][\/vc_column_inner][vc_column_inner width=&#8221;3\/4&#8243;][\/vc_column_inner][\/vc_row_inner][vc_row_inner css=&#8221;.vc_custom_1524068719601{padding-top: 30px !important;}&#8221;][vc_column_inner width=&#8221;1\/4&#8243;][vc_single_image image=&#8221;847&#8243; img_size=&#8221;full&#8221;][\/vc_column_inner][vc_column_inner width=&#8221;3\/4&#8243;][\/vc_column_inner][\/vc_row_inner][vc_row_inner css=&#8221;.vc_custom_1524068719601{padding-top: 30px !important;}&#8221;][vc_column_inner width=&#8221;1\/4&#8243;][vc_single_image image=&#8221;848&#8243; img_size=&#8221;full&#8221;][\/vc_column_inner][vc_column_inner width=&#8221;3\/4&#8243;][\/vc_column_inner][\/vc_row_inner][vc_row_inner css=&#8221;.vc_custom_1524068719601{padding-top: 30px !important;}&#8221;][vc_column_inner width=&#8221;1\/4&#8243;][vc_single_image image=&#8221;849&#8243; img_size=&#8221;full&#8221;][\/vc_column_inner][vc_column_inner width=&#8221;3\/4&#8243;][\/vc_column_inner][\/vc_row_inner][vc_row_inner css=&#8221;.vc_custom_1524068719601{padding-top: 30px !important;}&#8221;][vc_column_inner width=&#8221;1\/4&#8243;][vc_single_image image=&#8221;1722&#8243; img_size=&#8221;full&#8221;][\/vc_column_inner][vc_column_inner width=&#8221;3\/4&#8243;][\/vc_column_inner][\/vc_row_inner][\/vc_column][\/vc_row]<\/p>\n","protected":false},"author":1,"featured_media":0,"parent":1998,"menu_order":0,"comment_status":"closed","ping_status":"closed","template":"","meta":[],"_links":{"self":[{"href":"https:\/\/costabrazil.com\/pt-br\/wp-json\/wp\/v2\/pages\/2056\/"}],"collection":[{"href":"https:\/\/costabrazil.com\/pt-br\/wp-json\/wp\/v2\/pages\/"}],"about":[{"href":"https:\/\/costabrazil.com\/pt-br\/wp-json\/wp\/v2\/types\/page\/"}],"author":[{"embeddable":true,"href":"https:\/\/costabrazil.com\/pt-br\/wp-json\/wp\/v2\/users\/1\/"}],"replies":[{"embeddable":true,"href":"https:\/\/costabrazil.com\/pt-br\/wp-json\/wp\/v2\/comments\/?post=2056"}],"version-history":[{"count":5,"href":"https:\/\/costabrazil.com\/pt-br\/wp-json\/wp\/v2\/pages\/2056\/revisions\/"}],"predecessor-version":[{"id":2066,"href":"https:\/\/costabrazil.com\/pt-br\/wp-json\/wp\/v2\/pages\/2056\/revisions\/2066\/"}],"up":[{"embeddable":true,"href":"https:\/\/costabrazil.com\/pt-br\/wp-json\/wp\/v2\/pages\/1998\/"}],"wp:attachment":[{"href":"https:\/\/costabrazil.com\/pt-br\/wp-json\/wp\/v2\/media\/?parent=2056"}],"curies":[{"name":"wp","href":"https:\/\/api.w.org\/{rel}","templated":true}]}}