{"id":2026,"date":"2018-06-26T18:10:23","date_gmt":"2018-06-26T22:10:23","guid":{"rendered":"https:\/\/costabrazil.com\/faq\/"},"modified":"2018-06-27T12:29:42","modified_gmt":"2018-06-27T16:29:42","slug":"faq","status":"publish","type":"page","link":"https:\/\/costabrazil.com\/pt-br\/faq\/","title":{"rendered":"FAQ"},"content":{"rendered":"<p>[vc_row equal_height=&#8221;yes&#8221; type=&#8221;vc_default&#8221; css=&#8221;.vc_custom_1524163063458{padding-bottom: 40px !important;}&#8221;][vc_column width=&#8221;1\/2&#8243; css=&#8221;.vc_custom_1524162502453{padding-top: 80px !important;padding-bottom: 30px !important;}&#8221;][vc_single_image image=&#8221;2051&#8243; img_size=&#8221;full&#8221;]<div id=\"ultimate-heading-263869d3d16c6f08a\" class=\"uvc-heading ult-adjust-bottom-margin ultimate-heading-263869d3d16c6f08a uvc-8685 \" data-hspacer=\"no_spacer\"  data-halign=\"left\" style=\"text-align:left\"><div class=\"uvc-heading-spacer no_spacer\" style=\"top\"><\/div><div class=\"uvc-sub-heading ult-responsive\"  data-ultimate-target='.uvc-heading.ultimate-heading-263869d3d16c6f08a .uvc-sub-heading '  data-responsive-json-new='{\"font-size\":\"desktop:14px;\",\"line-height\":\"desktop:28px;\"}'  style=\"font-weight:normal;margin-bottom:30px;\"><br \/>\nFomos \u00e0 maioria dos locais para os quais organizamos viagens (ou temos contatos que possuem) e, portanto, podemos fornecer dicas sobre cada um dos seus destinos para ajudar voc\u00ea aproveitar ao m\u00e1ximo sua viagem. N\u00f3s tamb\u00e9m podemos ajudar com pedidos de visto e muito mais.<br \/>\n<\/div><\/div>[vc_row_inner][vc_column_inner offset=&#8221;vc_hidden-lg vc_hidden-md vc_hidden-sm vc_col-xs-12&#8243;]<div class=\"info-wrapper ult-adjust-bottom-margin\"><div id=\"info-circle-wrapper-69d3d16c6f106\" data-uniqid=\"69d3d16c6f106\" class=\"info-circle-wrapper  info-circle-responsive \" data-half-percentage=\"70\" data-circle-type=\"full-circle\"><div class=\"info-c-full-br\" style='border:1px dashed #e2a741;width:90%;opacity:0;' data-start-degree=\"90\" data-divert=\"\" data-info-circle-angle=\"full\" data-responsive-circle=\"on\" data-responsive-breakpoint=\"800\" data-launch=\"linear\" data-launch-duration=\"1\" data-launch-delay=\"0.2\" data-slide-true=\"off\" data-slide-duration=\"3\" data-icon-size=\"32\" data-icon-show=\"show\" data-icon-show-size=\"32\" data-highlight-style=\"info-circle-pulse\" data-focus-on=\"hover\"><div  class=\"icon-circle-list\"><div class=\"info-circle-icons \" style=\"background:#2b6fac;color:#ffffff;\" ><i class=\"Defaults-hand-o-up info-circle-icon\" ><\/i><\/div><div class=\"info-details\" data-icon-class=\"ult-info-circle-icon\"><div class=\"info-circle-def\"><div  class=\"info-circle-sub-def\"><i class=\"Defaults-hand-o-up info-circle-icon\" ><\/i><div class=\"responsive-font-class ult-responsive\" ><h3  data-ultimate-target='#info-cirlce-wrap-2833 .responsive-font-class h3.new-cust-responsive-class'  data-responsive-json-new='{\"font-size\":\"\",\"line-height\":\"\"}'  class=\"info-circle-heading ult-responsive new-cust-responsive-class\" style=\"font-weight:normal;\">Escolha uma Reserva<\/h3><div  class=\"info-circle-text \" style=\"font-weight:normal;\"><br \/>\nUsamos moderna tecnologia e oferecemos a possibilidade de voc\u00ea fazer login em nosso site seguro para verificar suas informa\u00e7\u00f5es de viagem a qualquer momento e em qualquer lugar.<br \/>\n<\/div><\/div><\/div><\/div><\/div><div class=\"info-circle-icons \" style=\"background:#2b6fac;color:#ffffff;\" ><i class=\"Defaults-group users info-circle-icon\" ><\/i><\/div><div class=\"info-details\" data-icon-class=\"ult-info-circle-icon\"><div class=\"info-circle-def\"><div  class=\"info-circle-sub-def\"><i class=\"Defaults-group users info-circle-icon\" ><\/i><div class=\"responsive-font-class ult-responsive\" ><h3  data-ultimate-target='#info-cirlce-wrap-2833 .responsive-font-class h3.new-cust-responsive-class'  data-responsive-json-new='{\"font-size\":\"\",\"line-height\":\"\"}'  class=\"info-circle-heading ult-responsive new-cust-responsive-class\" style=\"font-weight:normal;\">Escolha seu Agente<\/h3><div  class=\"info-circle-text \" style=\"font-weight:normal;\"><br \/>\nDeixe nossos agentes experientes encontrar as melhores ofertas. N\u00f3s trabalhamos para voc\u00ea, envie seu pedido.<br \/>\n<\/div><\/div><\/div><\/div><\/div><div class=\"info-circle-icons \" style=\"background:#2b6fac;color:#ffffff;\" ><i class=\"Defaults-phone info-circle-icon\" ><\/i><\/div><div class=\"info-details\" data-icon-class=\"ult-info-circle-icon\"><div class=\"info-circle-def\"><div  class=\"info-circle-sub-def\"><i class=\"Defaults-phone info-circle-icon\" ><\/i><div class=\"responsive-font-class ult-responsive\" ><h3  data-ultimate-target='#info-cirlce-wrap-2833 .responsive-font-class h3.new-cust-responsive-class'  data-responsive-json-new='{\"font-size\":\"\",\"line-height\":\"\"}'  class=\"info-circle-heading ult-responsive new-cust-responsive-class\" style=\"font-weight:normal;\">Ligue para um Agente<\/h3><div  class=\"info-circle-text \" style=\"font-weight:normal;\"><br \/>\nNossa equipe \u00e9 altamente treinada e qualificada para atender \u00e0s suas necessidades e oferecer um pacote de viagem personalizado de acordo com seus desejos e or\u00e7amento.<br \/>\n<\/div><\/div><\/div><\/div><\/div><\/div><div id=\"info-cirlce-wrap-2833\" class=\"info-c-full\" style=\"background-color:#ffffff;color:#2b6fac;width:70%;height:70%;margin:15%;\"><div class=\"info-c-full-wrap\"><\/div><\/div><\/div><div class=\"smile_icon_list_wrap \" data-content_bg=\"#ffffff\" data-content_color=\"#2b6fac\">\n\t\t\t\t\t\t\t<ul id=\"info-cirlce-wrap-2833\" class=\"smile_icon_list left circle with_bg\"><li class=\"icon_list_item\" style=\"font-size:96px;\">\n\t\t\t\t\t\t\t\t\t<div class=\"icon_list_icon\" style=\"font-size:32px;width:32px;height:32px;line-height:1;\">\n\t\t\t\t\t\t\t\t\t\t<i class=\"smt-pencil\"><\/i>\n\t\t\t\t\t\t\t\t\t<\/div>\n\t\t\t\t\t\t\t\t\t<div  class=\"icon_description\" style=\"font-size:32px;\">\n\t\t\t\t\t\t\t\t\t\t<div class=\"responsive-font-class ult-responsive\"  data-ultimate-target='#info-cirlce-wrap-2833 .responsive-font-class *'  data-responsive-json-new='{\"font-size\":\"\",\"line-height\":\"\"}'  style=\"font-weight:normal;\">\n\t\t\t\t\t\t\t\t\t\t\t<h3  data-ultimate-target='#info-cirlce-wrap-2833 .responsive-font-class h3.new-cust-responsive-class'  data-responsive-json-new='{\"font-size\":\"\",\"line-height\":\"\"}'  class=\"ult-responsive new-cust-responsive-class\" style=\"font-weight:normal;\"><\/h3>\n\t\t\t\t\t\t\t\t\t\t\t<p><\/p>\n\t\t\t\t\t\t\t\t\t\t<\/div>\n\t\t\t\t\t\t\t\t\t<\/div>\n\t\t\t\t\t\t\t\t\t<div class=\"icon_list_connector\" style=\" border-style:dashed;border-color:#e2a741; left:16px; top:32px;\">\n\t\t\t\t\t\t\t\t\t<\/div><\/li><\/ul>\n\t\t\t\t\t\t<\/div><\/div><\/div>[\/vc_column_inner][\/vc_row_inner][\/vc_column][vc_column width=&#8221;1\/2&#8243; css=&#8221;.vc_custom_1474218736735{padding-bottom: 30px !important;}&#8221; offset=&#8221;vc_hidden-xs&#8221;]<div class=\"info-wrapper ult-adjust-bottom-margin\"><div id=\"info-circle-wrapper-69d3d16c6f390\" data-uniqid=\"69d3d16c6f390\" class=\"info-circle-wrapper  info-circle-responsive \" data-half-percentage=\"70\" data-circle-type=\"full-circle\"><div class=\"info-c-full-br\" style='border:1px dashed #fddf00;width:90%;opacity:0;' data-start-degree=\"90\" data-divert=\"\" data-info-circle-angle=\"full\" data-responsive-circle=\"on\" data-responsive-breakpoint=\"800\" data-launch=\"linear\" data-launch-duration=\"1\" data-launch-delay=\"0.2\" data-slide-true=\"off\" data-slide-duration=\"3\" data-icon-size=\"32\" data-icon-show=\"show\" data-icon-show-size=\"32\" data-highlight-style=\"info-circle-pulse\" data-focus-on=\"hover\"><div  class=\"icon-circle-list\"><div class=\"info-circle-icons \" style=\"background:#253370;color:#ffffff;\" ><i class=\"Defaults-hand-o-up info-circle-icon\" ><\/i><\/div><div class=\"info-details\" data-icon-class=\"ult-info-circle-icon\"><div class=\"info-circle-def\"><div  class=\"info-circle-sub-def\"><i class=\"Defaults-hand-o-up info-circle-icon\" ><\/i><div class=\"responsive-font-class ult-responsive\" ><h3  data-ultimate-target='#info-cirlce-wrap-7832 .responsive-font-class h3.new-cust-responsive-class'  data-responsive-json-new='{\"font-size\":\"\",\"line-height\":\"\"}'  class=\"info-circle-heading ult-responsive new-cust-responsive-class\" style=\"font-weight:normal;font-weight:normal;\">Escolha uma Reserva<\/h3><div  class=\"info-circle-text \" style=\"font-weight:normal;font-weight:normal;\"><br \/>\nUsamos moderna tecnologia e oferecemos a possibilidade de voc\u00ea fazer login em nosso site seguro para verificar suas informa\u00e7\u00f5es de viagem a qualquer momento e em qualquer lugar.<br \/>\n<\/div><\/div><\/div><\/div><\/div><div class=\"info-circle-icons \" style=\"background:#253370;color:#ffffff;\" ><i class=\"Defaults-group users info-circle-icon\" ><\/i><\/div><div class=\"info-details\" data-icon-class=\"ult-info-circle-icon\"><div class=\"info-circle-def\"><div  class=\"info-circle-sub-def\"><i class=\"Defaults-group users info-circle-icon\" ><\/i><div class=\"responsive-font-class ult-responsive\" ><h3  data-ultimate-target='#info-cirlce-wrap-7832 .responsive-font-class h3.new-cust-responsive-class'  data-responsive-json-new='{\"font-size\":\"\",\"line-height\":\"\"}'  class=\"info-circle-heading ult-responsive new-cust-responsive-class\" style=\"font-weight:normal;font-weight:normal;\">Escolha seu Agente<\/h3><div  class=\"info-circle-text \" style=\"font-weight:normal;font-weight:normal;\"><br \/>\nDeixe nossos agentes experientes encontrar as melhores ofertas. N\u00f3s trabalhamos para voc\u00ea, envie seu pedido.<br \/>\n<\/div><\/div><\/div><\/div><\/div><div class=\"info-circle-icons \" style=\"background:#253370;color:#ffffff;\" ><i class=\"Defaults-phone info-circle-icon\" ><\/i><\/div><div class=\"info-details\" data-icon-class=\"ult-info-circle-icon\"><div class=\"info-circle-def\"><div  class=\"info-circle-sub-def\"><i class=\"Defaults-phone info-circle-icon\" ><\/i><div class=\"responsive-font-class ult-responsive\" ><h3  data-ultimate-target='#info-cirlce-wrap-7832 .responsive-font-class h3.new-cust-responsive-class'  data-responsive-json-new='{\"font-size\":\"\",\"line-height\":\"\"}'  class=\"info-circle-heading ult-responsive new-cust-responsive-class\" style=\"font-weight:normal;font-weight:normal;\">Ligue para um Agente<\/h3><div  class=\"info-circle-text \" style=\"font-weight:normal;font-weight:normal;\"><br \/>\nNossa equipe \u00e9 altamente treinada e qualificada para atender \u00e0s suas necessidades e oferecer um pacote de viagem personalizado de acordo com seus desejos e or\u00e7amento.<br \/>\n<\/div><\/div><\/div><\/div><\/div><\/div><div id=\"info-cirlce-wrap-7832\" class=\"info-c-full\" style=\"background-color:#ffffff;color:#253370;width:70%;height:70%;margin:15%;\"><div class=\"info-c-full-wrap\"><\/div><\/div><\/div><div class=\"smile_icon_list_wrap \" data-content_bg=\"#ffffff\" data-content_color=\"#253370\">\n\t\t\t\t\t\t\t<ul id=\"info-cirlce-wrap-7832\" class=\"smile_icon_list left circle with_bg\"><li class=\"icon_list_item\" style=\"font-size:96px;\">\n\t\t\t\t\t\t\t\t\t<div class=\"icon_list_icon\" style=\"font-size:32px;width:32px;height:32px;line-height:1;\">\n\t\t\t\t\t\t\t\t\t\t<i class=\"smt-pencil\"><\/i>\n\t\t\t\t\t\t\t\t\t<\/div>\n\t\t\t\t\t\t\t\t\t<div  class=\"icon_description\" style=\"font-size:32px;\">\n\t\t\t\t\t\t\t\t\t\t<div class=\"responsive-font-class ult-responsive\"  data-ultimate-target='#info-cirlce-wrap-7832 .responsive-font-class *'  data-responsive-json-new='{\"font-size\":\"\",\"line-height\":\"\"}'  style=\"font-weight:normal;font-weight:normal;\">\n\t\t\t\t\t\t\t\t\t\t\t<h3  data-ultimate-target='#info-cirlce-wrap-7832 .responsive-font-class h3.new-cust-responsive-class'  data-responsive-json-new='{\"font-size\":\"\",\"line-height\":\"\"}'  class=\"ult-responsive new-cust-responsive-class\" style=\"font-weight:normal;font-weight:normal;\"><\/h3>\n\t\t\t\t\t\t\t\t\t\t\t<p><\/p>\n\t\t\t\t\t\t\t\t\t\t<\/div>\n\t\t\t\t\t\t\t\t\t<\/div>\n\t\t\t\t\t\t\t\t\t<div class=\"icon_list_connector\" style=\" border-style:dashed;border-color:#fddf00; left:16px; top:32px;\">\n\t\t\t\t\t\t\t\t\t<\/div><\/li><\/ul>\n\t\t\t\t\t\t<\/div><\/div><\/div>[\/vc_column][\/vc_row][vc_row full_width=&#8221;stretch_row&#8221; gap=&#8221;30&#8243; bg_type=&#8221;image&#8221; parallax_style=&#8221;vcpb-default&#8221; bg_image_new=&#8221;id^818|url^https:\/\/costabrazil.com\/wp-content\/uploads\/2018\/04\/banner_1920x800_01.jpg|caption^null|alt^null|title^banner_1920x800_01|description^null&#8221; bg_override=&#8221;ex-full&#8221; type=&#8221;vc_default&#8221; css=&#8221;.vc_custom_1524164005055{padding-top: 50px !important;padding-bottom: 50px !important;background-color: #f4f4f4 !important;}&#8221;][vc_column width=&#8221;1\/2&#8243; el_class=&#8221;imgfaq&#8221; css=&#8221;.vc_custom_1524163207534{padding-top: 60px !important;}&#8221;][vc_single_image image=&#8221;1540&#8243; img_size=&#8221;700&#215;500&#8243; css=&#8221;.vc_custom_1525356528154{border-top-width: 5px !important;border-right-width: 5px !important;border-bottom-width: 5px !important;border-left-width: 5px !important;border-radius: 3px !important;}&#8221; el_class=&#8221;borda&#8221;][\/vc_column][vc_column width=&#8221;1\/2&#8243; css=&#8221;.vc_custom_1525357057647{margin-top: 0px !important;margin-right: 0px !important;margin-bottom: 0px !important;margin-left: 0px !important;border-top-width: 0px !important;border-right-width: 0px !important;border-bottom-width: 0px !important;border-left-width: 0px !important;padding-top: 30px !important;padding-right: 20px !important;padding-bottom: 30px !important;padding-left: 20px !important;background-color: #ffffff !important;}&#8221;]<div id=\"ultimate-heading-415169d3d16c6f4b4\" class=\"uvc-heading ult-adjust-bottom-margin ultimate-heading-415169d3d16c6f4b4 uvc-5713 \" data-hspacer=\"no_spacer\"  data-halign=\"left\" style=\"text-align:left\"><div class=\"uvc-heading-spacer no_spacer\" style=\"top\"><\/div><div class=\"uvc-main-heading ult-responsive\"  data-ultimate-target='.uvc-heading.ultimate-heading-415169d3d16c6f4b4 h2'  data-responsive-json-new='{\"font-size\":\"\",\"line-height\":\"\"}' ><h2 style=\"font-weight:bold;margin-bottom:20px;\">Perguntas Frequentes<\/h2><\/div><div class=\"uvc-sub-heading ult-responsive\"  data-ultimate-target='.uvc-heading.ultimate-heading-415169d3d16c6f4b4 .uvc-sub-heading '  data-responsive-json-new='{\"font-size\":\"desktop:14px;\",\"line-height\":\"desktop:28px;\"}'  style=\"font-weight:normal;margin-bottom:30px;\"><br \/>\nPerguntas frequentes (FAQ) ou Perguntas e Respostas (Q &amp; A), s\u00e3o listadas perguntas e respostas, todas supostamente feitas em algum contexto, e relativas a um t\u00f3pico espec\u00edfico. Ainda com d\u00favidas, <a href=\"https:\/\/costabrazil.com\/pt-br\/contato\/\">envie uma mensagem..<\/a>.<br \/>\n<\/div><\/div>[vc_tta_accordion shape=&#8221;square&#8221; spacing=&#8221;5&#8243; gap=&#8221;10&#8243; active_section=&#8221;&#8221; no_fill=&#8221;true&#8221; collapsible_all=&#8221;true&#8221; css=&#8221;.vc_custom_1525356889164{margin-right: 0px !important;margin-left: 0px !important;padding-right: 0px !important;padding-left: 0px !important;}&#8221;][vc_tta_section title=&#8221;Preciso de um visto para ir ao Brasil?&#8221; tab_id=&#8221;1524164130940-393b8632-d81a&#8221;][vc_column_text]<br \/>\nAlgumas nacionalidades precisam de visto para entrar no Brasil, EUA \u00e9 uma delas.<\/p>\n<p>Visite o site do consulado para saber se o seu pa\u00eds precisa de visto para entrar no Brasil.<\/p>\n<p>Os cidad\u00e3os dos Estados Unidos precisam de um visto de turista para viajar para o Brasil e podem enviar o pedido pelo correio.<\/p>\n<p>Por favor, visite cgwashington.itamaraty.gov.br\/en-us\/ Para saber qual Consulado est\u00e1 perto de voc\u00ea.<\/p>\n<p>Existem Consulados em Washington (cgwashington.itamaraty.gov.br\/en-us\/), Miami (miami.itamaraty.gov.br\/en-us\/)<\/p>\n<p>Atlanta (atlanta.itamaraty.gov.br\/en-us\/), Chicago (chicago.itamaraty.gov.br\/en-us\/), Los Angeles (losangeles.itamaraty.gov.br\/en-us\/) Nova York (novayork.itamaraty.gov.br\/en-us\/)<\/p>\n<p>e S\u00e3o Francisco (saofrancisco.itamaraty.gov.br\/en-us\/)<br \/>\n[\/vc_column_text][\/vc_tta_section][vc_tta_section title=&#8221;Quando \u00e9 a \u00e9poca baixa e alta temporada para o Brasil?&#8221; tab_id=&#8221;1524164130999-e1793420-adb3&#8243;][vc_column_text]<br \/>\nCada companhia a\u00e9rea tem suas pr\u00f3prias datas, geralmente baixa temporada \u00e9 de 01 de fevereiro a 14 de julho<\/p>\n<p>E novamente De 6 de agosto a 10 de dezembro<\/p>\n<p>Alta Temporada geralmente \u00e9 de 11 de dezembro a 31 de janeiro e 15 de julho a 5 de agosto<br \/>\n[\/vc_column_text][\/vc_tta_section][vc_tta_section title=&#8221;Como fa\u00e7o para renovar meu passaporte?&#8221; tab_id=&#8221;1524164299592-d477952f-0ff3&#8243;][vc_column_text]<br \/>\nA maioria dos Consulados exige uma nomea\u00e7\u00e3o para atender o p\u00fablico.<\/p>\n<p>Visite a p\u00e1gina do seu Consulado para saber como fazer a consulta e os documentos necess\u00e1rios.<\/p>\n<p>Se voc\u00ea \u00e9 cidad\u00e3o americano, voc\u00ea pode tentar descobrir qual Post Office em sua cidade faz este tipo de servi\u00e7o.<br \/>\n[\/vc_column_text][\/vc_tta_section][vc_tta_section title=&#8221;Eu tenho que pagar integralmente imediatamente?&#8221; tab_id=&#8221;1524164338867-2ba71f3d-bbbb&#8221;][vc_column_text]<br \/>\nSe voc\u00ea est\u00e1 comprando um cruzeiro com mais de 6 meses, voc\u00ea pode pagar em parcelas<\/p>\n<p>O valor que voc\u00ea deseja at\u00e9 que voc\u00ea pague integralmente na data final de vencimento.<\/p>\n<p>Se voc\u00ea est\u00e1 comprando um bilhete emitido no Brasil com o cart\u00e3o de cr\u00e9dito brasileiro, voc\u00ea tamb\u00e9m pode pagar at\u00e9 10 meses em parcelas.<\/p>\n<p>No entanto, alguns bilhetes de avi\u00e3o com tarifas promocionais devem ser pagos de uma s\u00f3 vez.<br \/>\n[\/vc_column_text][\/vc_tta_section][vc_tta_section title=&#8221;Estou pronto para reservar &#8211; o que eu fa\u00e7o?&#8221; tab_id=&#8221;1524164379733-b9dc105d-8fbc&#8221;][vc_column_text]<br \/>\nSe voc\u00ea est\u00e1 pronto para reservar, ligue para 1866-579-5842 nos EUA e (11) 3385-4554 no Brasil<\/p>\n<p>Trabalharemos para procurar a melhor tarifa para o Brasil para voc\u00ea.<\/p>\n<p>Tamb\u00e9m temos as melhores tarifas para a Am\u00e9rica Central, melhores tarifas para a Am\u00e9rica do Sul e boas tarifas para a Europa.<\/p>\n<p>Ent\u00e3o n\u00e3o demore. Compre seu ingresso onde quer que esteja pronto, ligue para n\u00f3s<br \/>\n[\/vc_column_text][\/vc_tta_section][vc_tta_section title=&#8221;Quando devo fazer a minha reserva?&#8221; tab_id=&#8221;1524164416610-4cd330f6-b5df&#8221;][vc_column_text]<br \/>\nSempre que voc\u00ea decide viajar e est\u00e1 pronto para pagar.<\/p>\n<p>Nunca adie a compra do seu bilhete a\u00e9reo ou pacote tur\u00edstico.<\/p>\n<p>Quanto mais cedo voc\u00ea fizer o mais barato que voc\u00ea paga.<br \/>\n[\/vc_column_text][\/vc_tta_section][\/vc_tta_accordion][\/vc_column][\/vc_row]<\/p>\n","protected":false},"excerpt":{"rendered":"<p>[vc_row equal_height=&#8221;yes&#8221; type=&#8221;vc_default&#8221; css=&#8221;.vc_custom_1524163063458{padding-bottom: 40px !important;}&#8221;][vc_column width=&#8221;1\/2&#8243; css=&#8221;.vc_custom_1524162502453{padding-top: 80px !important;padding-bottom: 30px !important;}&#8221;][vc_single_image image=&#8221;2051&#8243; img_size=&#8221;full&#8221;][vc_row_inner][vc_column_inner offset=&#8221;vc_hidden-lg vc_hidden-md vc_hidden-sm vc_col-xs-12&#8243;][\/vc_column_inner][\/vc_row_inner][\/vc_column][vc_column width=&#8221;1\/2&#8243; css=&#8221;.vc_custom_1474218736735{padding-bottom: 30px !important;}&#8221; offset=&#8221;vc_hidden-xs&#8221;][\/vc_column][\/vc_row][vc_row full_width=&#8221;stretch_row&#8221; gap=&#8221;30&#8243; bg_type=&#8221;image&#8221; parallax_style=&#8221;vcpb-default&#8221; bg_image_new=&#8221;id^818|url^https:\/\/costabrazil.com\/wp-content\/uploads\/2018\/04\/banner_1920x800_01.jpg|caption^null|alt^null|title^banner_1920x800_01|description^null&#8221; bg_override=&#8221;ex-full&#8221; type=&#8221;vc_default&#8221; css=&#8221;.vc_custom_1524164005055{padding-top: 50px !important;padding-bottom: 50px !important;background-color: #f4f4f4 !important;}&#8221;][vc_column width=&#8221;1\/2&#8243; el_class=&#8221;imgfaq&#8221; css=&#8221;.vc_custom_1524163207534{padding-top: 60px !important;}&#8221;][vc_single_image image=&#8221;1540&#8243; img_size=&#8221;700&#215;500&#8243; css=&#8221;.vc_custom_1525356528154{border-top-width: 5px !important;border-right-width: 5px !important;border-bottom-width: 5px !important;border-left-width: 5px !important;border-radius: 3px !important;}&#8221;&hellip;<\/p>\n","protected":false},"author":1,"featured_media":0,"parent":0,"menu_order":3,"comment_status":"closed","ping_status":"closed","template":"","meta":[],"_links":{"self":[{"href":"https:\/\/costabrazil.com\/pt-br\/wp-json\/wp\/v2\/pages\/2026\/"}],"collection":[{"href":"https:\/\/costabrazil.com\/pt-br\/wp-json\/wp\/v2\/pages\/"}],"about":[{"href":"https:\/\/costabrazil.com\/pt-br\/wp-json\/wp\/v2\/types\/page\/"}],"author":[{"embeddable":true,"href":"https:\/\/costabrazil.com\/pt-br\/wp-json\/wp\/v2\/users\/1\/"}],"replies":[{"embeddable":true,"href":"https:\/\/costabrazil.com\/pt-br\/wp-json\/wp\/v2\/comments\/?post=2026"}],"version-history":[{"count":5,"href":"https:\/\/costabrazil.com\/pt-br\/wp-json\/wp\/v2\/pages\/2026\/revisions\/"}],"predecessor-version":[{"id":2054,"href":"https:\/\/costabrazil.com\/pt-br\/wp-json\/wp\/v2\/pages\/2026\/revisions\/2054\/"}],"wp:attachment":[{"href":"https:\/\/costabrazil.com\/pt-br\/wp-json\/wp\/v2\/media\/?parent=2026"}],"curies":[{"name":"wp","href":"https:\/\/api.w.org\/{rel}","templated":true}]}}