{"id":1998,"date":"2018-06-26T17:46:17","date_gmt":"2018-06-26T21:46:17","guid":{"rendered":"https:\/\/costabrazil.com\/nossa-empresa\/"},"modified":"2018-06-27T19:11:10","modified_gmt":"2018-06-27T23:11:10","slug":"nossa-empresa","status":"publish","type":"page","link":"https:\/\/costabrazil.com\/pt-br\/nossa-empresa\/","title":{"rendered":"Nossa Empresa"},"content":{"rendered":"<p>[vc_row type=&#8221;vc_default&#8221; css=&#8221;.vc_custom_1523997486543{padding-bottom: 50px !important;}&#8221;][vc_column width=&#8221;1\/2&#8243; css=&#8221;.vc_custom_1474222710160{padding-bottom: 30px !important;}&#8221;][vc_row_inner][vc_column_inner offset=&#8221;vc_hidden-lg vc_hidden-md vc_hidden-sm vc_col-xs-12&#8243;][vc_single_image image=&#8221;809&#8243; img_size=&#8221;700&#215;500&#8243; css=&#8221;.vc_custom_1523993989427{margin-bottom: 30px !important;}&#8221;][\/vc_column_inner][\/vc_row_inner]<div class=\"aio-icon-component    style_1\"><div id=\"Info-box-wrap-7866\" class=\"aio-icon-box default-icon\" style=\"\"  ><div class=\"aio-icon-default\"><div class=\"ult-just-icon-wrapper  \"><div class=\"align-icon\" style=\"text-align:center;\">\n<div class=\"aio-icon none \"  style=\"color:#253370;font-size:32px;display:inline-block;\">\n\t<i class=\"Defaults-globe\"><\/i>\n<\/div><\/div><\/div><\/div><div class=\"aio-icon-header\" ><h2 class=\"aio-icon-title ult-responsive\"  data-ultimate-target='#Info-box-wrap-7866 .aio-icon-title'  data-responsive-json-new='{\"font-size\":\"\",\"line-height\":\"\"}'  style=\"color:#253370;\">A melhor do Brasil<\/h2><\/div> <!-- header --><div class=\"aio-icon-description ult-responsive\"  data-ultimate-target='#Info-box-wrap-7866 .aio-icon-description'  data-responsive-json-new='{\"font-size\":\"\",\"line-height\":\"\"}'  style=\"\"><br \/>\nNossa equipe \u00e9 altamente treinada e qualificada para atender \u00e0s suas necessidades e oferecer um pacote de viagem personalizado de acordo com seus desejos e or\u00e7amento.<br \/>\n<\/div> <!-- description --><\/div> <!-- aio-icon-box --><\/div> <!-- aio-icon-component --><div class=\"aio-icon-component    style_1\"><div id=\"Info-box-wrap-6653\" class=\"aio-icon-box default-icon\" style=\"\"  ><div class=\"aio-icon-default\"><div class=\"ult-just-icon-wrapper  \"><div class=\"align-icon\" style=\"text-align:center;\">\n<div class=\"aio-icon none \"  style=\"color:#253370;font-size:32px;display:inline-block;\">\n\t<i class=\"Defaults-diamond\"><\/i>\n<\/div><\/div><\/div><\/div><div class=\"aio-icon-header\" ><h2 class=\"aio-icon-title ult-responsive\"  data-ultimate-target='#Info-box-wrap-6653 .aio-icon-title'  data-responsive-json-new='{\"font-size\":\"\",\"line-height\":\"\"}'  style=\"color:#253370;\">Melhor suporte<\/h2><\/div> <!-- header --><div class=\"aio-icon-description ult-responsive\"  data-ultimate-target='#Info-box-wrap-6653 .aio-icon-description'  data-responsive-json-new='{\"font-size\":\"\",\"line-height\":\"\"}'  style=\"\"><br \/>\nExcel\u00eancia em atendimento, a equipe da Costa Brazil \u00e9 hoje a maior e mais abrangente da regi\u00e3o central da Fl\u00f3rida.<br \/>\n<\/div> <!-- description --><\/div> <!-- aio-icon-box --><\/div> <!-- aio-icon-component --><div class=\"aio-icon-component    style_1\"><div id=\"Info-box-wrap-6498\" class=\"aio-icon-box default-icon\" style=\"\"  ><div class=\"aio-icon-default\"><div class=\"ult-just-icon-wrapper  \"><div class=\"align-icon\" style=\"text-align:center;\">\n<div class=\"aio-icon none \"  style=\"color:#253370;font-size:32px;display:inline-block;\">\n\t<i class=\"Defaults-group users\"><\/i>\n<\/div><\/div><\/div><\/div><div class=\"aio-icon-header\" ><h2 class=\"aio-icon-title ult-responsive\"  data-ultimate-target='#Info-box-wrap-6498 .aio-icon-title'  data-responsive-json-new='{\"font-size\":\"\",\"line-height\":\"\"}'  style=\"color:#253370;\">Agentes Profissionais<\/h2><\/div> <!-- header --><div class=\"aio-icon-description ult-responsive\"  data-ultimate-target='#Info-box-wrap-6498 .aio-icon-description'  data-responsive-json-new='{\"font-size\":\"\",\"line-height\":\"\"}'  style=\"\"><br \/>\nDeixe nossos agentes experientes encontrar as melhores ofertas. N\u00f3s trabalhamos para voc\u00ea, envie seu pedido.<br \/>\n<\/div> <!-- description --><\/div> <!-- aio-icon-box --><\/div> <!-- aio-icon-component -->[\/vc_column][vc_column width=&#8221;1\/2&#8243; css=&#8221;.vc_custom_1523996602419{padding-bottom: 30px !important;}&#8221; offset=&#8221;vc_hidden-xs&#8221; el_class=&#8221;imgabout&#8221;][vc_single_image image=&#8221;1548&#8243; img_size=&#8221;1200&#215;900&#8243; style=&#8221;vc_box_shadow_border&#8221;][\/vc_column][\/vc_row][vc_row equal_height=&#8221;yes&#8221; bg_type=&#8221;image&#8221; parallax_style=&#8221;vcpb-default&#8221; bg_image_new=&#8221;id^1788|url^https:\/\/costabrazil.com\/wp-content\/uploads\/2018\/06\/banner_1920x800_03_DARK.jpg|caption^null|alt^null|title^banner_1920x800_03_DARK|description^null&#8221; bg_override=&#8221;ex-full&#8221; type=&#8221;vc_default&#8221; css=&#8221;.vc_custom_1530049825394{padding-top: 50px !important;background-color: #f4f4f4 !important;}&#8221;][vc_column width=&#8221;1\/2&#8243; css=&#8221;.vc_custom_1523997379723{margin-top: 50px !important;margin-bottom: 100px !important;}&#8221; offset=&#8221;vc_col-lg-6 vc_col-md-6&#8243;]<div id=\"ultimate-heading-323569d3cc39587f9\" class=\"uvc-heading ult-adjust-bottom-margin ultimate-heading-323569d3cc39587f9 uvc-3053 sombraabout\" data-hspacer=\"no_spacer\"  data-halign=\"left\" style=\"text-align:left\"><div class=\"uvc-heading-spacer no_spacer\" style=\"top\"><\/div><div class=\"uvc-main-heading ult-responsive\"  data-ultimate-target='.uvc-heading.ultimate-heading-323569d3cc39587f9 h2'  data-responsive-json-new='{\"font-size\":\"desktop:30px;\",\"line-height\":\"\"}' ><h2 style=\"font-weight:bold;color:#ffffff;margin-bottom:20px;\">Bem vindo a Costa Brazil Tours<\/h2><\/div><div class=\"uvc-sub-heading ult-responsive\"  data-ultimate-target='.uvc-heading.ultimate-heading-323569d3cc39587f9 .uvc-sub-heading '  data-responsive-json-new='{\"font-size\":\"desktop:18px;\",\"line-height\":\"desktop:34px;\"}'  style=\"font-weight:normal;margin-bottom:20px;\"><span style=\"color: #ffffff;\">Mesmo com a compra on-line, nossos clientes podem contar com o apoio e a experi\u00eancia de nossos profissionais que estar\u00e3o sempre dispon\u00edveis para auxiliar em qualquer \u00e1rea de sua viagem. Com mais de 25 anos de experi\u00eancia em passagens a\u00e9reas para a Costa Brazil hoje e a quinta maior ag\u00eancia de viagens em vendas de passagens a\u00e9reas para o Brasil.<\/span><\/div><\/div><div class=\" vc_custom_1530140763097 ubtn-ctn-left \"><a class=\"ubtn-link ult-adjust-bottom-margin ubtn-left ubtn-custom \" href=\"https:\/\/costabrazil.com\/pt-br\/contato\/\" ><button type=\"button\" id=\"ubtn-8714\"  class=\"ubtn ult-adjust-bottom-margin ult-responsive ubtn-custom ubtn-fade-bg  none  ubtn-left   tooltip-69d3cc395888a\"  data-hover=\"#2b6fac\" data-border-color=\"rgba(255,255,255,0.4)\" data-bg=\"rgba(43,111,172,0.01)\" data-hover-bg=\"#eeee22\" data-border-hover=\"#ffffff\" data-shadow-hover=\"\" data-shadow-click=\"none\" data-shadow=\"\" data-shd-shadow=\"\"  data-ultimate-target='#ubtn-8714'  data-responsive-json-new='{\"font-size\":\"desktop:20px;\",\"line-height\":\"desktop:20px;\"}'  style=\"font-family:&#039;Montserrat&#039;;font-weight:700;width:px;min-height:36px;padding:15px 25px;border-radius:0px;border-width:4px;border-color:rgba(255,255,255,0.4);border-style:solid;background: rgba(43,111,172,0.01);color: #ffffff;\"><span class=\"ubtn-hover\" style=\"background-color:#eeee22\"><\/span><span class=\"ubtn-data ubtn-text \" >Entre em contato hoje mesmo!<\/span><\/button><\/a><\/div>[\/vc_column][vc_column width=&#8221;1\/2&#8243;]<div class=\"shortcode-single-image-wrap alignnone \" style=\"margin-top:0px; margin-bottom:0px; margin-left:0px; margin-right:0px; width:500px;\"><div class=\"shortcode-single-image\"><div class=\"fancy-media-wrap\" style=\"\"><div class=\"layzr-bg rollover-video\" style=\"\"><img class=\"lazy-load\" src=\"data:image\/svg+xml;charset=utf-8,%3Csvg xmlns%3D&#039;http%3A%2F%2Fwww.w3.org%2F2000%2Fsvg&#039; viewBox%3D&#039;0 0 400 400&#039;%2F%3E\" width=\"400\" height=\"400\" dt-data-location=\"https:\/\/costabrazil.com\/wp-content\/uploads\/2018\/05\/team-costa-brazil.jpg\" data-srcset=\"https:\/\/costabrazil.com\/wp-content\/uploads\/2018\/05\/team-costa-brazil.jpg 400w\" data-src=\"https:\/\/costabrazil.com\/wp-content\/uploads\/2018\/05\/team-costa-brazil.jpg\" \/><a class=\"video-icon dt-pswp-item pswp-video\" href=\"https:\/\/www.youtube.com\/watch?v=MDLYmBNmapU\" title=\"\" data-dt-img-description=\"\"><\/a><\/div><\/div><\/div><\/div>[\/vc_column][\/vc_row][vc_row gap=&#8221;30&#8243; css=&#8221;.vc_custom_1524058264244{padding-top: 50px !important;padding-bottom: 50px !important;}&#8221;][vc_column width=&#8221;1\/3&#8243; css=&#8221;.vc_custom_1525204236287{padding-top: 30px !important;padding-right: 20px !important;padding-bottom: 30px !important;padding-left: 20px !important;background-color: #253370 !important;}&#8221;]<div class=\"ult-just-icon-wrapper   vc_custom_1525204359739\"><div class=\"align-icon\" style=\"text-align:center;\">\n<div class=\"aio-icon circle \"  style=\"color:#253370;background:#ffffff;font-size:32px;display:inline-block;\">\n\t<i class=\"Defaults-plane\"><\/i>\n<\/div><\/div><\/div><div id=\"ultimate-heading-539669d3cc3958b65\" class=\"uvc-heading ult-adjust-bottom-margin ultimate-heading-539669d3cc3958b65 uvc-6527 \" data-hspacer=\"no_spacer\"  data-halign=\"center\" style=\"text-align:center\"><div class=\"uvc-heading-spacer no_spacer\" style=\"top\"><\/div><div class=\"uvc-main-heading ult-responsive\"  data-ultimate-target='.uvc-heading.ultimate-heading-539669d3cc3958b65 h2'  data-responsive-json-new='{\"font-size\":\"\",\"line-height\":\"\"}' ><h2 style=\"font-weight:normal;color:#fddf00;\">Nossa miss\u00e3o<\/h2><\/div><div class=\"uvc-sub-heading ult-responsive\"  data-ultimate-target='.uvc-heading.ultimate-heading-539669d3cc3958b65 .uvc-sub-heading '  data-responsive-json-new='{\"font-size\":\"\",\"line-height\":\"\"}'  style=\"font-weight:normal;color:#ffffff;\"><br \/>\nVivemos e respiramos todos os dias pesquisando, gerenciando, organizando e negociando as melhores tarifas a\u00e9reas e tarifas de hotel.<br \/>\n<\/div><\/div>[\/vc_column][vc_column width=&#8221;1\/3&#8243; css=&#8221;.vc_custom_1525204244542{padding-top: 30px !important;padding-right: 20px !important;padding-bottom: 30px !important;padding-left: 20px !important;background-color: #253370 !important;}&#8221;]<div class=\"ult-just-icon-wrapper   vc_custom_1525204349153\"><div class=\"align-icon\" style=\"text-align:center;\">\n<div class=\"aio-icon circle \"  style=\"color:#253370;background:#ffffff;font-size:32px;display:inline-block;\">\n\t<i class=\"Defaults-dollar usd\"><\/i>\n<\/div><\/div><\/div><div id=\"ultimate-heading-210469d3cc3958bff\" class=\"uvc-heading ult-adjust-bottom-margin ultimate-heading-210469d3cc3958bff uvc-9021 \" data-hspacer=\"no_spacer\"  data-halign=\"center\" style=\"text-align:center\"><div class=\"uvc-heading-spacer no_spacer\" style=\"top\"><\/div><div class=\"uvc-main-heading ult-responsive\"  data-ultimate-target='.uvc-heading.ultimate-heading-210469d3cc3958bff h2'  data-responsive-json-new='{\"font-size\":\"\",\"line-height\":\"\"}' ><h2 style=\"font-weight:normal;color:#fddf00;\">Nossa vis\u00e3o<\/h2><\/div><div class=\"uvc-sub-heading ult-responsive\"  data-ultimate-target='.uvc-heading.ultimate-heading-210469d3cc3958bff .uvc-sub-heading '  data-responsive-json-new='{\"font-size\":\"\",\"line-height\":\"\"}'  style=\"font-weight:normal;color:#ffffff;\"><br \/>\nN\u00f3s os ajudamos voc\u00ea para garantir o melhor valor e servi\u00e7o para cada um dos seus d\u00f3lares de sua viagem.<br \/>\n<\/div><\/div>[\/vc_column][vc_column width=&#8221;1\/3&#8243; css=&#8221;.vc_custom_1525204253160{padding-top: 30px !important;padding-right: 20px !important;padding-bottom: 30px !important;padding-left: 20px !important;background-color: #253370 !important;}&#8221;]<div class=\"ult-just-icon-wrapper   vc_custom_1525204384748\"><div class=\"align-icon\" style=\"text-align:center;\">\n<div class=\"aio-icon circle \"  style=\"color:#253370;background:#ffffff;font-size:32px;display:inline-block;\">\n\t<i class=\"icomoon-brankic-32x32-magnifier\"><\/i>\n<\/div><\/div><\/div><div id=\"ultimate-heading-779669d3cc3958ca1\" class=\"uvc-heading ult-adjust-bottom-margin ultimate-heading-779669d3cc3958ca1 uvc-8005 \" data-hspacer=\"no_spacer\"  data-halign=\"center\" style=\"text-align:center\"><div class=\"uvc-heading-spacer no_spacer\" style=\"top\"><\/div><div class=\"uvc-main-heading ult-responsive\"  data-ultimate-target='.uvc-heading.ultimate-heading-779669d3cc3958ca1 h2'  data-responsive-json-new='{\"font-size\":\"\",\"line-height\":\"\"}' ><h2 style=\"font-weight:normal;color:#fddf00;\">O que n\u00f3s fazemos<\/h2><\/div><div class=\"uvc-sub-heading ult-responsive\"  data-ultimate-target='.uvc-heading.ultimate-heading-779669d3cc3958ca1 .uvc-sub-heading '  data-responsive-json-new='{\"font-size\":\"\",\"line-height\":\"\"}'  style=\"font-weight:normal;color:#ffffff;\"><br \/>\nUsamos a tecnologia mais moderna e oferecemos a possibilidade de voc\u00ea fazer login em nosso site seguro para verificar suas informa\u00e7\u00f5es de viagem a qualquer momento e em qualquer lugar.<br \/>\n<\/div><\/div>[\/vc_column][\/vc_row][vc_row full_width=&#8221;stretch_row&#8221; equal_height=&#8221;yes&#8221; content_placement=&#8221;middle&#8221; bg_type=&#8221;image&#8221; parallax_style=&#8221;vcpb-default&#8221; bg_image_new=&#8221;id^1788|url^https:\/\/costabrazil.com\/wp-content\/uploads\/2018\/06\/banner_1920x800_03_DARK.jpg|caption^null|alt^null|title^banner_1920x800_03_DARK|description^null&#8221; type=&#8221;vc_default&#8221; css=&#8221;.vc_custom_1530140637286{padding-top: 40px !important;padding-bottom: 40px !important;background-color: #253370 !important;}&#8221;][vc_column offset=&#8221;vc_col-lg-8 vc_col-md-8 vc_col-xs-12&#8243;][vc_row_inner][vc_column_inner offset=&#8221;vc_hidden-sm vc_hidden-xs&#8221;]<div id=\"ultimate-heading-952769d3cc3958ce9\" class=\"uvc-heading ult-adjust-bottom-margin ultimate-heading-952769d3cc3958ce9 uvc-5681 \" data-hspacer=\"no_spacer\"  data-halign=\"left\" style=\"text-align:left\"><div class=\"uvc-heading-spacer no_spacer\" style=\"top\"><\/div><div class=\"uvc-main-heading ult-responsive\"  data-ultimate-target='.uvc-heading.ultimate-heading-952769d3cc3958ce9 h2'  data-responsive-json-new='{\"font-size\":\"desktop:30px;\",\"line-height\":\"desktop:40px;\"}' ><h2 style=\"font-weight:normal;color:#ffffff;margin-bottom:10px;\">Voc\u00ea est\u00e1 pronto para uma consulta?<\/h2><\/div><div class=\"uvc-sub-heading ult-responsive\"  data-ultimate-target='.uvc-heading.ultimate-heading-952769d3cc3958ce9 .uvc-sub-heading '  data-responsive-json-new='{\"font-size\":\"desktop:17px;\",\"line-height\":\"desktop:27px;\"}'  style=\"font-weight:normal;color:#ffffff;\">Seu tratamento ser\u00e1 realizado por um profissional qualificado. Agende sua consulta agora!<\/div><\/div>[\/vc_column_inner][\/vc_row_inner][vc_row_inner][vc_column_inner offset=&#8221;vc_hidden-lg vc_hidden-md&#8221;]<div id=\"ultimate-heading-697569d3cc3958d30\" class=\"uvc-heading ult-adjust-bottom-margin ultimate-heading-697569d3cc3958d30 uvc-7816 \" data-hspacer=\"no_spacer\"  data-halign=\"center\" style=\"text-align:center\"><div class=\"uvc-heading-spacer no_spacer\" style=\"top\"><\/div><div class=\"uvc-main-heading ult-responsive\"  data-ultimate-target='.uvc-heading.ultimate-heading-697569d3cc3958d30 h2'  data-responsive-json-new='{\"font-size\":\"desktop:30px;\",\"line-height\":\"desktop:40px;\"}' ><h2 style=\"font-weight:normal;color:#ffffff;margin-bottom:10px;\">Voc\u00ea est\u00e1 pronto para uma consulta?<\/h2><\/div><div class=\"uvc-sub-heading ult-responsive\"  data-ultimate-target='.uvc-heading.ultimate-heading-697569d3cc3958d30 .uvc-sub-heading '  data-responsive-json-new='{\"font-size\":\"desktop:17px;\",\"line-height\":\"desktop:27px;\"}'  style=\"font-weight:normal;color:#ffffff;\">Seu tratamento ser\u00e1 realizado por um profissional qualificado. Agende sua consulta agora!<\/div><\/div><div class=\" vc_custom_1530141067272 ubtn-ctn-center \"><a class=\"ubtn-link ult-adjust-bottom-margin ubtn-center ubtn-custom \" href=\"https:\/\/costabrazil.com\/pt-br\/solicite-um-orcamento\/\" ><button type=\"button\" id=\"ubtn-2898\"  class=\"ubtn ult-adjust-bottom-margin ult-responsive ubtn-custom ubtn-fade-bg  none  ubtn-center   tooltip-69d3cc3958d9b\"  data-hover=\"#28a7fb\" data-border-color=\"rgba(255,255,255,0.4)\" data-bg=\"rgba(255,255,255,0.01)\" data-hover-bg=\"#eeee22\" data-border-hover=\"#ffffff\" data-shadow-hover=\"\" data-shadow-click=\"none\" data-shadow=\"\" data-shd-shadow=\"\"  data-ultimate-target='#ubtn-2898'  data-responsive-json-new='{\"font-size\":\"desktop:18px;\",\"line-height\":\"desktop:18px;\"}'  style=\"font-family:&#039;Montserrat&#039;;font-weight:700;width:px;min-height:38px;padding:15px 25px;border-radius:0px;border-width:4px;border-color:rgba(255,255,255,0.4);border-style:solid;background: rgba(255,255,255,0.01);color: #ffffff;\"><span class=\"ubtn-hover\" style=\"background-color:#eeee22\"><\/span><span class=\"ubtn-data ubtn-text \" >Solicite um Or\u00e7amento<\/span><\/button><\/a><\/div>[\/vc_column_inner][\/vc_row_inner][\/vc_column][vc_column offset=&#8221;vc_col-lg-4 vc_col-md-4 vc_hidden-sm vc_col-xs-12 vc_hidden-xs&#8221;]<div class=\" vc_custom_1530140785929 ubtn-ctn-right \"><a class=\"ubtn-link ult-adjust-bottom-margin ubtn-right ubtn-custom \" href=\"https:\/\/costabrazil.com\/pt-br\/solicite-um-orcamento\/\" ><button type=\"button\" id=\"ubtn-7168\"  class=\"ubtn ult-adjust-bottom-margin ult-responsive ubtn-custom ubtn-fade-bg  none  ubtn-right   tooltip-69d3cc3958ecc\"  data-hover=\"#28a7fb\" data-border-color=\"rgba(255,255,255,0.4)\" data-bg=\"rgba(255,255,255,0.01)\" data-hover-bg=\"#eeee22\" data-border-hover=\"#ffffff\" data-shadow-hover=\"\" data-shadow-click=\"none\" data-shadow=\"\" data-shd-shadow=\"\"  data-ultimate-target='#ubtn-7168'  data-responsive-json-new='{\"font-size\":\"desktop:20px;\",\"line-height\":\"desktop:20px;\"}'  style=\"font-family:&#039;Montserrat&#039;;font-weight:700;width:px;min-height:36px;padding:15px 25px;border-radius:0px;border-width:4px;border-color:rgba(255,255,255,0.4);border-style:solid;background: rgba(255,255,255,0.01);color: #ffffff;\"><span class=\"ubtn-hover\" style=\"background-color:#eeee22\"><\/span><span class=\"ubtn-data ubtn-text \" >Solicite um or\u00e7amento<\/span><\/button><\/a><\/div>[\/vc_column][\/vc_row]<\/p>\n","protected":false},"excerpt":{"rendered":"<p>[vc_row type=&#8221;vc_default&#8221; css=&#8221;.vc_custom_1523997486543{padding-bottom: 50px !important;}&#8221;][vc_column width=&#8221;1\/2&#8243; css=&#8221;.vc_custom_1474222710160{padding-bottom: 30px !important;}&#8221;][vc_row_inner][vc_column_inner offset=&#8221;vc_hidden-lg vc_hidden-md vc_hidden-sm vc_col-xs-12&#8243;][vc_single_image image=&#8221;809&#8243; img_size=&#8221;700&#215;500&#8243; css=&#8221;.vc_custom_1523993989427{margin-bottom: 30px !important;}&#8221;][\/vc_column_inner][\/vc_row_inner][\/vc_column][vc_column width=&#8221;1\/2&#8243; css=&#8221;.vc_custom_1523996602419{padding-bottom: 30px !important;}&#8221; offset=&#8221;vc_hidden-xs&#8221; el_class=&#8221;imgabout&#8221;][vc_single_image image=&#8221;1548&#8243; img_size=&#8221;1200&#215;900&#8243; style=&#8221;vc_box_shadow_border&#8221;][\/vc_column][\/vc_row][vc_row equal_height=&#8221;yes&#8221; bg_type=&#8221;image&#8221; parallax_style=&#8221;vcpb-default&#8221; bg_image_new=&#8221;id^1788|url^https:\/\/costabrazil.com\/wp-content\/uploads\/2018\/06\/banner_1920x800_03_DARK.jpg|caption^null|alt^null|title^banner_1920x800_03_DARK|description^null&#8221; bg_override=&#8221;ex-full&#8221; type=&#8221;vc_default&#8221; css=&#8221;.vc_custom_1530049825394{padding-top: 50px !important;background-color: #f4f4f4 !important;}&#8221;][vc_column width=&#8221;1\/2&#8243; css=&#8221;.vc_custom_1523997379723{margin-top: 50px !important;margin-bottom: 100px !important;}&#8221; offset=&#8221;vc_col-lg-6 vc_col-md-6&#8243;][\/vc_column][vc_column width=&#8221;1\/2&#8243;][\/vc_column][\/vc_row][vc_row gap=&#8221;30&#8243; css=&#8221;.vc_custom_1524058264244{padding-top: 50px !important;padding-bottom: 50px !important;}&#8221;][vc_column width=&#8221;1\/3&#8243; css=&#8221;.vc_custom_1525204236287{padding-top:&hellip;<\/p>\n","protected":false},"author":1,"featured_media":0,"parent":0,"menu_order":1,"comment_status":"closed","ping_status":"closed","template":"","meta":[],"_links":{"self":[{"href":"https:\/\/costabrazil.com\/pt-br\/wp-json\/wp\/v2\/pages\/1998\/"}],"collection":[{"href":"https:\/\/costabrazil.com\/pt-br\/wp-json\/wp\/v2\/pages\/"}],"about":[{"href":"https:\/\/costabrazil.com\/pt-br\/wp-json\/wp\/v2\/types\/page\/"}],"author":[{"embeddable":true,"href":"https:\/\/costabrazil.com\/pt-br\/wp-json\/wp\/v2\/users\/1\/"}],"replies":[{"embeddable":true,"href":"https:\/\/costabrazil.com\/pt-br\/wp-json\/wp\/v2\/comments\/?post=1998"}],"version-history":[{"count":5,"href":"https:\/\/costabrazil.com\/pt-br\/wp-json\/wp\/v2\/pages\/1998\/revisions\/"}],"predecessor-version":[{"id":2294,"href":"https:\/\/costabrazil.com\/pt-br\/wp-json\/wp\/v2\/pages\/1998\/revisions\/2294\/"}],"wp:attachment":[{"href":"https:\/\/costabrazil.com\/pt-br\/wp-json\/wp\/v2\/media\/?parent=1998"}],"curies":[{"name":"wp","href":"https:\/\/api.w.org\/{rel}","templated":true}]}}