{"id":1995,"date":"2018-06-26T17:37:20","date_gmt":"2018-06-26T21:37:20","guid":{"rendered":"https:\/\/costabrazil.com\/politica-de-devolucoes-e-reembolsos\/"},"modified":"2018-06-26T17:37:22","modified_gmt":"2018-06-26T21:37:22","slug":"politica-de-devolucoes-e-reembolsos","status":"publish","type":"page","link":"https:\/\/costabrazil.com\/pt-br\/politica-de-devolucoes-e-reembolsos\/","title":{"rendered":"Pol\u00edtica de Devolu\u00e7\u00f5es e Reembolsos"},"content":{"rendered":"<p>[vc_row][vc_column][vc_column_text]Pol\u00edtica de Devolu\u00e7\u00f5es e Reembolsos<\/p>\n<p>Obrigado por fazer compras na Costa Brazil Tours.<\/p>\n<p>Produtos digitais<\/p>\n<p>Emitimos reembolsos para produtos digitais no prazo de 15 dias ap\u00f3s a compra original do produto.<\/p>\n<p>Emitimos reembolsos para produtos digitais apenas nas seguintes condi\u00e7\u00f5es:<\/p>\n<p>&#8211; Produto n\u00e3o entregue (se voc\u00ea n\u00e3o recebeu o email de n\u00f3s)<\/p>\n<p>Recomendamos entrar em contato conosco para obter assist\u00eancia caso voc\u00ea tenha problemas para receber ou fazer download de nossos produtos.<\/p>\n<p>Contate-Nos<\/p>\n<p>Se voc\u00ea tiver alguma d\u00favida sobre nossa Pol\u00edtica de Devolu\u00e7\u00f5es e Reembolsos, entre em contato conosco:<\/p>\n<p>&#8211; Por email: info@costabrazil.com[\/vc_column_text][\/vc_column][\/vc_row]<\/p>\n","protected":false},"excerpt":{"rendered":"<p>[vc_row][vc_column][vc_column_text]Pol\u00edtica de Devolu\u00e7\u00f5es e Reembolsos Obrigado por fazer compras na Costa Brazil Tours. Produtos digitais Emitimos reembolsos para produtos digitais no prazo de 15 dias ap\u00f3s a compra original do produto. Emitimos reembolsos para produtos digitais apenas nas seguintes condi\u00e7\u00f5es: &#8211; Produto n\u00e3o entregue (se voc\u00ea n\u00e3o recebeu o email de n\u00f3s) Recomendamos entrar em&hellip;<\/p>\n","protected":false},"author":1,"featured_media":0,"parent":0,"menu_order":0,"comment_status":"closed","ping_status":"closed","template":"","meta":[],"_links":{"self":[{"href":"https:\/\/costabrazil.com\/pt-br\/wp-json\/wp\/v2\/pages\/1995\/"}],"collection":[{"href":"https:\/\/costabrazil.com\/pt-br\/wp-json\/wp\/v2\/pages\/"}],"about":[{"href":"https:\/\/costabrazil.com\/pt-br\/wp-json\/wp\/v2\/types\/page\/"}],"author":[{"embeddable":true,"href":"https:\/\/costabrazil.com\/pt-br\/wp-json\/wp\/v2\/users\/1\/"}],"replies":[{"embeddable":true,"href":"https:\/\/costabrazil.com\/pt-br\/wp-json\/wp\/v2\/comments\/?post=1995"}],"version-history":[{"count":1,"href":"https:\/\/costabrazil.com\/pt-br\/wp-json\/wp\/v2\/pages\/1995\/revisions\/"}],"predecessor-version":[{"id":1996,"href":"https:\/\/costabrazil.com\/pt-br\/wp-json\/wp\/v2\/pages\/1995\/revisions\/1996\/"}],"wp:attachment":[{"href":"https:\/\/costabrazil.com\/pt-br\/wp-json\/wp\/v2\/media\/?parent=1995"}],"curies":[{"name":"wp","href":"https:\/\/api.w.org\/{rel}","templated":true}]}}