{"id":1986,"date":"2018-06-26T14:41:23","date_gmt":"2018-06-26T18:41:23","guid":{"rendered":"https:\/\/costabrazil.com\/politica-de-privacidade\/"},"modified":"2018-06-26T14:41:25","modified_gmt":"2018-06-26T18:41:25","slug":"politica-de-privacidade","status":"publish","type":"page","link":"https:\/\/costabrazil.com\/pt-br\/politica-de-privacidade\/","title":{"rendered":"Pol\u00edtica de Privacidade"},"content":{"rendered":"<p>[vc_row][vc_column][vc_column_text]<\/p>\n<div>\n<p><strong> Pol\u00edtica de Privacidade <\/strong><\/p>\n<p>\u00daltima atualiza\u00e7\u00e3o: 13 de mar\u00e7o de 2015<\/p>\n<p>O COSTA BRAZIL TOUR (&#8220;n\u00f3s&#8221;, &#8220;n\u00f3s&#8221; ou &#8220;nosso&#8221;) opera o site www.passagensfacil.com (o &#8220;Servi\u00e7o&#8221;).<\/p>\n<p>Esta p\u00e1gina informa sobre nossas pol\u00edticas relativas \u00e0 coleta, uso e divulga\u00e7\u00e3o de Informa\u00e7\u00f5es Pessoais quando voc\u00ea usa nosso Servi\u00e7o.<\/p>\n<p>N\u00f3s n\u00e3o usaremos ou compartilharemos suas informa\u00e7\u00f5es com ningu\u00e9m, exceto conforme descrito nesta Pol\u00edtica de Privacidade.<\/p>\n<p>Usamos suas informa\u00e7\u00f5es pessoais para fornecer e melhorar o servi\u00e7o. Ao usar o Servi\u00e7o, voc\u00ea concorda com a coleta e uso de informa\u00e7\u00f5es de acordo com esta pol\u00edtica. A menos que definido de outra forma nesta Pol\u00edtica de Privacidade, os termos usados \u200b\u200bnesta Pol\u00edtica de Privacidade t\u00eam os mesmos significados que os nossos Termos e Condi\u00e7\u00f5es, acess\u00edveis em www.portalorlando.com<\/p>\n<p><strong> Coleta e uso de informa\u00e7\u00f5es <\/strong><\/p>\n<p>Ao usar nosso Servi\u00e7o, podemos solicitar que voc\u00ea nos forne\u00e7a algumas informa\u00e7\u00f5es pessoais identific\u00e1veis \u200b\u200bque podem ser usadas para contat\u00e1-lo ou identific\u00e1-lo. Informa\u00e7\u00f5es pessoais identific\u00e1veis \u200b\u200bpodem incluir, mas n\u00e3o est\u00e3o limitadas a, seu endere\u00e7o de e-mail, nome, n\u00famero de telefone, endere\u00e7o postal, outras informa\u00e7\u00f5es (&#8220;Informa\u00e7\u00f5es Pessoais&#8221;).<\/p>\n<p>Coletamos essas informa\u00e7\u00f5es com o objetivo de fornecer o Servi\u00e7o, identificando-nos e nos comunicando com voc\u00ea, respondendo \u00e0s suas solicita\u00e7\u00f5es\/consultas, atendendo aos seus pedidos de compra e melhorando nossos servi\u00e7os.<\/p>\n<p><strong> Dados de registro <\/strong><\/p>\n<p>N\u00f3s coletamos informa\u00e7\u00f5es que o seu navegador envia sempre que voc\u00ea visita o nosso Servi\u00e7o (&#8220;Dados de Log&#8221;). Estes Dados de Log podem incluir informa\u00e7\u00f5es como endere\u00e7o IP do seu computador, tipo de navegador, vers\u00e3o do navegador, as p\u00e1ginas do nosso Servi\u00e7o que voc\u00ea visita, a hora e data de sua visita, o tempo gasto nessas p\u00e1ginas e outras informa\u00e7\u00f5es. Estatisticas.<\/p>\n<p>Al\u00e9m disso, podemos usar servi\u00e7os de terceiros, como o Google Analytics, que coletam, monitoram e analisam esse tipo de informa\u00e7\u00e3o para aumentar a funcionalidade de nosso Servi\u00e7o. Esses provedores de servi\u00e7os terceirizados t\u00eam suas pr\u00f3prias pol\u00edticas de privacidade, abordando como usam essas informa\u00e7\u00f5es.<\/p>\n<p><strong> Cookies <\/strong><\/p>\n<p>Cookies s\u00e3o arquivos com uma pequena quantidade de dados, que podem incluir um identificador exclusivo an\u00f4nimo. Os cookies s\u00e3o enviados para o seu navegador a partir de um site e transferidos para o seu dispositivo. Usamos cookies para coletar informa\u00e7\u00f5es para melhorar nossos servi\u00e7os para voc\u00ea.<\/p>\n<p>Voc\u00ea pode instruir o seu navegador para recusar todos os cookies ou para indicar quando um cookie est\u00e1 sendo enviado. O recurso de Ajuda na maioria dos navegadores fornece informa\u00e7\u00f5es sobre como aceitar cookies, desativar cookies ou notific\u00e1-lo quando receber um novo cookie.<\/p>\n<p>Se voc\u00ea n\u00e3o aceitar cookies, talvez n\u00e3o consiga usar alguns recursos de nosso Servi\u00e7o e recomendamos deix\u00e1-los ativados.<\/p>\n<p><strong> N\u00e3o rastrear divulga\u00e7\u00e3o <\/strong><\/p>\n<p>N\u00f3s n\u00e3o suportamos Do Not Track (&#8220;DNT&#8221;). Do Not Track \u00e9 uma prefer\u00eancia que voc\u00ea pode definir no seu navegador para informar sites que voc\u00ea n\u00e3o deseja que sejam rastreados.<\/p>\n<p>Voc\u00ea pode ativar ou desativar o recurso N\u00e3o rastrear visitando a p\u00e1gina Prefer\u00eancias ou Configura\u00e7\u00f5es do seu navegador da web.<\/p>\n<p><strong> Provedores de servi\u00e7os <\/strong><\/p>\n<p>Podemos empregar empresas terceirizadas e indiv\u00edduos para facilitar o nosso Servi\u00e7o, para fornecer o Servi\u00e7o em nosso nome, para executar servi\u00e7os relacionados ao Servi\u00e7o e \/ ou para nos auxiliar na an\u00e1lise de como o nosso Servi\u00e7o \u00e9 utilizado.<\/p>\n<p>Esses terceiros t\u00eam acesso \u00e0s suas Informa\u00e7\u00f5es Pessoais apenas para executar tarefas espec\u00edficas em nosso nome e s\u00e3o obrigados a n\u00e3o divulgar ou usar suas informa\u00e7\u00f5es para qualquer outra finalidade.<\/p>\n<p><strong> Cumprimento das leis <\/strong><\/p>\n<p>N\u00f3s divulgaremos suas Informa\u00e7\u00f5es Pessoais quando exigido por lei ou intima\u00e7\u00e3o ou se acreditarmos que tal a\u00e7\u00e3o \u00e9 necess\u00e1ria para cumprir a lei e as solicita\u00e7\u00f5es razo\u00e1veis \u200b\u200bde aplica\u00e7\u00e3o da lei ou para proteger a seguran\u00e7a ou integridade de nosso Servi\u00e7o.<\/p>\n<p><strong> Transa\u00e7\u00e3o comercial <\/strong><\/p>\n<p>Se a COSTA BRAZIL TOUR estiver envolvida em uma fus\u00e3o, aquisi\u00e7\u00e3o ou venda de ativos, suas Informa\u00e7\u00f5es Pessoais poder\u00e3o ser transferidas como um ativo comercial. Em tais casos, forneceremos um aviso antes que suas Informa\u00e7\u00f5es Pessoais sejam transferidas e \/ ou se tornem sujeitas a uma Pol\u00edtica de Privacidade diferente.<\/p>\n<p><strong> Seguran\u00e7a <\/strong><\/p>\n<p>A seguran\u00e7a de suas Informa\u00e7\u00f5es Pessoais \u00e9 importante para n\u00f3s, e nos esfor\u00e7amos para implementar e manter procedimentos e pr\u00e1ticas de seguran\u00e7a razo\u00e1veis \u200b\u200be comercialmente aceit\u00e1veis, apropriados \u00e0 natureza das informa\u00e7\u00f5es que armazenamos, a fim de proteg\u00ea-los contra acesso, destrui\u00e7\u00e3o, uso e modifica\u00e7\u00e3o n\u00e3o autorizados. ou divulga\u00e7\u00e3o.<\/p>\n<p>Entretanto, esteja ciente de que nenhum m\u00e9todo de transmiss\u00e3o pela Internet ou m\u00e9todo de armazenamento eletr\u00f4nico \u00e9 100% seguro e n\u00e3o podemos garantir a seguran\u00e7a absoluta das Informa\u00e7\u00f5es Pessoais que coletamos de voc\u00ea.<\/p>\n<p><strong> Transfer\u00eancia Internacional <\/strong><\/p>\n<p>Se a COSTA BRAZIL TOUR estiver envolvida em uma fus\u00e3o, aquisi\u00e7\u00e3o ou venda de ativos, suas Informa\u00e7\u00f5es Pessoais poder\u00e3o ser transferidas como um ativo comercial. Em tais casos, forneceremos um aviso antes que suas Informa\u00e7\u00f5es Pessoais sejam transferidas e \/ ou se tornem sujeitas a uma Pol\u00edtica de Privacidade diferente.<\/p>\n<p><strong> Seguran\u00e7a <\/strong><\/p>\n<p>A seguran\u00e7a de suas Informa\u00e7\u00f5es Pessoais \u00e9 importante para n\u00f3s, e nos esfor\u00e7amos para implementar e manter procedimentos e pr\u00e1ticas de seguran\u00e7a razo\u00e1veis \u200b\u200be comercialmente aceit\u00e1veis, apropriados \u00e0 natureza das informa\u00e7\u00f5es que armazenamos, a fim de proteg\u00ea-los contra acesso, destrui\u00e7\u00e3o, uso e modifica\u00e7\u00e3o n\u00e3o autorizados ou divulga\u00e7\u00e3o.<\/p>\n<p>Entretanto, esteja ciente de que nenhum m\u00e9todo de transmiss\u00e3o pela Internet ou m\u00e9todo de armazenamento eletr\u00f4nico \u00e9 100% seguro e n\u00e3o podemos garantir a seguran\u00e7a absoluta das Informa\u00e7\u00f5es Pessoais que coletamos de voc\u00ea.<\/p>\n<p><strong> Transfer\u00eancia Internacional <\/strong><\/p>\n<p>Suas informa\u00e7\u00f5es, incluindo Informa\u00e7\u00f5es Pessoais, podem ser transferidas para &#8211; e mantidas em &#8211; computadores localizados fora do seu estado, prov\u00edncia, pa\u00eds ou outra jurisdi\u00e7\u00e3o governamental, onde as leis de prote\u00e7\u00e3o de dados podem ser diferentes das da sua jurisdi\u00e7\u00e3o.<\/p>\n<p>Se voc\u00ea estiver fora dos Estados Unidos e optar por nos fornecer informa\u00e7\u00f5es, por favor, observe que n\u00f3s transferimos as informa\u00e7\u00f5es, incluindo Informa\u00e7\u00f5es Pessoais, para os Estados Unidos e as processamos l\u00e1.<\/p>\n<p>O seu consentimento para com esta Pol\u00edtica de Privacidade, seguido pelo envio de tais informa\u00e7\u00f5es, representa sua concord\u00e2ncia com essa transfer\u00eancia.<\/p>\n<p><strong> Links para outros sites <\/strong><\/p>\n<p>Nosso Servi\u00e7o pode conter links para outros sites que n\u00e3o s\u00e3o operados por n\u00f3s. Se voc\u00ea clicar em um link de terceiros, voc\u00ea ser\u00e1 direcionado para o site de terceiros. Recomendamos vivamente que reveja a Pol\u00edtica de Privacidade de todos os sites que visita.<\/p>\n<p>N\u00e3o temos controle e n\u00e3o assumimos nenhuma responsabilidade pelo conte\u00fado, pol\u00edticas de privacidade ou pr\u00e1ticas de quaisquer sites ou servi\u00e7os de terceiros.<\/p>\n<p><strong> Privacidade das crian\u00e7as <\/strong><\/p>\n<p>Somente pessoas com 18 anos ou mais t\u00eam permiss\u00e3o para acessar nosso servi\u00e7o. Nosso Servi\u00e7o n\u00e3o aborda ningu\u00e9m com idade inferior a 13 anos (&#8220;Filhos&#8221;).<\/p>\n<p>N\u00e3o coletamos intencionalmente informa\u00e7\u00f5es de identifica\u00e7\u00e3o pessoal de crian\u00e7as menores de 13 anos. Se voc\u00ea \u00e9 pai \/ m\u00e3e ou respons\u00e1vel legal e descobre que seus filhos nos forneceram informa\u00e7\u00f5es pessoais, entre em contato conosco. Se ficarmos cientes de que coletamos Informa\u00e7\u00f5es Pessoais de crian\u00e7as menores de 13 anos sem a verifica\u00e7\u00e3o do consentimento dos pais, tomamos medidas para remover essas informa\u00e7\u00f5es de nossos servidores.<\/p>\n<p><strong> Altera\u00e7\u00f5es a esta pol\u00edtica de privacidade <\/strong><\/p>\n<p>Esta Pol\u00edtica de Privacidade entrar\u00e1 em vigor em 20 de mar\u00e7o de 2017 e permanecer\u00e1 em vigor, exceto no que diz respeito a quaisquer altera\u00e7\u00f5es em suas disposi\u00e7\u00f5es no futuro, que entrar\u00e3o em vigor imediatamente ap\u00f3s serem publicadas nesta p\u00e1gina.<\/p>\n<p>Reservamo-nos o direito de atualizar ou alterar nossa Pol\u00edtica de Privacidade a qualquer momento e voc\u00ea deve verificar esta Pol\u00edtica de Privacidade periodicamente. Seu uso continuado do Servi\u00e7o depois de postarmos quaisquer modifica\u00e7\u00f5es na Pol\u00edtica de Privacidade nesta p\u00e1gina constituir\u00e1 seu reconhecimento das modifica\u00e7\u00f5es e seu consentimento em respeitar e estar vinculado \u00e0 Pol\u00edtica de Privacidade modificada.<\/p>\n<p>Se fizermos quaisquer altera\u00e7\u00f5es materiais a esta Pol\u00edtica de Privacidade, iremos notific\u00e1-lo atrav\u00e9s do endere\u00e7o de e-mail que voc\u00ea nos forneceu, ou colocando um aviso destacado em nosso site.<\/p>\n<p><strong> Entre em contato <\/strong><\/p>\n<p>Se voc\u00ea tiver alguma d\u00favida sobre esta Pol\u00edtica de Privacidade, entre em contato conosco.<br \/>\n[\/vc_column_text][\/vc_column][\/vc_row]<\/p>\n","protected":false},"excerpt":{"rendered":"<p>[vc_row][vc_column][vc_column_text] Pol\u00edtica de Privacidade \u00daltima atualiza\u00e7\u00e3o: 13 de mar\u00e7o de 2015 O COSTA BRAZIL TOUR (&#8220;n\u00f3s&#8221;, &#8220;n\u00f3s&#8221; ou &#8220;nosso&#8221;) opera o site www.passagensfacil.com (o &#8220;Servi\u00e7o&#8221;). Esta p\u00e1gina informa sobre nossas pol\u00edticas relativas \u00e0 coleta, uso e divulga\u00e7\u00e3o de Informa\u00e7\u00f5es Pessoais quando voc\u00ea usa nosso Servi\u00e7o. N\u00f3s n\u00e3o usaremos ou compartilharemos suas informa\u00e7\u00f5es com ningu\u00e9m, exceto&hellip;<\/p>\n","protected":false},"author":1,"featured_media":0,"parent":0,"menu_order":0,"comment_status":"closed","ping_status":"closed","template":"","meta":[],"_links":{"self":[{"href":"https:\/\/costabrazil.com\/pt-br\/wp-json\/wp\/v2\/pages\/1986\/"}],"collection":[{"href":"https:\/\/costabrazil.com\/pt-br\/wp-json\/wp\/v2\/pages\/"}],"about":[{"href":"https:\/\/costabrazil.com\/pt-br\/wp-json\/wp\/v2\/types\/page\/"}],"author":[{"embeddable":true,"href":"https:\/\/costabrazil.com\/pt-br\/wp-json\/wp\/v2\/users\/1\/"}],"replies":[{"embeddable":true,"href":"https:\/\/costabrazil.com\/pt-br\/wp-json\/wp\/v2\/comments\/?post=1986"}],"version-history":[{"count":1,"href":"https:\/\/costabrazil.com\/pt-br\/wp-json\/wp\/v2\/pages\/1986\/revisions\/"}],"predecessor-version":[{"id":1987,"href":"https:\/\/costabrazil.com\/pt-br\/wp-json\/wp\/v2\/pages\/1986\/revisions\/1987\/"}],"wp:attachment":[{"href":"https:\/\/costabrazil.com\/pt-br\/wp-json\/wp\/v2\/media\/?parent=1986"}],"curies":[{"name":"wp","href":"https:\/\/api.w.org\/{rel}","templated":true}]}}