{"id":1984,"date":"2018-06-26T14:27:03","date_gmt":"2018-06-26T18:27:03","guid":{"rendered":"https:\/\/costabrazil.com\/politica-de-precos\/"},"modified":"2018-06-26T14:27:06","modified_gmt":"2018-06-26T18:27:06","slug":"politica-de-precos","status":"publish","type":"page","link":"https:\/\/costabrazil.com\/pt-br\/politica-de-precos\/","title":{"rendered":"Pol\u00edtica de Pre\u00e7os"},"content":{"rendered":"<p>[vc_row][vc_column][vc_column_text]<strong> Termos de Servi\u00e7o (&#8220;Termos&#8221;)<\/strong><\/p>\n<p>\u00daltima atualiza\u00e7\u00e3o: 20 de mar\u00e7o de 2017<\/p>\n<p>Leia estes Termos de Servi\u00e7o (&#8220;Termos&#8221;, &#8220;Termos de Servi\u00e7o&#8221;) cuidadosamente antes de usar o site www.passagensfacil.com (o &#8220;Servi\u00e7o&#8221;) operado pela COSTA BRAZIL TOURS (&#8220;n\u00f3s&#8221;, &#8220;n\u00f3s&#8221; ou &#8220;nosso &#8220;).<\/p>\n<p>&amp; nbsp;<\/p>\n<p>Seu acesso e uso do Servi\u00e7o est\u00e3o condicionados \u00e0 sua aceita\u00e7\u00e3o e conformidade com estes Termos. Estes Termos aplicam-se a todos os visitantes, usu\u00e1rios e outros que desejam acessar ou usar o Servi\u00e7o.<\/p>\n<p>&nbsp;<\/p>\n<p>Ao acessar ou usar o Servi\u00e7o, voc\u00ea concorda em ficar vinculado a estes Termos. Se voc\u00ea n\u00e3o concordar com qualquer parte dos termos, n\u00e3o ter\u00e1 permiss\u00e3o para acessar o Servi\u00e7o.<\/p>\n<p>&nbsp;<\/p>\n<p><strong> Compras\u00a0<\/strong><\/p>\n<p>Se voc\u00ea deseja comprar qualquer produto ou servi\u00e7o disponibilizado atrav\u00e9s do Servi\u00e7o (&#8220;Compra&#8221;), poder\u00e1 ser solicitado a fornecer determinadas informa\u00e7\u00f5es relevantes para a sua Compra, incluindo, sem limita\u00e7\u00e3o, o n\u00famero do seu cart\u00e3o de cr\u00e9dito, a data de vencimento do seu cart\u00e3o de cr\u00e9dito, seu endere\u00e7o de faturamento e suas informa\u00e7\u00f5es de envio.<\/p>\n<p>&nbsp;<\/p>\n<p>Voc\u00ea declara e garante que: (i) tem o direito legal de usar qualquer cart\u00e3o de cr\u00e9dito ou outro (s) m\u00e9todo (s) de pagamento em conex\u00e3o com qualquer Compra; e que (ii) as informa\u00e7\u00f5es que voc\u00ea nos fornece s\u00e3o verdadeiras, corretas e completas.<\/p>\n<p>&nbsp;<\/p>\n<p>O servi\u00e7o pode empregar o uso de servi\u00e7os de terceiros com a finalidade de facilitar o pagamento e a conclus\u00e3o das Compras. Ao enviar suas informa\u00e7\u00f5es, voc\u00ea nos concede o direito de fornecer as informa\u00e7\u00f5es a esses terceiros, de acordo com nossa Pol\u00edtica de Privacidade.<\/p>\n<p>&nbsp;<\/p>\n<p>Reservamo-nos o direito de recusar ou cancelar seu pedido a qualquer momento por motivos que incluem, mas n\u00e3o se limitam a: disponibilidade do produto ou servi\u00e7o, erros na descri\u00e7\u00e3o ou pre\u00e7o do produto ou servi\u00e7o, erro em seu pedido ou outros motivos.<\/p>\n<p>&nbsp;<\/p>\n<p>Reservamo-nos o direito de recusar ou cancelar o seu pedido se houver suspeita de fraude ou transa\u00e7\u00e3o n\u00e3o autorizada ou ilegal.<\/p>\n<p>&nbsp;<\/p>\n<p><strong> Disponibilidade, erros e imprecis\u00f5es\u00a0<\/strong><\/p>\n<p>Estamos constantemente atualizando as ofertas de produtos e servi\u00e7os no Servi\u00e7o. Podemos sofrer atrasos na atualiza\u00e7\u00e3o de informa\u00e7\u00f5es sobre o Servi\u00e7o e em nossa publicidade em outros sites. As informa\u00e7\u00f5es encontradas no Servi\u00e7o podem conter erros ou imprecis\u00f5es e podem n\u00e3o estar completas ou atuais. Os produtos ou servi\u00e7os podem estar com pre\u00e7o incorreto, descritos incorretamente ou indispon\u00edveis no Servi\u00e7o, e n\u00e3o podemos garantir a exatid\u00e3o ou integridade de qualquer informa\u00e7\u00e3o encontrada no Servi\u00e7o.<\/p>\n<p>&amp; nbsp;<\/p>\n<p>Portanto, reservamo-nos o direito de alterar ou atualizar informa\u00e7\u00f5es e corrigir erros, imprecis\u00f5es ou omiss\u00f5es a qualquer momento, sem aviso pr\u00e9vio.<\/p>\n<p>&nbsp;<\/p>\n<p><strong> Concursos, sorteios e promo\u00e7\u00f5es<\/strong><\/p>\n<p>Quaisquer concursos, sorteios ou outras promo\u00e7\u00f5es (coletivamente, &#8220;Promo\u00e7\u00f5es&#8221;) disponibilizados atrav\u00e9s do Servi\u00e7o podem ser regidos por regras separadas destes Termos &amp; amp; Condi\u00e7\u00f5es Se voc\u00ea participar de qualquer promo\u00e7\u00e3o, analise as regras aplic\u00e1veis, bem como nossa Pol\u00edtica de Privacidade. Se as regras de uma Promo\u00e7\u00e3o entrarem em conflito com estes Termos e Condi\u00e7\u00f5es, as regras da Promo\u00e7\u00e3o ser\u00e3o aplicadas.<\/p>\n<p>&nbsp;<\/p>\n<p><strong> Propriedade intelectual <\/strong><\/p>\n<p>O Servi\u00e7o e seu conte\u00fado original, recursos e funcionalidade s\u00e3o e permanecer\u00e3o como propriedade exclusiva da COSTA BRAZIL TOURS e de seus licenciadores. O Servi\u00e7o est\u00e1 protegido por direitos autorais, marcas comerciais e outras leis dos Estados Unidos e de outros pa\u00edses. Nossas marcas registradas e identidade visual n\u00e3o podem ser usadas em conex\u00e3o com qualquer produto ou servi\u00e7o sem o consentimento pr\u00e9vio por escrito da COSTA BRAZIL TOURS.<\/p>\n<p>&nbsp;<\/p>\n<p><strong> Links para outros sites da Web<\/strong><\/p>\n<p>Nosso Servi\u00e7o pode conter links para sites ou servi\u00e7os de terceiros que n\u00e3o s\u00e3o de propriedade ou controlados pela COSTA BRAZIL TOURS.<\/p>\n<p>&nbsp;<\/p>\n<p>A COSTA BRAZIL TOURS n\u00e3o tem controle e n\u00e3o assume nenhuma responsabilidade pelo conte\u00fado, pol\u00edticas de privacidade ou pr\u00e1ticas de quaisquer sites ou servi\u00e7os de terceiros. N\u00f3s n\u00e3o garantimos as ofertas de nenhuma dessas entidades \/ indiv\u00edduos ou seus sites.<\/p>\n<p>Voc\u00ea reconhece e concorda que a COSTA BRAZIL TOURS n\u00e3o ser\u00e1 respons\u00e1vel, direta ou indiretamente, por qualquer dano ou perda causada ou supostamente causada por ou em conex\u00e3o com o uso ou confian\u00e7a em qualquer conte\u00fado, bens ou servi\u00e7os dispon\u00edveis em ou atrav\u00e9s de sites ou servi\u00e7os de terceiros.<\/p>\n<p>\u00c9 altamente recomend\u00e1vel que voc\u00ea leia os termos e condi\u00e7\u00f5es e as pol\u00edticas de privacidade de quaisquer sites ou servi\u00e7os de terceiros que voc\u00ea visite.<\/p>\n<p><strong> Rescis\u00e3o\u00a0<\/strong><\/p>\n<p>Podemos rescindir ou suspender o seu acesso ao Servi\u00e7o imediatamente, sem aviso pr\u00e9vio ou responsabilidade, sob nosso exclusivo crit\u00e9rio, por qualquer motivo e sem limita\u00e7\u00e3o, incluindo, mas n\u00e3o limitado a uma viola\u00e7\u00e3o dos Termos.<\/p>\n<p>Todas as disposi\u00e7\u00f5es dos Termos que, por sua natureza, devam sobreviver \u00e0 rescis\u00e3o sobreviver\u00e3o \u00e0 rescis\u00e3o, incluindo, sem limita\u00e7\u00e3o, disposi\u00e7\u00f5es sobre propriedade, isen\u00e7\u00f5es de garantia, indeniza\u00e7\u00e3o e limita\u00e7\u00f5es de responsabilidade.<\/p>\n<p>&nbsp;<\/p>\n<p><strong>Indeniza\u00e7\u00e3o\u00a0<\/strong><\/p>\n<p>Voc\u00ea concorda em defender, indenizar e isentar a COSTA BRAZIL TOURS e seus licenciados e licenciadores e seus funcion\u00e1rios, contratados, agentes, executivos e diretores, de e contra todas e quaisquer reivindica\u00e7\u00f5es, danos, obriga\u00e7\u00f5es, perdas, responsabilidades, custos ou d\u00edvidas, e despesas (incluindo mas n\u00e3o limitado a honor\u00e1rios advocat\u00edcios), resultantes ou decorrentes de a) seu uso e acesso ao Servi\u00e7o, ou b) uma viola\u00e7\u00e3o destes Termos.<\/p>\n<p>&nbsp;<\/p>\n<p>&nbsp;<\/p>\n<p><strong> Limita\u00e7\u00e3o de responsabilidade\u00a0<\/strong><\/p>\n<p>Em nenhum caso a COSTA BRAZIL TOURS, nem seus diretores, funcion\u00e1rios, parceiros, agentes, fornecedores ou afiliados, ser\u00e3o responsabilizados por quaisquer danos indiretos, incidentais, especiais, consequenciais ou punitivos, incluindo, sem limita\u00e7\u00e3o, perda de lucros, dados, uso, goodwill, ou outras perdas intang\u00edveis, resultantes (i) do seu acesso, uso ou incapacidade de aceder ou utilizar o Servi\u00e7o; (ii) qualquer conduta ou conte\u00fado de qualquer terceiro no Servi\u00e7o; (iii) qualquer conte\u00fado obtido do Servi\u00e7o; e (iv) acesso n\u00e3o autorizado, uso ou altera\u00e7\u00e3o de suas transmiss\u00f5es ou conte\u00fado, seja com base em garantia, contrato, ato il\u00edcito (incluindo neglig\u00eancia) ou qualquer outra teoria legal, tenhamos ou n\u00e3o sido informados da possibilidade de tais danos, e mesmo se um rem\u00e9dio estabelecido aqui tiver falhado em seu prop\u00f3sito essencial.<\/p>\n<p>&nbsp;<\/p>\n<p><strong> Aviso de isen\u00e7\u00e3o\u00a0<\/strong><\/p>\n<p>Seu uso do Servi\u00e7o \u00e9 por sua conta e risco. O Servi\u00e7o \u00e9 fornecido em uma base &#8220;COMO EST\u00c1&#8221; e &#8220;CONFORME DISPON\u00cdVEL&#8221;. O Servi\u00e7o \u00e9 fornecido sem garantias de qualquer tipo, expressas ou impl\u00edcitas, incluindo, mas n\u00e3o se limitando a, garantias impl\u00edcitas de comerciabilidade, adequa\u00e7\u00e3o a uma finalidade espec\u00edfica, n\u00e3o viola\u00e7\u00e3o ou curso de desempenho.<\/p>\n<p>&nbsp;<\/p>\n<p>A<strong> COSTA BRAZIL TOURS \u00a0<\/strong>suas subsidi\u00e1rias, afiliadas e seus licenciadores n\u00e3o garantem que a) o Servi\u00e7o funcionar\u00e1 ininterruptamente, seguro ou dispon\u00edvel em qualquer hora ou local espec\u00edfico; b) quaisquer erros ou defeitos ser\u00e3o corrigidos; c) o Servi\u00e7o est\u00e1 livre de v\u00edrus ou outros componentes prejudiciais; ou d) os resultados do uso do Servi\u00e7o atender\u00e3o aos seus requisitos.<\/p>\n<p>&nbsp;<\/p>\n<p><strong> Exclus\u00f5es<\/strong><\/p>\n<p>Algumas jurisdi\u00e7\u00f5es n\u00e3o permitem a exclus\u00e3o de certas garantias ou a exclus\u00e3o ou limita\u00e7\u00e3o de responsabilidade por danos conseq\u00fcentes ou incidentais, portanto, as limita\u00e7\u00f5es acima podem n\u00e3o se aplicar a voc\u00ea.<\/p>\n<p>&nbsp;<\/p>\n<p>Lei Aplic\u00e1vel<\/p>\n<p>&nbsp;<\/p>\n<p>Estes Termos ser\u00e3o regidos e interpretados de acordo com as leis da Fl\u00f3rida, Estados Unidos, sem levar em conta o conflito de provis\u00f5es legais.<\/p>\n<p>&nbsp;<\/p>\n<p>Nossa falha em aplicar qualquer direito ou disposi\u00e7\u00e3o destes Termos n\u00e3o ser\u00e1 considerada uma ren\u00fancia a esses direitos. Se qualquer disposi\u00e7\u00e3o destes Termos for considerada inv\u00e1lida ou inexequ\u00edvel por um tribunal, as disposi\u00e7\u00f5es restantes destes Termos permanecer\u00e3o em vigor. Estes Termos constituem o acordo integral entre n\u00f3s em rela\u00e7\u00e3o ao nosso Servi\u00e7o e substituem quaisquer acordos pr\u00e9vios que possamos ter entre n\u00f3s em rela\u00e7\u00e3o ao Servi\u00e7o.<\/p>\n<p>&nbsp;<\/p>\n<p><strong> Altera\u00e7\u00f5es<\/strong><\/p>\n<p>Reservamo-nos o direito, a nosso exclusivo crit\u00e9rio, de modificar ou substituir estes Termos a qualquer momento. Se uma revis\u00e3o for material, forneceremos pelo menos 30 dias de anteced\u00eancia antes de quaisquer novos termos entrarem em vigor. O que constitui uma mudan\u00e7a material ser\u00e1 determinado a nosso exclusivo crit\u00e9rio.<\/p>\n<p>&nbsp;<\/p>\n<p>Ao continuar a acessar ou usar nosso Servi\u00e7o ap\u00f3s qualquer revis\u00e3o entrar em vigor, voc\u00ea concorda em ficar vinculado aos termos revisados. Se voc\u00ea n\u00e3o concordar com os novos termos, voc\u00ea n\u00e3o est\u00e1 mais autorizado a usar o Servi\u00e7o.<\/p>\n<p>&nbsp;<\/p>\n<p><strong> Entre em contato\u00a0<\/strong><\/p>\n<p>Se voc\u00ea tiver alguma d\u00favida sobre estes Termos, entre em contato conosco.[\/vc_column_text][\/vc_column][\/vc_row]<\/p>\n","protected":false},"excerpt":{"rendered":"<p>[vc_row][vc_column][vc_column_text] Termos de Servi\u00e7o (&#8220;Termos&#8221;) \u00daltima atualiza\u00e7\u00e3o: 20 de mar\u00e7o de 2017 Leia estes Termos de Servi\u00e7o (&#8220;Termos&#8221;, &#8220;Termos de Servi\u00e7o&#8221;) cuidadosamente antes de usar o site www.passagensfacil.com (o &#8220;Servi\u00e7o&#8221;) operado pela COSTA BRAZIL TOURS (&#8220;n\u00f3s&#8221;, &#8220;n\u00f3s&#8221; ou &#8220;nosso &#8220;). &amp; nbsp; Seu acesso e uso do Servi\u00e7o est\u00e3o condicionados \u00e0 sua aceita\u00e7\u00e3o e conformidade&hellip;<\/p>\n","protected":false},"author":1,"featured_media":0,"parent":0,"menu_order":0,"comment_status":"closed","ping_status":"closed","template":"","meta":[],"_links":{"self":[{"href":"https:\/\/costabrazil.com\/pt-br\/wp-json\/wp\/v2\/pages\/1984\/"}],"collection":[{"href":"https:\/\/costabrazil.com\/pt-br\/wp-json\/wp\/v2\/pages\/"}],"about":[{"href":"https:\/\/costabrazil.com\/pt-br\/wp-json\/wp\/v2\/types\/page\/"}],"author":[{"embeddable":true,"href":"https:\/\/costabrazil.com\/pt-br\/wp-json\/wp\/v2\/users\/1\/"}],"replies":[{"embeddable":true,"href":"https:\/\/costabrazil.com\/pt-br\/wp-json\/wp\/v2\/comments\/?post=1984"}],"version-history":[{"count":1,"href":"https:\/\/costabrazil.com\/pt-br\/wp-json\/wp\/v2\/pages\/1984\/revisions\/"}],"predecessor-version":[{"id":1985,"href":"https:\/\/costabrazil.com\/pt-br\/wp-json\/wp\/v2\/pages\/1984\/revisions\/1985\/"}],"wp:attachment":[{"href":"https:\/\/costabrazil.com\/pt-br\/wp-json\/wp\/v2\/media\/?parent=1984"}],"curies":[{"name":"wp","href":"https:\/\/api.w.org\/{rel}","templated":true}]}}