{"id":1982,"date":"2018-06-26T14:07:20","date_gmt":"2018-06-26T18:07:20","guid":{"rendered":"https:\/\/costabrazil.com\/numero-de-bilhete-internacional\/"},"modified":"2018-06-26T14:07:22","modified_gmt":"2018-06-26T18:07:22","slug":"numero-de-bilhete-internacional","status":"publish","type":"page","link":"https:\/\/costabrazil.com\/pt-br\/numero-de-bilhete-internacional\/","title":{"rendered":"N\u00famero de Bilhete Internacional"},"content":{"rendered":"<p>[vc_row][vc_column][vc_column_text]O n\u00famero do bilhete internacional \u00e9 aquele que voc\u00ea est\u00e1 usando para voar para o Brasil ou a Am\u00e9rica do Sul e tem <strong><span style=\"color: #253379;\">13 d\u00edgitos (somente n\u00fameros)<\/span><\/strong>.<\/p>\n<p>A ag\u00eancia de viagens ou companhia a\u00e9rea que emitiu o seu bilhete eletr\u00f4nico deve ter enviado o recibo do itiner\u00e1rio contendo o n\u00famero do bilhete eletr\u00f4nico e o localizador de registros. <strong><span style=\"color: #253379;\">O localizador de registros ou \u201cC\u00f3digo de reserva\u201d \u00e9 composto de 6 d\u00edgitos (n\u00fameros e letras) e <u>N\u00c3O \u00e9<\/u> o n\u00famero do bilhete internacional<\/span><\/strong>.<\/p>\n<p>O n\u00famero do bilhete internacional deve ser facilmente encontrado no e-mail de confirma\u00e7\u00e3o que voc\u00ea recebeu, e pode ser semelhante ao abaixo: <span style=\"color: #253379;\">E-ticket n\u00famero 074 2464639523<\/span><\/p>\n<p>&nbsp;<\/p>\n<p><img loading=\"lazy\" class=\"aligncenter wp-image-1776 size-full\" src=\"https:\/\/costabrazil.com\/wp-content\/uploads\/2018\/05\/e-ticket.jpg\" alt=\"\" width=\"400\" height=\"560\" srcset=\"https:\/\/costabrazil.com\/wp-content\/uploads\/2018\/05\/e-ticket.jpg 400w, https:\/\/costabrazil.com\/wp-content\/uploads\/2018\/05\/e-ticket-214x300.jpg 214w\" sizes=\"(max-width: 400px) 100vw, 400px\" \/>[\/vc_column_text][\/vc_column][\/vc_row]<\/p>\n","protected":false},"excerpt":{"rendered":"<p>[vc_row][vc_column][vc_column_text]O n\u00famero do bilhete internacional \u00e9 aquele que voc\u00ea est\u00e1 usando para voar para o Brasil ou a Am\u00e9rica do Sul e tem 13 d\u00edgitos (somente n\u00fameros). A ag\u00eancia de viagens ou companhia a\u00e9rea que emitiu o seu bilhete eletr\u00f4nico deve ter enviado o recibo do itiner\u00e1rio contendo o n\u00famero do bilhete eletr\u00f4nico e o&hellip;<\/p>\n","protected":false},"author":1,"featured_media":0,"parent":0,"menu_order":0,"comment_status":"closed","ping_status":"closed","template":"","meta":[],"_links":{"self":[{"href":"https:\/\/costabrazil.com\/pt-br\/wp-json\/wp\/v2\/pages\/1982\/"}],"collection":[{"href":"https:\/\/costabrazil.com\/pt-br\/wp-json\/wp\/v2\/pages\/"}],"about":[{"href":"https:\/\/costabrazil.com\/pt-br\/wp-json\/wp\/v2\/types\/page\/"}],"author":[{"embeddable":true,"href":"https:\/\/costabrazil.com\/pt-br\/wp-json\/wp\/v2\/users\/1\/"}],"replies":[{"embeddable":true,"href":"https:\/\/costabrazil.com\/pt-br\/wp-json\/wp\/v2\/comments\/?post=1982"}],"version-history":[{"count":1,"href":"https:\/\/costabrazil.com\/pt-br\/wp-json\/wp\/v2\/pages\/1982\/revisions\/"}],"predecessor-version":[{"id":1983,"href":"https:\/\/costabrazil.com\/pt-br\/wp-json\/wp\/v2\/pages\/1982\/revisions\/1983\/"}],"wp:attachment":[{"href":"https:\/\/costabrazil.com\/pt-br\/wp-json\/wp\/v2\/media\/?parent=1982"}],"curies":[{"name":"wp","href":"https:\/\/api.w.org\/{rel}","templated":true}]}}