{"id":1956,"date":"2018-06-26T12:56:50","date_gmt":"2018-06-26T16:56:50","guid":{"rendered":"https:\/\/costabrazil.com\/cruzeiros\/cruzeiros-norwegian\/"},"modified":"2018-06-27T18:08:11","modified_gmt":"2018-06-27T22:08:11","slug":"cruzeiros-norwegian","status":"publish","type":"page","link":"https:\/\/costabrazil.com\/pt-br\/cruzeiros\/cruzeiros-norwegian\/","title":{"rendered":"Cruzeiros Norwegian"},"content":{"rendered":"<p>[vc_row type=&#8221;vc_default&#8221; css=&#8221;.vc_custom_1524584554277{padding-bottom: 45px !important;}&#8221;][vc_column width=&#8221;1\/3&#8243; css=&#8221;.vc_custom_1462982166437{padding-bottom: 30px !important;}&#8221;][vc_single_image image=&#8221;1543&#8243; img_size=&#8221;full&#8221; style=&#8221;vc_box_shadow_border&#8221; el_class=&#8221;imagem-rot&#8221;][\/vc_column][vc_column width=&#8221;2\/3&#8243;]<blockquote class=\"text-big shortcode-blockquote block-style-widget\"><h4>A Norwegian Cruise Line Holdings Ltd. \u00e9 uma empresa das Bermudas que opera navios de cruzeiro, com sede no condado de Miami-Dade, n\u00e3o constitu\u00eddo em sociedade, na Fl\u00f3rida. Come\u00e7ou as opera\u00e7\u00f5es em 1966 sob o nome de Norwegian Caribbean Line.<\/h4>\n<\/blockquote>[\/vc_column][\/vc_row][vc_row type=&#8221;vc_default&#8221;][vc_column width=&#8221;1\/3&#8243;]<div id=\"ultimate-heading-997769d65ca03c5c6\" class=\"uvc-heading ult-adjust-bottom-margin ultimate-heading-997769d65ca03c5c6 uvc-9174 \" data-hspacer=\"line_only\"  data-halign=\"center\" style=\"text-align:center\"><div class=\"uvc-main-heading ult-responsive\"  data-ultimate-target='.uvc-heading.ultimate-heading-997769d65ca03c5c6 h2'  data-responsive-json-new='{\"font-size\":\"\",\"line-height\":\"\"}' ><h2 style=\"font-weight:normal;\">Informa\u00e7\u00f5es da Empresa<\/h2><\/div><div class=\"uvc-heading-spacer line_only\" style=\"margin-top:10px;margin-bottom:10px;height:1px;\"><span class=\"uvc-headings-line\" style=\"border-style:solid;border-bottom-width:1px;border-color:#2b6fac;width:autopx;\"><\/span><\/div><\/div>[vc_column_text]<\/p>\n<p style=\"text-align: justify;\">A Norwegian Cruise Line \u00e9 inovadora em viagens de cruzeiro com uma hist\u00f3ria de 50 anos em romper os limites do cruzeiro tradicional, principalmente com a introdu\u00e7\u00e3o do Freestyle Cruising que revolucionou a ind\u00fastria, oferecendo aos h\u00f3spedes liberdade e flexibilidade para projetar suas f\u00e9rias de cruzeiro ideais.Fazer uma viagem de cruzeiro Norwegian significa que n\u00e3o h\u00e1 hor\u00e1rios fixos para refei\u00e7\u00f5es, roupas descontra\u00eddas, v\u00e1rias op\u00e7\u00f5es gastron\u00f4micas distintas, desembarque descontra\u00eddo e mais lounges, bares, teatros e outras op\u00e7\u00f5es de entretenimento e atividades. Hoje, a Norwegian convida os h\u00f3spedes a se sentirem livres para explorar o mundo em um dos 16 navios Freestyle Cruising especialmente constru\u00eddos, proporcionando aos h\u00f3spedes a oportunidade de desfrutar de um cruzeiro relaxante em estilo resort em alguns dos navios mais novos e contempor\u00e2neos no mar. A Norwegian oferece itiner\u00e1rios \u00fanicos e emocionantes em todas as \u00e1reas do mundo, incluindo Caribe, Bahamas, Bermudas, Riviera Mexicana, Europa, Am\u00e9rica do Sul, Canad\u00e1 e Nova Inglaterra, Canal do Panam\u00e1, Alasca, \u00c1sia, Austr\u00e1lia e Nova Zel\u00e2ndia. Al\u00e9m disso, o Pride of America da Norwegian Cruise Line \u00e9 o \u00fanico navio que navega durante todo o ano a partir de Honolulu em cruzeiros de sete dias dentro da ilha havaiana. Recentemente, a linha foi nomeada \u201cLinha de Cruzeiros L\u00edder da Europa\u201d pelo nono ano consecutivo, assim como \u201cLinha de Cruzeiros L\u00edder do Caribe\u201d pela quarta vez e \u201cLinha de Cruzeiros L\u00edderes de Grandes Navios\u201d pelo quinto ano pelo World Travel Awards.<\/p>\n<p>[\/vc_column_text][\/vc_column][vc_column width=&#8221;1\/3&#8243; css=&#8221;.vc_custom_1462982280697{margin-bottom: 25px !important;}&#8221;]<div id=\"ultimate-heading-205369d65ca03c622\" class=\"uvc-heading ult-adjust-bottom-margin ultimate-heading-205369d65ca03c622 uvc-4995 \" data-hspacer=\"line_only\"  data-halign=\"center\" style=\"text-align:center\"><div class=\"uvc-main-heading ult-responsive\"  data-ultimate-target='.uvc-heading.ultimate-heading-205369d65ca03c622 h2'  data-responsive-json-new='{\"font-size\":\"\",\"line-height\":\"\"}' ><h2 style=\"font-weight:normal;\">O que Fazemos<\/h2><\/div><div class=\"uvc-heading-spacer line_only\" style=\"margin-top:10px;margin-bottom:10px;height:1px;\"><span class=\"uvc-headings-line\" style=\"border-style:solid;border-bottom-width:1px;border-color:#2b6fac;width:autopx;\"><\/span><\/div><div class=\"uvc-sub-heading ult-responsive\"  data-ultimate-target='.uvc-heading.ultimate-heading-205369d65ca03c622 .uvc-sub-heading '  data-responsive-json-new='{\"font-size\":\"\",\"line-height\":\"\"}'  style=\"font-weight:normal;\">Oferecemos pelo menos duas alternativas para cada rota, escolhidas dentre as tarifas mais l\u00f3gicas e de melhor pre\u00e7o do dia.<\/div><\/div><div class=\"standard-arrow bullet-top\"><ul>\n<li>\n<div>100% seguro, \u2022 Conhecemos suas prefer\u00eancias e podemos armazenar detalhes pessoais importantes para evitar que voc\u00ea precise encontr\u00e1-los sempre que reservar conosco.<\/div>\n<\/li>\n<li>\n<div>Usamos a tecnologia mais recente e oferecemos a possibilidade de fazer login em nosso site seguro para verificar suas informa\u00e7\u00f5es de viagem a qualquer momento e em qualquer lugar.<\/div>\n<\/li>\n<li>Vamos mant\u00ea-lo informado sobre grandes descontos em viagens e ofertas de pacotes atrav\u00e9s do nosso boletim informativo. Tamb\u00e9m oferecemos informa\u00e7\u00f5es gratuitas para ajud\u00e1-lo a planejar uma viagem especial.<\/li>\n<\/ul>\n<\/div>[\/vc_column][vc_column width=&#8221;1\/3&#8243;]<div class=\"ult_pricing_table_wrap ult_info_table ult_design_5  ult-cs-custom  \">\n\t\t\t\t\t<div class=\"ult_pricing_table \" style=\"background:#eaeaea;color:#565656; \"><div id=\"Info-table-wrap-2375\" class=\"ult_pricing_heading\" style=\"background:#253370;color:#ffffff;\">\n\t\t\t\t\t\t\t<h3 class=\"ult-responsive\"  data-ultimate-target='#Info-table-wrap-2375 h3'  data-responsive-json-new='{\"font-size\":\"desktop:24px;\",\"line-height\":\"desktop:26px;\"}'  style=\"font-family:&#039;Montserrat&#039;;font-weight:normal;color:#ffffff;\">Detalhes do Cruzeiro<\/h3><h5 class=\"ult-responsive\"  data-ultimate-target='#Info-table-wrap-2375 h5'  data-responsive-json-new='{\"font-size\":\"\",\"line-height\":\"\"}'  style=\"font-weight:normal;color:#ffffff;\"><b>Companhia: <\/b> Norwegian Cruise Line<b> Localiza\u00e7\u00e3o: <\/b>Miami, FL <b> Navios: <\/b> 16 Cruzeiros Norwegian<\/h5><\/div><!--ult_pricing_heading--><div id=\"info_table_features_wrap-3150\"  data-ultimate-target='#info_table_features_wrap-3150.ult_price_features'  data-responsive-json-new='{\"font-size\":\"\",\"line-height\":\"\"}'  class=\"ult-responsive ult_price_features\" style=\"font-weight:normal;\">\n\t\t\t\t\t\t\t<h3 style=\"text-align: left;\">Informa\u00e7\u00f5es para Contato<\/h3>\n<p style=\"text-align: left;\">5407 Internatinal Dr.<br \/>\nOrlando, Florida, 32819 &#8211;\u00a0USA<\/p>\n<p style=\"text-align: left;\"><strong>+1 (407) 477-4480<\/strong><\/p>\n<p style=\"text-align: left;\">cruises@costabrazil.com<\/p>\n<p style=\"text-align: left;\">Seg &#8211; Sex 09:00 &#8211; 18:00<\/p>\n<p style=\"text-align: left;\">S\u00e1b &#8211;\u00a009:00 &#8211; 12:00<\/p>\n\n\t\t\t\t\t\t<\/div><!--ult_price_features--><div id=\"info_table_btn_wrap-6955\"  class=\"ult_price_link\" style=\"background:#eaeaea;color:#565656;\">\n\t\t\t\t\t\t\t<a href=\"https:\/\/costabrazil.com\/pt-br\/solicite-um-orcamento\/\"    data-ultimate-target='#info_table_btn_wrap-6955 .ult_price_action_button'  data-responsive-json-new='{\"font-size\":\"\",\"line-height\":\"\"}'  class=\"ult-responsive ult_price_action_button\" style=\"background:#253370;color:#ffffff; font-weight:normal;\">RECEBA UM OR\u00c7AMENTO<\/a>\n\t\t\t\t\t\t<\/div><!--ult_price_link--><div class=\"ult_clr\"><\/div>\n\t\t\t<\/div><!--pricing_table-->\n\t\t<\/div><!--pricing_table_wrap-->[\/vc_column][\/vc_row]<\/p>\n","protected":false},"excerpt":{"rendered":"<p>[vc_row type=&#8221;vc_default&#8221; css=&#8221;.vc_custom_1524584554277{padding-bottom: 45px !important;}&#8221;][vc_column width=&#8221;1\/3&#8243; css=&#8221;.vc_custom_1462982166437{padding-bottom: 30px !important;}&#8221;][vc_single_image image=&#8221;1543&#8243; img_size=&#8221;full&#8221; style=&#8221;vc_box_shadow_border&#8221; el_class=&#8221;imagem-rot&#8221;][\/vc_column][vc_column width=&#8221;2\/3&#8243;][\/vc_column][\/vc_row][vc_row type=&#8221;vc_default&#8221;][vc_column width=&#8221;1\/3&#8243;][vc_column_text] A Norwegian Cruise Line \u00e9 inovadora em viagens de cruzeiro com uma hist\u00f3ria de 50 anos em romper os limites do cruzeiro tradicional, principalmente com a introdu\u00e7\u00e3o do Freestyle Cruising que revolucionou a ind\u00fastria, oferecendo aos h\u00f3spedes liberdade e&hellip;<\/p>\n","protected":false},"author":1,"featured_media":0,"parent":1918,"menu_order":0,"comment_status":"closed","ping_status":"closed","template":"","meta":[],"_links":{"self":[{"href":"https:\/\/costabrazil.com\/pt-br\/wp-json\/wp\/v2\/pages\/1956\/"}],"collection":[{"href":"https:\/\/costabrazil.com\/pt-br\/wp-json\/wp\/v2\/pages\/"}],"about":[{"href":"https:\/\/costabrazil.com\/pt-br\/wp-json\/wp\/v2\/types\/page\/"}],"author":[{"embeddable":true,"href":"https:\/\/costabrazil.com\/pt-br\/wp-json\/wp\/v2\/users\/1\/"}],"replies":[{"embeddable":true,"href":"https:\/\/costabrazil.com\/pt-br\/wp-json\/wp\/v2\/comments\/?post=1956"}],"version-history":[{"count":5,"href":"https:\/\/costabrazil.com\/pt-br\/wp-json\/wp\/v2\/pages\/1956\/revisions\/"}],"predecessor-version":[{"id":2241,"href":"https:\/\/costabrazil.com\/pt-br\/wp-json\/wp\/v2\/pages\/1956\/revisions\/2241\/"}],"up":[{"embeddable":true,"href":"https:\/\/costabrazil.com\/pt-br\/wp-json\/wp\/v2\/pages\/1918\/"}],"wp:attachment":[{"href":"https:\/\/costabrazil.com\/pt-br\/wp-json\/wp\/v2\/media\/?parent=1956"}],"curies":[{"name":"wp","href":"https:\/\/api.w.org\/{rel}","templated":true}]}}