{"id":1939,"date":"2018-06-26T12:46:20","date_gmt":"2018-06-26T16:46:20","guid":{"rendered":"https:\/\/costabrazil.com\/cruzeiros\/cruzeiros-disney\/"},"modified":"2018-06-27T18:05:47","modified_gmt":"2018-06-27T22:05:47","slug":"cruzeiros-disney","status":"publish","type":"page","link":"https:\/\/costabrazil.com\/pt-br\/cruzeiros\/cruzeiros-disney\/","title":{"rendered":"Cruzeiros Disney"},"content":{"rendered":"<p>[vc_row type=&#8221;vc_default&#8221; css=&#8221;.vc_custom_1524584554277{padding-bottom: 45px !important;}&#8221;][vc_column width=&#8221;1\/3&#8243; css=&#8221;.vc_custom_1462982166437{padding-bottom: 30px !important;}&#8221;][vc_single_image image=&#8221;1539&#8243; img_size=&#8221;full&#8221; style=&#8221;vc_box_shadow_border&#8221; el_class=&#8221;imagem-rot&#8221;][\/vc_column][vc_column width=&#8221;2\/3&#8243;]<blockquote class=\"text-big shortcode-blockquote block-style-widget\"><h4>A Disney Cruise Line \u00e9 uma opera\u00e7\u00e3o de linha de cruzeiro que \u00e9 uma subsidi\u00e1ria da The Walt Disney Company. A empresa foi constitu\u00edda em 1996 como Magical Cruise Company Limited e est\u00e1 domiciliada em Londres, Inglaterra, &#8230;<\/h4>\n<\/blockquote>[\/vc_column][\/vc_row][vc_row type=&#8221;vc_default&#8221;][vc_column width=&#8221;1\/3&#8243;]<div id=\"ultimate-heading-878969d6144a92850\" class=\"uvc-heading ult-adjust-bottom-margin ultimate-heading-878969d6144a92850 uvc-9292 \" data-hspacer=\"line_only\"  data-halign=\"center\" style=\"text-align:center\"><div class=\"uvc-main-heading ult-responsive\"  data-ultimate-target='.uvc-heading.ultimate-heading-878969d6144a92850 h2'  data-responsive-json-new='{\"font-size\":\"\",\"line-height\":\"\"}' ><h2 style=\"font-weight:normal;\">Informa\u00e7\u00f5es da Empresa<\/h2><\/div><div class=\"uvc-heading-spacer line_only\" style=\"margin-top:10px;margin-bottom:10px;height:1px;\"><span class=\"uvc-headings-line\" style=\"border-style:solid;border-bottom-width:1px;border-color:#2b6fac;width:autopx;\"><\/span><\/div><\/div>[vc_column_text]<br \/>\nA Disney Cruise Line selecionou os destinos mais incr\u00edveis nas regi\u00f5es mais interessantes do mundo para cruzeiros que voc\u00ea e sua fam\u00edlia sempre lembrar\u00e3o. Descubra o mundo das del\u00edcias esperando por voc\u00ea no seu pr\u00f3ximo cruzeiro Disney.<\/p>\n<p>Embarque em uma experi\u00eancia de f\u00e9rias premiada diferente de qualquer outra, onde o que est\u00e1 inclu\u00eddo no pre\u00e7o do seu cruzeiro pode surpreend\u00ea-lo. Descubra o que nos distingue durante uma viagem \u00fanica que conta com excelentes restaurantes, entretenimento de classe mundial, acomoda\u00e7\u00f5es espa\u00e7osas e servi\u00e7o lend\u00e1rio. Venha a bordo e fa\u00e7a parte da magia e divers\u00e3o que s\u00f3 a Disney pode oferecer.<br \/>\n[\/vc_column_text][\/vc_column][vc_column width=&#8221;1\/3&#8243; css=&#8221;.vc_custom_1462982280697{margin-bottom: 25px !important;}&#8221;]<div id=\"ultimate-heading-546469d6144a928b9\" class=\"uvc-heading ult-adjust-bottom-margin ultimate-heading-546469d6144a928b9 uvc-9895 \" data-hspacer=\"line_only\"  data-halign=\"center\" style=\"text-align:center\"><div class=\"uvc-main-heading ult-responsive\"  data-ultimate-target='.uvc-heading.ultimate-heading-546469d6144a928b9 h2'  data-responsive-json-new='{\"font-size\":\"\",\"line-height\":\"\"}' ><h2 style=\"font-weight:normal;\">O que Fazemos<\/h2><\/div><div class=\"uvc-heading-spacer line_only\" style=\"margin-top:10px;margin-bottom:10px;height:1px;\"><span class=\"uvc-headings-line\" style=\"border-style:solid;border-bottom-width:1px;border-color:#2b6fac;width:autopx;\"><\/span><\/div><div class=\"uvc-sub-heading ult-responsive\"  data-ultimate-target='.uvc-heading.ultimate-heading-546469d6144a928b9 .uvc-sub-heading '  data-responsive-json-new='{\"font-size\":\"\",\"line-height\":\"\"}'  style=\"font-weight:normal;\">Oferecemos pelo menos duas alternativas para cada rota, escolhidas dentre as tarifas mais l\u00f3gicas e de melhor pre\u00e7o do dia.<\/div><\/div><div class=\"standard-arrow bullet-top\"><ul>\n<li>\n<div>100% seguro, \u2022 Conhecemos suas prefer\u00eancias e podemos armazenar detalhes pessoais importantes para evitar que voc\u00ea precise encontr\u00e1-los sempre que reservar conosco.<\/div>\n<\/li>\n<li>\n<div>Usamos a tecnologia mais recente e oferecemos a possibilidade de fazer login em nosso site seguro para verificar suas informa\u00e7\u00f5es de viagem a qualquer momento e em qualquer lugar.<\/div>\n<\/li>\n<li>\n<div>Vamos mant\u00ea-lo informado sobre grandes descontos em viagens e ofertas de pacotes atrav\u00e9s do nosso boletim informativo. Tamb\u00e9m oferecemos informa\u00e7\u00f5es gratuitas para ajud\u00e1-lo a planejar uma viagem especial.<\/div>\n<\/li>\n<\/ul>\n<\/div>[\/vc_column][vc_column width=&#8221;1\/3&#8243;]<div class=\"ult_pricing_table_wrap ult_info_table ult_design_5  ult-cs-custom  \">\n\t\t\t\t\t<div class=\"ult_pricing_table \" style=\"background:#eaeaea;color:#565656; \"><div id=\"Info-table-wrap-3721\" class=\"ult_pricing_heading\" style=\"background:#253370;color:#ffffff;\">\n\t\t\t\t\t\t\t<h3 class=\"ult-responsive\"  data-ultimate-target='#Info-table-wrap-3721 h3'  data-responsive-json-new='{\"font-size\":\"desktop:24px;\",\"line-height\":\"desktop:26px;\"}'  style=\"font-family:&#039;Montserrat&#039;;font-weight:normal;color:#ffffff;\">Detalhes do Cruzeiro<\/h3><h5 class=\"ult-responsive\"  data-ultimate-target='#Info-table-wrap-3721 h5'  data-responsive-json-new='{\"font-size\":\"\",\"line-height\":\"\"}'  style=\"font-weight:normal;color:#ffffff;\"><b>Companhia: <\/b>Disney Cruise Line<b> Localiza\u00e7\u0101o: <\/b>Kissimmee, FL <b> Navios: <\/b>4 distintos cruzeiros da Disney<\/h5><\/div><!--ult_pricing_heading--><div id=\"info_table_features_wrap-9379\"  data-ultimate-target='#info_table_features_wrap-9379.ult_price_features'  data-responsive-json-new='{\"font-size\":\"\",\"line-height\":\"\"}'  class=\"ult-responsive ult_price_features\" style=\"font-weight:normal;\">\n\t\t\t\t\t\t\t<h3 style=\"text-align: left;\">Informa\u00e7\u00f5es para Contato<\/h3>\n<p style=\"text-align: left;\">5407 Internatinal Dr.<br \/>\nOrlando, Florida, 32819 &#8211;\u00a0USA<\/p>\n<p style=\"text-align: left;\"><strong>(+1) 407-477 4480<\/strong><\/p>\n<p style=\"text-align: left;\">cruises@costabrazil.com<\/p>\n<p style=\"text-align: left;\">Seg &#8211; Sex 09:00 &#8211; 18:00<\/p>\n<p style=\"text-align: left;\">S\u00e1b &#8211;\u00a009:00 &#8211; 12:00<\/p>\n\n\t\t\t\t\t\t<\/div><!--ult_price_features--><div id=\"info_table_btn_wrap-5138\"  class=\"ult_price_link\" style=\"background:#eaeaea;color:#565656;\">\n\t\t\t\t\t\t\t<a href=\"https:\/\/costabrazil.com\/pt-br\/solicite-um-orcamento\/\"    data-ultimate-target='#info_table_btn_wrap-5138 .ult_price_action_button'  data-responsive-json-new='{\"font-size\":\"\",\"line-height\":\"\"}'  class=\"ult-responsive ult_price_action_button\" style=\"background:#253370;color:#ffffff; font-weight:normal;\">RECEBA UM OR\u00c7AMENTO<\/a>\n\t\t\t\t\t\t<\/div><!--ult_price_link--><div class=\"ult_clr\"><\/div>\n\t\t\t<\/div><!--pricing_table-->\n\t\t<\/div><!--pricing_table_wrap-->[\/vc_column][\/vc_row]<\/p>\n","protected":false},"excerpt":{"rendered":"<p>[vc_row type=&#8221;vc_default&#8221; css=&#8221;.vc_custom_1524584554277{padding-bottom: 45px !important;}&#8221;][vc_column width=&#8221;1\/3&#8243; css=&#8221;.vc_custom_1462982166437{padding-bottom: 30px !important;}&#8221;][vc_single_image image=&#8221;1539&#8243; img_size=&#8221;full&#8221; style=&#8221;vc_box_shadow_border&#8221; el_class=&#8221;imagem-rot&#8221;][\/vc_column][vc_column width=&#8221;2\/3&#8243;][\/vc_column][\/vc_row][vc_row type=&#8221;vc_default&#8221;][vc_column width=&#8221;1\/3&#8243;][vc_column_text] A Disney Cruise Line selecionou os destinos mais incr\u00edveis nas regi\u00f5es mais interessantes do mundo para cruzeiros que voc\u00ea e sua fam\u00edlia sempre lembrar\u00e3o. Descubra o mundo das del\u00edcias esperando por voc\u00ea no seu pr\u00f3ximo cruzeiro Disney. Embarque em&hellip;<\/p>\n","protected":false},"author":1,"featured_media":0,"parent":1918,"menu_order":0,"comment_status":"closed","ping_status":"closed","template":"","meta":[],"_links":{"self":[{"href":"https:\/\/costabrazil.com\/pt-br\/wp-json\/wp\/v2\/pages\/1939\/"}],"collection":[{"href":"https:\/\/costabrazil.com\/pt-br\/wp-json\/wp\/v2\/pages\/"}],"about":[{"href":"https:\/\/costabrazil.com\/pt-br\/wp-json\/wp\/v2\/types\/page\/"}],"author":[{"embeddable":true,"href":"https:\/\/costabrazil.com\/pt-br\/wp-json\/wp\/v2\/users\/1\/"}],"replies":[{"embeddable":true,"href":"https:\/\/costabrazil.com\/pt-br\/wp-json\/wp\/v2\/comments\/?post=1939"}],"version-history":[{"count":5,"href":"https:\/\/costabrazil.com\/pt-br\/wp-json\/wp\/v2\/pages\/1939\/revisions\/"}],"predecessor-version":[{"id":2239,"href":"https:\/\/costabrazil.com\/pt-br\/wp-json\/wp\/v2\/pages\/1939\/revisions\/2239\/"}],"up":[{"embeddable":true,"href":"https:\/\/costabrazil.com\/pt-br\/wp-json\/wp\/v2\/pages\/1918\/"}],"wp:attachment":[{"href":"https:\/\/costabrazil.com\/pt-br\/wp-json\/wp\/v2\/media\/?parent=1939"}],"curies":[{"name":"wp","href":"https:\/\/api.w.org\/{rel}","templated":true}]}}