{"id":1928,"date":"2018-06-26T12:39:02","date_gmt":"2018-06-26T16:39:02","guid":{"rendered":"https:\/\/costabrazil.com\/cruzeiros\/cruzeiros-carnival\/"},"modified":"2018-06-27T18:19:24","modified_gmt":"2018-06-27T22:19:24","slug":"cruzeiros-carnival","status":"publish","type":"page","link":"https:\/\/costabrazil.com\/pt-br\/cruzeiros\/cruzeiros-carnival\/","title":{"rendered":"Cruzeiros Carnival"},"content":{"rendered":"<p>[vc_row type=&#8221;vc_default&#8221; css=&#8221;.vc_custom_1524584546143{padding-bottom: 45px !important;}&#8221;][vc_column width=&#8221;1\/3&#8243; css=&#8221;.vc_custom_1524580270716{margin-right: -30px !important;padding-bottom: 30px !important;}&#8221;][vc_single_image image=&#8221;1541&#8243; img_size=&#8221;full&#8221; style=&#8221;vc_box_shadow_border&#8221; el_class=&#8221;imagem-rot&#8221;][\/vc_column][vc_column width=&#8221;2\/3&#8243;]<blockquote class=\"text-big shortcode-blockquote block-style-widget\"><h4><em><a href=\"https:\/\/en.wikipedia.org\/wiki\/Carnival_Cruise_Line\">A Carnival Cruise Line \u00e9 a maior linha de cruzeiros do mundo com sede em Miami, Fl\u00f3rida, nos Estados Unidos. \u00c9 uma subsidi\u00e1ria da empresa americano-brit\u00e2nica Carnival Corporation &amp; PLC, uma das maiores empresas de viagens e turismo do mundo.<\/a><\/em><\/h4>\n<\/blockquote>[\/vc_column][\/vc_row][vc_row][vc_column width=&#8221;1\/3&#8243;]<div id=\"ultimate-heading-735969d3e25597da7\" class=\"uvc-heading ult-adjust-bottom-margin ultimate-heading-735969d3e25597da7 uvc-7566 \" data-hspacer=\"line_only\"  data-halign=\"center\" style=\"text-align:center\"><div class=\"uvc-main-heading ult-responsive\"  data-ultimate-target='.uvc-heading.ultimate-heading-735969d3e25597da7 h2'  data-responsive-json-new='{\"font-size\":\"\",\"line-height\":\"\"}' ><h2 style=\"font-weight:normal;\">Informa\u00e7\u00f5es da Empresa<\/h2><\/div><div class=\"uvc-heading-spacer line_only\" style=\"margin-top:10px;margin-bottom:10px;height:1px;\"><span class=\"uvc-headings-line\" style=\"border-style:solid;border-bottom-width:1px;border-color:#2b6fac;width:autopx;\"><\/span><\/div><\/div>[vc_column_text]<\/p>\n<div>\n<p style=\"text-align: justify;\">Se voc\u00ea est\u00e1 pensando em fazer um cruzeiro, h\u00e1 uma boa chance de voc\u00ea considerar um cruzeiro Carnaval. Crescendo desde a nossa funda\u00e7\u00e3o em 1972, a Carnival Cruise Line &#8211; \u201cA Linha de Cruzeiros Mais Popular do Mundo\u201d &#8211; agora transporta milh\u00f5es de passageiros todos os anos. Nosso mais novo navio, Carnival Vista, estreou em 2016, enquanto a Carnival Horizon est\u00e1 programada para entrar em servi\u00e7o em 2018.<\/p>\n<p>A Carnival Cruise Line se orgulha de fazer parte de uma fam\u00edlia de empresas de propriedade da Carnival Corporation, que inclui as linhas irm\u00e3s Princess Cruises, Holland America Line e Cunard Line, entre outras.<\/p>\n<\/div>\n<p>[\/vc_column_text][\/vc_column][vc_column width=&#8221;1\/3&#8243;]<div id=\"ultimate-heading-532069d3e25597df7\" class=\"uvc-heading ult-adjust-bottom-margin ultimate-heading-532069d3e25597df7 uvc-4897 \" data-hspacer=\"line_only\"  data-halign=\"center\" style=\"text-align:center\"><div class=\"uvc-main-heading ult-responsive\"  data-ultimate-target='.uvc-heading.ultimate-heading-532069d3e25597df7 h2'  data-responsive-json-new='{\"font-size\":\"\",\"line-height\":\"\"}' ><h2 style=\"font-weight:normal;\">O que Fazemos<\/h2><\/div><div class=\"uvc-heading-spacer line_only\" style=\"margin-top:10px;margin-bottom:10px;height:1px;\"><span class=\"uvc-headings-line\" style=\"border-style:solid;border-bottom-width:1px;border-color:#2b6fac;width:autopx;\"><\/span><\/div><div class=\"uvc-sub-heading ult-responsive\"  data-ultimate-target='.uvc-heading.ultimate-heading-532069d3e25597df7 .uvc-sub-heading '  data-responsive-json-new='{\"font-size\":\"\",\"line-height\":\"\"}'  style=\"font-weight:normal;\"><\/p>\n<p style=\"text-align: left;\">Oferecemos pelo menos duas alternativas para cada rota, escolhidas dentre as tarifas mais l\u00f3gicas e de melhor pre\u00e7o do dia.<\/p>\n<p><\/div><\/div><div class=\"standard-arrow bullet-top\"><ul>\n<li>\n<div>100% seguro, \u2022 Conhecemos suas prefer\u00eancias e podemos armazenar detalhes pessoais importantes para evitar que voc\u00ea precise encontr\u00e1-los sempre que reservar conosco.<\/div>\n<\/li>\n<li>\n<div>Usamos a tecnologia mais recente e oferecemos a possibilidade de fazer login em nosso site seguro para verificar suas informa\u00e7\u00f5es de viagem a qualquer momento e em qualquer lugar.<\/div>\n<\/li>\n<li>Vamos mant\u00ea-lo informado sobre grandes descontos em viagens e ofertas de pacotes atrav\u00e9s do nosso boletim informativo. Tamb\u00e9m oferecemos informa\u00e7\u00f5es gratuitas para ajud\u00e1-lo a planejar uma viagem especial.<\/li>\n<\/ul>\n<\/div>[\/vc_column][vc_column width=&#8221;1\/3&#8243;]<div class=\"ult_pricing_table_wrap ult_info_table ult_design_5  ult-cs-custom  \">\n\t\t\t\t\t<div class=\"ult_pricing_table \" style=\"background:#eaeaea;color:#565656; \"><div id=\"Info-table-wrap-8038\" class=\"ult_pricing_heading\" style=\"background:#253370;color:#ffffff;\">\n\t\t\t\t\t\t\t<h3 class=\"ult-responsive\"  data-ultimate-target='#Info-table-wrap-8038 h3'  data-responsive-json-new='{\"font-size\":\"desktop:24px;\",\"line-height\":\"desktop:26px;\"}'  style=\"font-family:&#039;Montserrat&#039;;font-weight:700;color:#ffffff;\">Detalhes do Cruzeiro<\/h3><h5 class=\"ult-responsive\"  data-ultimate-target='#Info-table-wrap-8038 h5'  data-responsive-json-new='{\"font-size\":\"\",\"line-height\":\"\"}'  style=\"font-weight:normal;color:#ffffff;\"><b>Companhia: <\/b> Carnival Cruise Line <b> Localiza\u00e7\u00e3o: <\/b> Miami, FL <b> Navios: <\/b> 25 Carinival Cruises Ships<\/h5><\/div><!--ult_pricing_heading--><div id=\"info_table_features_wrap-4985\"  data-ultimate-target='#info_table_features_wrap-4985.ult_price_features'  data-responsive-json-new='{\"font-size\":\"\",\"line-height\":\"\"}'  class=\"ult-responsive ult_price_features\" style=\"font-weight:normal;\">\n\t\t\t\t\t\t\t<h3 style=\"text-align: left;\">Informa\u00e7\u00f5es para Contato<\/h3>\n<p style=\"text-align: left;\">5407 Internatinal Dr.<br \/>\nOrlando, Florida, 32819 &#8211;\u00a0USA<\/p>\n<p style=\"text-align: left;\"><strong>+1 (407) 477-4480<\/strong><\/p>\n<p style=\"text-align: left;\">cruises@costabrazil.com<\/p>\n<p style=\"text-align: left;\">Seg &#8211; Sex 09:00 &#8211; 18:00<\/p>\n<p style=\"text-align: left;\">S\u00e1b &#8211;\u00a009:00 &#8211; 12:00<\/p>\n\n\t\t\t\t\t\t<\/div><!--ult_price_features--><div id=\"info_table_btn_wrap-2202\"  class=\"ult_price_link\" style=\"background:#eaeaea;color:#565656;\">\n\t\t\t\t\t\t\t<a href=\"https:\/\/costabrazil.com\/pt-br\/solicite-um-orcamento\/\"    data-ultimate-target='#info_table_btn_wrap-2202 .ult_price_action_button'  data-responsive-json-new='{\"font-size\":\"\",\"line-height\":\"\"}'  class=\"ult-responsive ult_price_action_button\" style=\"background:#253370;color:#ffffff; font-weight:normal;\">RECEBA UM OR\u00c7AMENTO<\/a>\n\t\t\t\t\t\t<\/div><!--ult_price_link--><div class=\"ult_clr\"><\/div>\n\t\t\t<\/div><!--pricing_table-->\n\t\t<\/div><!--pricing_table_wrap-->[\/vc_column][\/vc_row]<\/p>\n","protected":false},"excerpt":{"rendered":"<p>[vc_row type=&#8221;vc_default&#8221; css=&#8221;.vc_custom_1524584546143{padding-bottom: 45px !important;}&#8221;][vc_column width=&#8221;1\/3&#8243; css=&#8221;.vc_custom_1524580270716{margin-right: -30px !important;padding-bottom: 30px !important;}&#8221;][vc_single_image image=&#8221;1541&#8243; img_size=&#8221;full&#8221; style=&#8221;vc_box_shadow_border&#8221; el_class=&#8221;imagem-rot&#8221;][\/vc_column][vc_column width=&#8221;2\/3&#8243;][\/vc_column][\/vc_row][vc_row][vc_column width=&#8221;1\/3&#8243;][vc_column_text] Se voc\u00ea est\u00e1 pensando em fazer um cruzeiro, h\u00e1 uma boa chance de voc\u00ea considerar um cruzeiro Carnaval. Crescendo desde a nossa funda\u00e7\u00e3o em 1972, a Carnival Cruise Line &#8211; \u201cA Linha de Cruzeiros Mais Popular do Mundo\u201d&hellip;<\/p>\n","protected":false},"author":1,"featured_media":0,"parent":1918,"menu_order":0,"comment_status":"closed","ping_status":"closed","template":"","meta":[],"_links":{"self":[{"href":"https:\/\/costabrazil.com\/pt-br\/wp-json\/wp\/v2\/pages\/1928\/"}],"collection":[{"href":"https:\/\/costabrazil.com\/pt-br\/wp-json\/wp\/v2\/pages\/"}],"about":[{"href":"https:\/\/costabrazil.com\/pt-br\/wp-json\/wp\/v2\/types\/page\/"}],"author":[{"embeddable":true,"href":"https:\/\/costabrazil.com\/pt-br\/wp-json\/wp\/v2\/users\/1\/"}],"replies":[{"embeddable":true,"href":"https:\/\/costabrazil.com\/pt-br\/wp-json\/wp\/v2\/comments\/?post=1928"}],"version-history":[{"count":5,"href":"https:\/\/costabrazil.com\/pt-br\/wp-json\/wp\/v2\/pages\/1928\/revisions\/"}],"predecessor-version":[{"id":2253,"href":"https:\/\/costabrazil.com\/pt-br\/wp-json\/wp\/v2\/pages\/1928\/revisions\/2253\/"}],"up":[{"embeddable":true,"href":"https:\/\/costabrazil.com\/pt-br\/wp-json\/wp\/v2\/pages\/1918\/"}],"wp:attachment":[{"href":"https:\/\/costabrazil.com\/pt-br\/wp-json\/wp\/v2\/media\/?parent=1928"}],"curies":[{"name":"wp","href":"https:\/\/api.w.org\/{rel}","templated":true}]}}