{"id":1918,"date":"2018-06-26T12:05:40","date_gmt":"2018-06-26T16:05:40","guid":{"rendered":"https:\/\/costabrazil.com\/cruzeiros\/"},"modified":"2018-06-27T17:44:18","modified_gmt":"2018-06-27T21:44:18","slug":"cruzeiros","status":"publish","type":"page","link":"https:\/\/costabrazil.com\/pt-br\/cruzeiros\/","title":{"rendered":"Cruzeiros"},"content":{"rendered":"<p>[vc_row type=&#8221;vc_default&#8221; css=&#8221;.vc_custom_1474222397475{padding-bottom: 45px !important;}&#8221;][vc_column css=&#8221;.vc_custom_1462982166437{padding-bottom: 30px !important;}&#8221;]<div id=\"ultimate-heading-772569d8af8037188\" class=\"uvc-heading ult-adjust-bottom-margin ultimate-heading-772569d8af8037188 uvc-505 \" data-hspacer=\"no_spacer\"  data-halign=\"left\" style=\"text-align:left\"><div class=\"uvc-heading-spacer no_spacer\" style=\"top\"><\/div><div class=\"uvc-main-heading ult-responsive\"  data-ultimate-target='.uvc-heading.ultimate-heading-772569d8af8037188 h2'  data-responsive-json-new='{\"font-size\":\"desktop:35px;\",\"line-height\":\"\"}' ><h2 style=\"font-weight:bold;color:#253370;margin-bottom:20px;\">Linhas de Cruzeiro<\/h2><\/div><\/div>[vc_column_text]<\/p>\n<p style=\"font-size: 18px;\">Se voc\u00ea est\u00e1 procurando os melhores cruzeiros com o <strong><span style=\"color: #253370;\">melhor pre\u00e7o<\/span><\/strong> para fazer sua viagem de navio, voc\u00ea encontrou a ag\u00eancia certa. <span style=\"color: #fddf00;\">T<strong>odos os cruzeiros<\/strong><\/span> v\u00e3o para \u00f3timos lugares &#8211; o que diferencia cada navio \u00e9 o modo que voc\u00ea chegar\u00e1. Cada um dos nossos navios apresenta o seu pr\u00f3prio toque de <strong><span style=\"color: #fddf00;\">divers\u00e3o<\/span><\/strong>.<\/p>\n<p>[\/vc_column_text][\/vc_column][\/vc_row][vc_row][vc_column width=&#8221;1\/2&#8243;][vc_single_image image=&#8221;1539&#8243; img_size=&#8221;full&#8221; alignment=&#8221;center&#8221; style=&#8221;vc_box_shadow_border&#8221; onclick=&#8221;custom_link&#8221; css_animation=&#8221;fadeInDown&#8221; css=&#8221;.vc_custom_1530135661809{margin-bottom: 0px !important;padding-bottom: 10px !important;}&#8221; link=&#8221;\/pt-br\/cruzeiros\/cruzeiros-disney\/&#8221;]<div id=\"ultimate-heading-77469d8af80371f6\" class=\"uvc-heading ult-adjust-bottom-margin ultimate-heading-77469d8af80371f6 uvc-1159 \" data-hspacer=\"no_spacer\"  data-halign=\"center\" style=\"text-align:center\"><div class=\"uvc-heading-spacer no_spacer\" style=\"top\"><\/div><div class=\"uvc-main-heading ult-responsive\"  data-ultimate-target='.uvc-heading.ultimate-heading-77469d8af80371f6 h2'  data-responsive-json-new='{\"font-size\":\"desktop:35px;\",\"line-height\":\"desktop:36px;\"}' ><h2 style=\"font-weight:normal;color:#fddf00;margin-top:5px;\">Cruzeiros Disney<\/h2><\/div><\/div>[\/vc_column][vc_column width=&#8221;1\/2&#8243;][vc_single_image image=&#8221;1541&#8243; img_size=&#8221;full&#8221; alignment=&#8221;center&#8221; style=&#8221;vc_box_shadow_border&#8221; onclick=&#8221;custom_link&#8221; css_animation=&#8221;fadeInDown&#8221; css=&#8221;.vc_custom_1530135720334{margin-bottom: 0px !important;padding-bottom: 10px !important;}&#8221; link=&#8221;\/pt-br\/cruzeiros\/cruzeiros-carnival\/&#8221;]<div id=\"ultimate-heading-465269d8af803723a\" class=\"uvc-heading ult-adjust-bottom-margin ultimate-heading-465269d8af803723a uvc-888 \" data-hspacer=\"no_spacer\"  data-halign=\"center\" style=\"text-align:center\"><div class=\"uvc-heading-spacer no_spacer\" style=\"top\"><\/div><div class=\"uvc-main-heading ult-responsive\"  data-ultimate-target='.uvc-heading.ultimate-heading-465269d8af803723a h2'  data-responsive-json-new='{\"font-size\":\"desktop:35px;\",\"line-height\":\"desktop:36px;\"}' ><h2 style=\"font-weight:normal;color:#fddf00;margin-top:5px;\">Cruzeiros Carnival<\/h2><\/div><\/div>[\/vc_column][\/vc_row][vc_row css=&#8221;.vc_custom_1524578739156{padding-top: 50px !important;}&#8221;][vc_column width=&#8221;1\/2&#8243;][vc_single_image image=&#8221;1542&#8243; img_size=&#8221;full&#8221; alignment=&#8221;center&#8221; style=&#8221;vc_box_shadow_border&#8221; onclick=&#8221;custom_link&#8221; css_animation=&#8221;fadeInDown&#8221; link=&#8221;\/pt-br\/cruzeiros\/cruzeirosroyal-caribbean-internacional\/&#8221; css=&#8221;.vc_custom_1530135804124{margin-bottom: 0px !important;padding-bottom: 10px !important;}&#8221;]<div id=\"ultimate-heading-570969d8af803726e\" class=\"uvc-heading ult-adjust-bottom-margin ultimate-heading-570969d8af803726e uvc-7343 \" data-hspacer=\"no_spacer\"  data-halign=\"center\" style=\"text-align:center\"><div class=\"uvc-heading-spacer no_spacer\" style=\"top\"><\/div><div class=\"uvc-main-heading ult-responsive\"  data-ultimate-target='.uvc-heading.ultimate-heading-570969d8af803726e h2'  data-responsive-json-new='{\"font-size\":\"desktop:35px;\",\"line-height\":\"desktop:36px;\"}' ><h2 style=\"font-weight:normal;color:#fddf00;margin-top:5px;\">Cruzeiros Royal Caribbean<\/h2><\/div><\/div>[\/vc_column][vc_column width=&#8221;1\/2&#8243;][vc_single_image image=&#8221;1543&#8243; img_size=&#8221;full&#8221; alignment=&#8221;center&#8221; style=&#8221;vc_box_shadow_border&#8221; onclick=&#8221;custom_link&#8221; css_animation=&#8221;fadeInDown&#8221; link=&#8221;\/pt-br\/cruzeiros\/cruzeiros-norwegian\/&#8221; css=&#8221;.vc_custom_1530135820012{margin-bottom: 0px !important;padding-bottom: 10px !important;}&#8221;]<div id=\"ultimate-heading-242269d8af80372a9\" class=\"uvc-heading ult-adjust-bottom-margin ultimate-heading-242269d8af80372a9 uvc-5743 \" data-hspacer=\"no_spacer\"  data-halign=\"center\" style=\"text-align:center\"><div class=\"uvc-heading-spacer no_spacer\" style=\"top\"><\/div><div class=\"uvc-main-heading ult-responsive\"  data-ultimate-target='.uvc-heading.ultimate-heading-242269d8af80372a9 h2'  data-responsive-json-new='{\"font-size\":\"desktop:35px;\",\"line-height\":\"desktop:36px;\"}' ><h2 style=\"font-weight:normal;color:#fddf00;margin-top:5px;\">Cruzeiros Norwegian<\/h2><\/div><\/div>[\/vc_column][\/vc_row]<\/p>\n","protected":false},"excerpt":{"rendered":"<p>[vc_row type=&#8221;vc_default&#8221; css=&#8221;.vc_custom_1474222397475{padding-bottom: 45px !important;}&#8221;][vc_column css=&#8221;.vc_custom_1462982166437{padding-bottom: 30px !important;}&#8221;][vc_column_text] Se voc\u00ea est\u00e1 procurando os melhores cruzeiros com o melhor pre\u00e7o para fazer sua viagem de navio, voc\u00ea encontrou a ag\u00eancia certa. Todos os cruzeiros v\u00e3o para \u00f3timos lugares &#8211; o que diferencia cada navio \u00e9 o modo que voc\u00ea chegar\u00e1. Cada um dos nossos navios apresenta&hellip;<\/p>\n","protected":false},"author":1,"featured_media":0,"parent":0,"menu_order":0,"comment_status":"closed","ping_status":"closed","template":"","meta":[],"_links":{"self":[{"href":"https:\/\/costabrazil.com\/pt-br\/wp-json\/wp\/v2\/pages\/1918\/"}],"collection":[{"href":"https:\/\/costabrazil.com\/pt-br\/wp-json\/wp\/v2\/pages\/"}],"about":[{"href":"https:\/\/costabrazil.com\/pt-br\/wp-json\/wp\/v2\/types\/page\/"}],"author":[{"embeddable":true,"href":"https:\/\/costabrazil.com\/pt-br\/wp-json\/wp\/v2\/users\/1\/"}],"replies":[{"embeddable":true,"href":"https:\/\/costabrazil.com\/pt-br\/wp-json\/wp\/v2\/comments\/?post=1918"}],"version-history":[{"count":5,"href":"https:\/\/costabrazil.com\/pt-br\/wp-json\/wp\/v2\/pages\/1918\/revisions\/"}],"predecessor-version":[{"id":2222,"href":"https:\/\/costabrazil.com\/pt-br\/wp-json\/wp\/v2\/pages\/1918\/revisions\/2222\/"}],"wp:attachment":[{"href":"https:\/\/costabrazil.com\/pt-br\/wp-json\/wp\/v2\/media\/?parent=1918"}],"curies":[{"name":"wp","href":"https:\/\/api.w.org\/{rel}","templated":true}]}}