{"id":1819,"date":"2018-06-22T16:32:19","date_gmt":"2018-06-22T20:32:19","guid":{"rendered":"https:\/\/costabrazil.com\/airpass-brasil\/"},"modified":"2018-06-27T12:38:09","modified_gmt":"2018-06-27T16:38:09","slug":"airpass-brasil","status":"publish","type":"page","link":"https:\/\/costabrazil.com\/pt-br\/airpass-brasil\/","title":{"rendered":"Airpass Brasil"},"content":{"rendered":"<p>[vc_row css=&#8221;.vc_custom_1527777210028{padding-top: 40px !important;}&#8221;][vc_column]<div id=\"ultimate-heading-59069d6144d6980c\" class=\"uvc-heading ult-adjust-bottom-margin ultimate-heading-59069d6144d6980c uvc-3395 \" data-hspacer=\"no_spacer\"  data-halign=\"center\" style=\"text-align:center\"><div class=\"uvc-heading-spacer no_spacer\" style=\"top\"><\/div><div class=\"uvc-main-heading ult-responsive\"  data-ultimate-target='.uvc-heading.ultimate-heading-59069d6144d6980c h2'  data-responsive-json-new='{\"font-size\":\"desktop:30px;\",\"line-height\":\"\"}' ><h2 style=\"font-weight:normal;color:#253370;margin-bottom:30px;\">AIRPASS BRASIL - AIRPASS AM\u00c9RICA DO SUL<\/h2><\/div><div class=\"uvc-sub-heading ult-responsive\"  data-ultimate-target='.uvc-heading.ultimate-heading-59069d6144d6980c .uvc-sub-heading '  data-responsive-json-new='{\"font-size\":\"desktop:16px;\",\"line-height\":\"\"}'  style=\"font-weight:normal;margin-bottom:40px;\">Viaje pelo Brasil e pela Am\u00e9rica do Sul por um pre\u00e7o baixo usando o Airpass Brasil e Am\u00e9rica do Sul pela GOL Airlines, Azul Airlines.<\/div><\/div>[\/vc_column][\/vc_row][vc_row][vc_column css=&#8221;.vc_custom_1527779150439{border-top-width: 2px !important;border-right-width: 2px !important;border-bottom-width: 2px !important;border-left-width: 2px !important;padding-top: 0px !important;padding-right: 0px !important;padding-bottom: 0px !important;padding-left: 0px !important;background-color: #ffffff !important;border-left-color: #f9f9f9 !important;border-left-style: solid !important;border-right-color: #f9f9f9 !important;border-right-style: solid !important;border-top-color: #f9f9f9 !important;border-top-style: solid !important;border-bottom-color: #f9f9f9 !important;border-bottom-style: solid !important;}&#8221;][vc_column_text]<\/p>\n<table>\n<tbody>\n<tr>\n<td width=\"320\">\n<h4 style=\"text-align: center;\">Airpass<\/h4>\n<\/td>\n<td style=\"text-align: center;\" width=\"400\">\n<h4>Descri\u00e7\u00e3o<\/h4>\n<\/td>\n<td width=\"300\">\n<h4 style=\"text-align: center;\">Valor come\u00e7ando em<\/h4>\n<\/td>\n<\/tr>\n<tr>\n<td rowspan=\"2\" width=\"156\"><img loading=\"lazy\" class=\"alignnone wp-image-1761 size-medium\" src=\"https:\/\/costabrazil.com\/wp-content\/uploads\/2018\/05\/Azul_Brazilian_Airlines_logo-90h-300x80.png\" alt=\"\" width=\"300\" height=\"80\" srcset=\"https:\/\/costabrazil.com\/wp-content\/uploads\/2018\/05\/Azul_Brazilian_Airlines_logo-90h-300x80.png 300w, https:\/\/costabrazil.com\/wp-content\/uploads\/2018\/05\/Azul_Brazilian_Airlines_logo-90h.png 337w\" sizes=\"(max-width: 300px) 100vw, 300px\" \/><\/td>\n<td rowspan=\"2\" width=\"156\">\n<h5>O n\u00famero de dias come\u00e7a a contar na data em que voc\u00ea chega no Brasil.<\/h5>\n<\/td>\n<td width=\"156\"><strong>US$ 399 <\/strong> + taxas<br \/>\nVoos ilimitados para 10 dias Azul<\/td>\n<\/tr>\n<tr>\n<td width=\"156\"><strong>US$ 499 <\/strong> + taxas<br \/>\nQuaisquer 4 voos pela\u00a0Azul<\/td>\n<\/tr>\n<tr>\n<td rowspan=\"2\" width=\"156\"><img loading=\"lazy\" class=\"wp-image-1762 size-full aligncenter\" src=\"https:\/\/costabrazil.com\/wp-content\/uploads\/2018\/05\/GOL_logo-90h.png\" alt=\"\" width=\"218\" height=\"90\" \/><\/td>\n<td rowspan=\"2\" width=\"156\">\n<h5>Viaje dentro do Brasil em qualquer voo da GOL Airlines por 90 dias.<\/h5>\n<\/td>\n<td width=\"156\"><strong>US$ 505 <\/strong> + taxas<br \/>\nQuaisquer 4 voos pela\u00a0GOL<\/td>\n<\/tr>\n<tr>\n<td width=\"156\"><strong>US$ 628 <\/strong> + taxas<br \/>\nQuaisquer 5 voos pela\u00a0GOL<\/td>\n<\/tr>\n<\/tbody>\n<\/table>\n<p>[\/vc_column_text][\/vc_column][\/vc_row][vc_row bg_type=&#8221;bg_color&#8221; bg_override=&#8221;ex-full&#8221; css=&#8221;.vc_custom_1527782870783{padding-top: 40px !important;}&#8221; bg_color_value=&#8221;#f2f2f2&#8243;][vc_column]<div id=\"ultimate-heading-558769d6144d6986e\" class=\"uvc-heading ult-adjust-bottom-margin ultimate-heading-558769d6144d6986e uvc-1651 \" data-hspacer=\"no_spacer\"  data-halign=\"center\" style=\"text-align:center\"><div class=\"uvc-heading-spacer no_spacer\" style=\"top\"><\/div><div class=\"uvc-main-heading ult-responsive\"  data-ultimate-target='.uvc-heading.ultimate-heading-558769d6144d6986e h2'  data-responsive-json-new='{\"font-size\":\"desktop:30px;\",\"line-height\":\"\"}' ><h2 style=\"font-weight:normal;color:#253370;margin-bottom:30px;\">Formul\u00e1rio de Planejamento do Airpass<\/h2><\/div><div class=\"uvc-sub-heading ult-responsive\"  data-ultimate-target='.uvc-heading.ultimate-heading-558769d6144d6986e .uvc-sub-heading '  data-responsive-json-new='{\"font-size\":\"desktop:16px;\",\"line-height\":\"\"}'  style=\"font-weight:normal;margin-bottom:40px;\">Por favor, preencha o Formul\u00e1rio de Planejamento do Airpass abaixo e entraremos em contato com voc\u00ea em breve com mais detalhes.<\/div><\/div><div role=\"form\" class=\"wpcf7\" id=\"wpcf7-f1770-o1\" lang=\"en-US\" dir=\"ltr\">\n<div class=\"screen-reader-response\"><\/div>\n<form action=\"\/pt-br\/wp-json\/wp\/v2\/pages\/1819#wpcf7-f1770-o1\" method=\"post\" class=\"wpcf7-form\" novalidate=\"novalidate\">\n<div style=\"display: none;\">\n<input type=\"hidden\" name=\"_wpcf7\" value=\"1770\" \/>\n<input type=\"hidden\" name=\"_wpcf7_version\" value=\"5.1.6\" \/>\n<input type=\"hidden\" name=\"_wpcf7_locale\" value=\"en_US\" \/>\n<input type=\"hidden\" name=\"_wpcf7_unit_tag\" value=\"wpcf7-f1770-o1\" \/>\n<input type=\"hidden\" name=\"_wpcf7_container_post\" value=\"0\" \/>\n<\/div>\n<table>\n<tr>\n<td colspan=\"2\">\n<h2 style=\"color:#253370;\">Contact Details<\/h2>\n<\/td>\n<\/tr>\n<tr>\n<td> <span class=\"wpcf7-form-control-wrap your-firstname\"><input type=\"text\" name=\"your-firstname\" value=\"\" size=\"40\" class=\"wpcf7-form-control wpcf7-text wpcf7-validates-as-required\" aria-required=\"true\" aria-invalid=\"false\" placeholder=\"First Name*\" \/><\/span> <\/td>\n<td> <span class=\"wpcf7-form-control-wrap your-lastname\"><input type=\"text\" name=\"your-lastname\" value=\"\" size=\"40\" class=\"wpcf7-form-control wpcf7-text wpcf7-validates-as-required\" aria-required=\"true\" aria-invalid=\"false\" placeholder=\"last Name*\" \/><\/span> <\/td>\n<\/tr>\n<tr>\n<td><span class=\"wpcf7-form-control-wrap email\"><input type=\"email\" name=\"email\" value=\"\" size=\"40\" class=\"wpcf7-form-control wpcf7-text wpcf7-email wpcf7-validates-as-required wpcf7-validates-as-email\" aria-required=\"true\" aria-invalid=\"false\" placeholder=\"Email*\" \/><\/span><\/td>\n<td><span class=\"wpcf7-form-control-wrap phone\"><input type=\"text\" name=\"phone\" value=\"\" size=\"40\" class=\"wpcf7-form-control wpcf7-text wpcf7-validates-as-required\" aria-required=\"true\" aria-invalid=\"false\" placeholder=\"Phone*\" \/><\/span><\/td>\n<\/tr>\n<tr>\n<td colspan=\"2\">\n<h4 style=\"color:#253370;\">Number of Passengers*<\/h4>\n<\/td>\n<\/tr>\n<tr>\n<td><span class=\"wpcf7-form-control-wrap num-passengers\"><select name=\"num-passengers\" class=\"wpcf7-form-control wpcf7-select wpcf7-validates-as-required\" aria-required=\"true\" aria-invalid=\"false\"><option value=\"1\">1<\/option><option value=\"2\">2<\/option><option value=\"3\">3<\/option><option value=\"4\">4<\/option><option value=\"GROUP\">GROUP<\/option><\/select><\/span><\/td>\n<td><\/td>\n<\/tr>\n<tr>\n<td colspan=\"2\">\n<h2 style=\"color:#253370;\">Passenger Names*<\/h2>\n<\/td>\n<\/tr>\n<td colspan=\"2\"> <span class=\"wpcf7-form-control-wrap your-message\"><textarea name=\"your-message\" cols=\"40\" rows=\"10\" class=\"wpcf7-form-control wpcf7-textarea\" aria-invalid=\"false\" placeholder=\"Enter one passenger&#039;s full name per line.\"><\/textarea><\/span> <\/td>\n<\/tr>\n<\/table>\n<table>\n<tr>\n<td colspan=\"3\">\n<h2 style=\"color:#253370;\">1st Flight<\/h2>\n<\/td>\n<\/tr>\n<tr>\n<td>\n<h4 style=\"color:#253370;\">Departing From:<\/h4>\n<\/td>\n<td>\n<h4 style=\"color:#253370;\">Destination:<\/h4>\n<\/td>\n<td>\n<h4 style=\"color:#253370;\">Date:<\/h4>\n<\/td>\n<\/tr>\n<tr>\n<td><span class=\"wpcf7-form-control-wrap from-1\"><input type=\"text\" name=\"from-1\" value=\"\" size=\"40\" class=\"wpcf7-form-control wpcf7-text\" aria-invalid=\"false\" placeholder=\"Please input City or airport\" \/><\/span><\/td>\n<td><span class=\"wpcf7-form-control-wrap dest-1\"><input type=\"text\" name=\"dest-1\" value=\"\" size=\"40\" class=\"wpcf7-form-control wpcf7-text\" aria-invalid=\"false\" placeholder=\"Please input City or airport\" \/><\/span><\/td>\n<td><span class=\"wpcf7-form-control-wrap date1\"><input type=\"date\" name=\"date1\" value=\"\" class=\"wpcf7-form-control wpcf7-date wpcf7-validates-as-date\" aria-invalid=\"false\" placeholder=\"Please select\" \/><\/span> <\/td>\n<\/tr>\n<tr>\n<td colspan=\"3\">\n<h2 style=\"color:#253370;\">2nd Flight<\/h2>\n<\/td>\n<\/tr>\n<tr>\n<td>\n<h4 style=\"color:#253370;\">Departing From:<\/h4>\n<\/td>\n<td>\n<h4 style=\"color:#253370;\">Destination:<\/h4>\n<\/td>\n<td>\n<h4 style=\"color:#253370;\">Date:<\/h4>\n<\/td>\n<\/tr>\n<tr>\n<td><span class=\"wpcf7-form-control-wrap from-2\"><input type=\"text\" name=\"from-2\" value=\"\" size=\"40\" class=\"wpcf7-form-control wpcf7-text\" aria-invalid=\"false\" placeholder=\"Please input City or airport\" \/><\/span><\/td>\n<td><span class=\"wpcf7-form-control-wrap dest-2\"><input type=\"text\" name=\"dest-2\" value=\"\" size=\"40\" class=\"wpcf7-form-control wpcf7-text\" aria-invalid=\"false\" placeholder=\"Please input City or airport\" \/><\/span><\/td>\n<td><span class=\"wpcf7-form-control-wrap date2\"><input type=\"date\" name=\"date2\" value=\"\" class=\"wpcf7-form-control wpcf7-date wpcf7-validates-as-date\" aria-invalid=\"false\" placeholder=\"Please select\" \/><\/span><\/td>\n<\/tr>\n<tr>\n<td colspan=\"3\">\n<h2 style=\"color:#253370;\">3rd Flight<\/h2>\n<\/td>\n<\/tr>\n<tr>\n<td>\n<h4 style=\"color:#253370;\">Departing From:<\/h4>\n<\/td>\n<td>\n<h4 style=\"color:#253370;\">Destination:<\/h4>\n<\/td>\n<td>\n<h4 style=\"color:#253370;\">Date:<\/h4>\n<\/td>\n<\/tr>\n<tr>\n<td><span class=\"wpcf7-form-control-wrap from-3\"><input type=\"text\" name=\"from-3\" value=\"\" size=\"40\" class=\"wpcf7-form-control wpcf7-text\" aria-invalid=\"false\" placeholder=\"Please input City or airport\" \/><\/span><\/td>\n<td><span class=\"wpcf7-form-control-wrap dest-3\"><input type=\"text\" name=\"dest-3\" value=\"\" size=\"40\" class=\"wpcf7-form-control wpcf7-text\" aria-invalid=\"false\" placeholder=\"Please input City or airport\" \/><\/span><\/td>\n<td><span class=\"wpcf7-form-control-wrap date3\"><input type=\"date\" name=\"date3\" value=\"\" class=\"wpcf7-form-control wpcf7-date wpcf7-validates-as-date\" aria-invalid=\"false\" placeholder=\"Please select\" \/><\/span><\/td>\n<\/tr>\n<tr>\n<td colspan=\"3\">\n<h2 style=\"color:#253370;\">4yh Flight<\/h2>\n<\/td>\n<\/tr>\n<tr>\n<td>\n<h4 style=\"color:#253370;\">Departing From:<\/h4>\n<\/td>\n<td>\n<h4 style=\"color:#253370;\">Destination:<\/h4>\n<\/td>\n<td>\n<h4 style=\"color:#253370;\">Date:<\/h4>\n<\/td>\n<\/tr>\n<tr>\n<td><span class=\"wpcf7-form-control-wrap from-4\"><input type=\"text\" name=\"from-4\" value=\"\" size=\"40\" class=\"wpcf7-form-control wpcf7-text\" aria-invalid=\"false\" placeholder=\"Please input City or airport\" \/><\/span><\/td>\n<td><span class=\"wpcf7-form-control-wrap dest-4\"><input type=\"text\" name=\"dest-4\" value=\"\" size=\"40\" class=\"wpcf7-form-control wpcf7-text\" aria-invalid=\"false\" placeholder=\"Please input City or airport\" \/><\/span><\/td>\n<td><span class=\"wpcf7-form-control-wrap date4\"><input type=\"date\" name=\"date4\" value=\"\" class=\"wpcf7-form-control wpcf7-date wpcf7-validates-as-date\" aria-invalid=\"false\" placeholder=\"Please select\" \/><\/span><\/td>\n<\/tr>\n<tr>\n<td colspan=\"3\">\n<h2 style=\"color:#253370;\">5th Flight<\/h2>\n<\/td>\n<\/tr>\n<tr>\n<td>\n<h4 style=\"color:#253370;\">Departing From:<\/h4>\n<\/td>\n<td>\n<h4 style=\"color:#253370;\">Destination:<\/h4>\n<\/td>\n<td>\n<h4 style=\"color:#253370;\">Date:<\/h4>\n<\/td>\n<\/tr>\n<tr>\n<td><span class=\"wpcf7-form-control-wrap from-5\"><input type=\"text\" name=\"from-5\" value=\"\" size=\"40\" class=\"wpcf7-form-control wpcf7-text\" aria-invalid=\"false\" placeholder=\"Please input City or airport\" \/><\/span><\/td>\n<td><span class=\"wpcf7-form-control-wrap dest-5\"><input type=\"text\" name=\"dest-5\" value=\"\" size=\"40\" class=\"wpcf7-form-control wpcf7-text\" aria-invalid=\"false\" placeholder=\"Please input City or airport\" \/><\/span><\/td>\n<td><span class=\"wpcf7-form-control-wrap date5\"><input type=\"date\" name=\"date5\" value=\"\" class=\"wpcf7-form-control wpcf7-date wpcf7-validates-as-date\" aria-invalid=\"false\" placeholder=\"Please select\" \/><\/span><\/td>\n<\/tr>\n<tr>\n<td>\n<h4 style=\"color:#253370;\">What date do you arrive in Brazil?<\/h4>\n<\/td>\n<td colspan=\"2\">\n<h4 style=\"color:#253370;\">What airline you fly to Brazil with?<\/h4>\n<\/td>\n<\/tr>\n<tr>\n<td><span class=\"wpcf7-form-control-wrap date-arrive\"><input type=\"date\" name=\"date-arrive\" value=\"\" class=\"wpcf7-form-control wpcf7-date wpcf7-validates-as-date\" aria-invalid=\"false\" placeholder=\"Please select\" \/><\/span><\/td>\n<td><span class=\"wpcf7-form-control-wrap airline\"><input type=\"text\" name=\"airline\" value=\"\" size=\"40\" class=\"wpcf7-form-control wpcf7-text wpcf7-validates-as-required\" aria-required=\"true\" aria-invalid=\"false\" placeholder=\"Required\" \/><\/span><\/td>\n<td><\/td>\n<\/tr>\n<tr>\n<td colspan=\"2\">\n<h4 style=\"color:#253370;\">International Tickets Numbers<\/h4>\n<\/td>\n<td>\n<h4><\/h4>\n<\/td>\n<\/tr>\n<tr>\n<td colspan=\"2\"><span class=\"wpcf7-form-control-wrap tickets-num\"><textarea name=\"tickets-num\" cols=\"40\" rows=\"10\" class=\"wpcf7-form-control wpcf7-textarea\" aria-invalid=\"false\" placeholder=\"13 digit number - click on link below for information. Please provide one number per line\"><\/textarea><\/span><\/td>\n<td><\/td>\n<\/tr>\n<tr>\n<td colspan=\"3\"><a href=\"\/international-ticket-number\/\"><br \/>\n<h4 style=\"color:#253370;\">?? - CLICK HERE FOR INTERNATIONAL TICKET NUMBER INFORMATION<\/h4>\n<p><\/a><\/td>\n<\/tr>\n<tr>\n<td colspan=\"3\">\n<h4 style=\"color:#253370;\">Comment\/ Notes<\/h4>\n<\/td>\n<\/tr>\n<tr>\n<td colspan=\"3\"><span class=\"wpcf7-form-control-wrap notes\"><textarea name=\"notes\" cols=\"40\" rows=\"10\" class=\"wpcf7-form-control wpcf7-textarea\" aria-invalid=\"false\" placeholder=\"Please enter any special request or additional information\"><\/textarea><\/span><\/td>\n<\/tr>\n<\/table>\n<p><span class=\"wpcf7-form-control-wrap quiz-303\"><label><span class=\"wpcf7-quiz-label\">Security question: 3 + 3 =<\/span> <input type=\"text\" name=\"quiz-303\" size=\"40\" class=\"wpcf7-form-control wpcf7-quiz\" autocomplete=\"off\" aria-required=\"true\" aria-invalid=\"false\" \/><\/label><input type=\"hidden\" name=\"_wpcf7_quiz_answer_quiz-303\" value=\"60293582fb66b17274701709e041c90b\" \/><\/span><br \/>\n<input type=\"submit\" value=\"Send\" class=\"wpcf7-form-control wpcf7-submit\" \/><\/p>\n<div class=\"wpcf7-response-output wpcf7-display-none\"><\/div><\/form><\/div>[\/vc_column][\/vc_row]<\/p>\n","protected":false},"excerpt":{"rendered":"<p>[vc_row css=&#8221;.vc_custom_1527777210028{padding-top: 40px !important;}&#8221;][vc_column][\/vc_column][\/vc_row][vc_row][vc_column css=&#8221;.vc_custom_1527779150439{border-top-width: 2px !important;border-right-width: 2px !important;border-bottom-width: 2px !important;border-left-width: 2px !important;padding-top: 0px !important;padding-right: 0px !important;padding-bottom: 0px !important;padding-left: 0px !important;background-color: #ffffff !important;border-left-color: #f9f9f9 !important;border-left-style: solid !important;border-right-color: #f9f9f9 !important;border-right-style: solid !important;border-top-color: #f9f9f9 !important;border-top-style: solid !important;border-bottom-color: #f9f9f9 !important;border-bottom-style: solid !important;}&#8221;][vc_column_text] Airpass Descri\u00e7\u00e3o Valor come\u00e7ando em O n\u00famero de dias come\u00e7a a contar na data em que&hellip;<\/p>\n","protected":false},"author":1,"featured_media":0,"parent":0,"menu_order":0,"comment_status":"closed","ping_status":"closed","template":"","meta":[],"_links":{"self":[{"href":"https:\/\/costabrazil.com\/pt-br\/wp-json\/wp\/v2\/pages\/1819\/"}],"collection":[{"href":"https:\/\/costabrazil.com\/pt-br\/wp-json\/wp\/v2\/pages\/"}],"about":[{"href":"https:\/\/costabrazil.com\/pt-br\/wp-json\/wp\/v2\/types\/page\/"}],"author":[{"embeddable":true,"href":"https:\/\/costabrazil.com\/pt-br\/wp-json\/wp\/v2\/users\/1\/"}],"replies":[{"embeddable":true,"href":"https:\/\/costabrazil.com\/pt-br\/wp-json\/wp\/v2\/comments\/?post=1819"}],"version-history":[{"count":5,"href":"https:\/\/costabrazil.com\/pt-br\/wp-json\/wp\/v2\/pages\/1819\/revisions\/"}],"predecessor-version":[{"id":1829,"href":"https:\/\/costabrazil.com\/pt-br\/wp-json\/wp\/v2\/pages\/1819\/revisions\/1829\/"}],"wp:attachment":[{"href":"https:\/\/costabrazil.com\/pt-br\/wp-json\/wp\/v2\/media\/?parent=1819"}],"curies":[{"name":"wp","href":"https:\/\/api.w.org\/{rel}","templated":true}]}}